{"id":120,"date":"2021-12-17T13:35:02","date_gmt":"2021-12-17T13:35:02","guid":{"rendered":"http:\/\/wordpress.para-agility.nl\/?page_id=120"},"modified":"2022-01-20T20:45:38","modified_gmt":"2022-01-20T20:45:38","slug":"3e-paragility-world-cup-2004","status":"publish","type":"page","link":"http:\/\/para-agility.nl\/?page_id=120","title":{"rendered":"3e ParAgility World Championship 2004"},"content":{"rendered":"\n<figure class=\"wp-block-image size-full\"><img loading=\"lazy\" decoding=\"async\" width=\"383\" height=\"287\" src=\"http:\/\/para-agility.nl\/wp-content\/uploads\/2021\/09\/logo-Para-IMCA-Logo2004.jpg\" alt=\"\" class=\"wp-image-121\" srcset=\"http:\/\/para-agility.nl\/wp-content\/uploads\/2021\/09\/logo-Para-IMCA-Logo2004.jpg 383w, http:\/\/para-agility.nl\/wp-content\/uploads\/2021\/09\/logo-Para-IMCA-Logo2004-300x225.jpg 300w\" sizes=\"auto, (max-width: 383px) 100vw, 383px\" \/><\/figure>\n\n\n\n<p>Van <strong>27 tot en met&nbsp;29 Augustus&nbsp; 2004 <\/strong>werd gehouden in Purkersdorf vlakbij&nbsp; Wenen in Oostenrijk de <strong>5e&nbsp; IMCA &amp; 3e PAWC<\/strong> <strong>2004!<\/strong><\/p>\n\n\n\n<p>De 5e International Mix&amp;breed Championship&nbsp; Agility &amp; de 3e ParAgility World Cup 2004 was open voor alle honden, zowel ras als rasloos!<\/p>\n\n\n\n<p>Totaal waren er ongeveer 150 deelnemers uit 15 verschillende landen, waaronder een deelnemer uit Mexico en twee deelneemsters uit Zuid Afrika.<\/p>\n\n\n\n<figure class=\"wp-block-image size-large\"><img loading=\"lazy\" decoding=\"async\" width=\"743\" height=\"1024\" src=\"http:\/\/para-agility.nl\/wp-content\/uploads\/2021\/09\/Janet-en-Jackie-PAWC-2004-02-743x1024.jpg\" alt=\"\" class=\"wp-image-122\" srcset=\"http:\/\/para-agility.nl\/wp-content\/uploads\/2021\/09\/Janet-en-Jackie-PAWC-2004-02-743x1024.jpg 743w, http:\/\/para-agility.nl\/wp-content\/uploads\/2021\/09\/Janet-en-Jackie-PAWC-2004-02-218x300.jpg 218w, http:\/\/para-agility.nl\/wp-content\/uploads\/2021\/09\/Janet-en-Jackie-PAWC-2004-02-768x1059.jpg 768w, http:\/\/para-agility.nl\/wp-content\/uploads\/2021\/09\/Janet-en-Jackie-PAWC-2004-02.jpg 794w\" sizes=\"auto, (max-width: 706px) 89vw, (max-width: 767px) 82vw, 740px\" \/><figcaption><strong><em>Jackie Duncan-Smith ( IMCA)<\/em><\/strong> <strong><em>en Janet Sandell ( PAWC) uit Zuid Afrika<\/em><\/strong><\/figcaption><\/figure>\n\n\n\n<figure class=\"wp-block-image size-full is-resized\"><img loading=\"lazy\" decoding=\"async\" src=\"http:\/\/para-agility.nl\/wp-content\/uploads\/2021\/09\/image.png\" alt=\"\" class=\"wp-image-123\" width=\"311\" height=\"466\" srcset=\"http:\/\/para-agility.nl\/wp-content\/uploads\/2021\/09\/image.png 311w, http:\/\/para-agility.nl\/wp-content\/uploads\/2021\/09\/image-200x300.png 200w\" sizes=\"auto, (max-width: 311px) 100vw, 311px\" \/><figcaption><strong><em>Guillermo Saenz ( IMCA) uit Mexico<\/em><\/strong><\/figcaption><\/figure>\n\n\n\n<p>Dit jaar bestond de groep deelnemers voor de ParAgility World Cup uit 22&nbsp;handlers met totaal 28 deelnemende honden.<br>Geweldig, het aantal deelnemers voor de PAWC stijgt enorm!!<\/p>\n\n\n\n<figure class=\"wp-block-image size-full\"><img loading=\"lazy\" decoding=\"async\" width=\"792\" height=\"350\" src=\"http:\/\/para-agility.nl\/wp-content\/uploads\/2021\/09\/image-1.png\" alt=\"\" class=\"wp-image-124\" srcset=\"http:\/\/para-agility.nl\/wp-content\/uploads\/2021\/09\/image-1.png 792w, http:\/\/para-agility.nl\/wp-content\/uploads\/2021\/09\/image-1-300x133.png 300w, http:\/\/para-agility.nl\/wp-content\/uploads\/2021\/09\/image-1-768x339.png 768w\" sizes=\"auto, (max-width: 767px) 89vw, (max-width: 1000px) 54vw, (max-width: 1071px) 543px, 580px\" \/><figcaption><strong><em>Deelnemers PAWC 2004<\/em><\/strong><\/figcaption><\/figure>\n\n\n\n<figure class=\"wp-block-image size-full\"><img loading=\"lazy\" decoding=\"async\" width=\"451\" height=\"341\" src=\"http:\/\/para-agility.nl\/wp-content\/uploads\/2021\/09\/image-2.png\" alt=\"\" class=\"wp-image-125\" srcset=\"http:\/\/para-agility.nl\/wp-content\/uploads\/2021\/09\/image-2.png 451w, http:\/\/para-agility.nl\/wp-content\/uploads\/2021\/09\/image-2-300x227.png 300w\" sizes=\"auto, (max-width: 451px) 100vw, 451px\" \/><figcaption><strong><em>Niet altijd alleen agility&#8230;..veel waterpret na de wedstrijden!<\/em><\/strong><\/figcaption><\/figure>\n\n\n\n<figure class=\"wp-block-image size-full\"><img loading=\"lazy\" decoding=\"async\" width=\"326\" height=\"433\" src=\"http:\/\/para-agility.nl\/wp-content\/uploads\/2021\/09\/image-3.png\" alt=\"\" class=\"wp-image-126\" srcset=\"http:\/\/para-agility.nl\/wp-content\/uploads\/2021\/09\/image-3.png 326w, http:\/\/para-agility.nl\/wp-content\/uploads\/2021\/09\/image-3-226x300.png 226w\" sizes=\"auto, (max-width: 326px) 100vw, 326px\" \/><figcaption><strong><em>&#8217;n kleine party bij thuiskomst<\/em><\/strong><\/figcaption><\/figure>\n\n\n\n<p><strong>Winnaars totaalklassement per groep van handicap:<\/strong><br><\/p>\n\n\n\n<figure class=\"wp-block-image size-full\"><img loading=\"lazy\" decoding=\"async\" width=\"319\" height=\"318\" src=\"http:\/\/para-agility.nl\/wp-content\/uploads\/2021\/09\/image-4.png\" alt=\"\" class=\"wp-image-127\" srcset=\"http:\/\/para-agility.nl\/wp-content\/uploads\/2021\/09\/image-4.png 319w, http:\/\/para-agility.nl\/wp-content\/uploads\/2021\/09\/image-4-300x300.png 300w, http:\/\/para-agility.nl\/wp-content\/uploads\/2021\/09\/image-4-150x150.png 150w, http:\/\/para-agility.nl\/wp-content\/uploads\/2021\/09\/image-4-100x100.png 100w\" sizes=\"auto, (max-width: 319px) 100vw, 319px\" \/><figcaption><strong><em>groep 4:<br>nr.3: Zuzanna Rozov\u00e1<br>nr.2: Zuzanna Rozov\u00e1<br>nr.1: Zuzanna Rozov\u00e1<\/em><\/strong><\/figcaption><\/figure>\n\n\n\n<figure class=\"wp-block-image size-full\"><img loading=\"lazy\" decoding=\"async\" width=\"406\" height=\"283\" src=\"http:\/\/para-agility.nl\/wp-content\/uploads\/2021\/09\/image-5.png\" alt=\"\" class=\"wp-image-128\" srcset=\"http:\/\/para-agility.nl\/wp-content\/uploads\/2021\/09\/image-5.png 406w, http:\/\/para-agility.nl\/wp-content\/uploads\/2021\/09\/image-5-300x209.png 300w\" sizes=\"auto, (max-width: 406px) 100vw, 406px\" \/><figcaption><em><strong>groep 3:<\/strong><\/em><strong><em><br>nr.3: Marie Pangr\u00e1cov\u00e1<br>nr.2: Jitka Lebedov\u00e1<br>nr.1: Peter Kurtz<\/em><\/strong><\/figcaption><\/figure>\n\n\n\n<figure class=\"wp-block-image size-full\"><img loading=\"lazy\" decoding=\"async\" width=\"431\" height=\"254\" src=\"http:\/\/para-agility.nl\/wp-content\/uploads\/2021\/09\/image-6.png\" alt=\"\" class=\"wp-image-129\" srcset=\"http:\/\/para-agility.nl\/wp-content\/uploads\/2021\/09\/image-6.png 431w, http:\/\/para-agility.nl\/wp-content\/uploads\/2021\/09\/image-6-300x177.png 300w\" sizes=\"auto, (max-width: 431px) 100vw, 431px\" \/><figcaption><strong><em>groep 2:<br>nr.2: Juan Gramage<br>nr.1: Rich\u00e1rd M\u00e1nyik<\/em><\/strong><\/figcaption><\/figure>\n\n\n\n<figure class=\"wp-block-image size-full\"><img loading=\"lazy\" decoding=\"async\" width=\"348\" height=\"297\" src=\"http:\/\/para-agility.nl\/wp-content\/uploads\/2021\/09\/image-7.png\" alt=\"\" class=\"wp-image-130\" srcset=\"http:\/\/para-agility.nl\/wp-content\/uploads\/2021\/09\/image-7.png 348w, http:\/\/para-agility.nl\/wp-content\/uploads\/2021\/09\/image-7-300x256.png 300w\" sizes=\"auto, (max-width: 348px) 100vw, 348px\" \/><figcaption><em><strong>groep 1:<br>&nbsp;nr.2: Agnes Magyary<br>nr.1: Susan Rekveld<\/strong><\/em><\/figcaption><\/figure>\n\n\n\n<ul class=\"wp-block-list\"><li><a href=\"http:\/\/para-agility.nl\/?page_id=633\"><strong>Terug naar Pagina: Alle informatie PAWC<\/strong><\/a><\/li><\/ul>\n","protected":false},"excerpt":{"rendered":"<p>Van 27 tot en met&nbsp;29 Augustus&nbsp; 2004 werd gehouden in Purkersdorf vlakbij&nbsp; Wenen in Oostenrijk de 5e&nbsp; IMCA &amp; 3e PAWC 2004! De 5e International Mix&amp;breed Championship&nbsp; Agility &amp; de 3e ParAgility World Cup 2004 was open voor alle honden, zowel ras als rasloos! Totaal waren er ongeveer 150 deelnemers uit 15 verschillende landen, waaronder &hellip; <\/p>\n<p class=\"link-more\"><a href=\"http:\/\/para-agility.nl\/?page_id=120\" class=\"more-link\">Lees verder <span class=\"screen-reader-text\">&#8220;3e ParAgility World Championship 2004&#8221;<\/span><\/a><\/p>\n","protected":false},"author":1,"featured_media":0,"parent":0,"menu_order":0,"comment_status":"closed","ping_status":"closed","template":"","meta":{"footnotes":""},"class_list":["post-120","page","type-page","status-publish","hentry"],"_links":{"self":[{"href":"http:\/\/para-agility.nl\/index.php?rest_route=\/wp\/v2\/pages\/120","targetHints":{"allow":["GET"]}}],"collection":[{"href":"http:\/\/para-agility.nl\/index.php?rest_route=\/wp\/v2\/pages"}],"about":[{"href":"http:\/\/para-agility.nl\/index.php?rest_route=\/wp\/v2\/types\/page"}],"author":[{"embeddable":true,"href":"http:\/\/para-agility.nl\/index.php?rest_route=\/wp\/v2\/users\/1"}],"replies":[{"embeddable":true,"href":"http:\/\/para-agility.nl\/index.php?rest_route=%2Fwp%2Fv2%2Fcomments&post=120"}],"version-history":[{"count":7,"href":"http:\/\/para-agility.nl\/index.php?rest_route=\/wp\/v2\/pages\/120\/revisions"}],"predecessor-version":[{"id":1585,"href":"http:\/\/para-agility.nl\/index.php?rest_route=\/wp\/v2\/pages\/120\/revisions\/1585"}],"wp:attachment":[{"href":"http:\/\/para-agility.nl\/index.php?rest_route=%2Fwp%2Fv2%2Fmedia&parent=120"}],"curies":[{"name":"wp","href":"https:\/\/api.w.org\/{rel}","templated":true}]}}