{"id":170,"date":"2022-01-16T13:49:54","date_gmt":"2022-01-16T13:49:54","guid":{"rendered":"http:\/\/wordpress.para-agility.nl\/?page_id=170"},"modified":"2022-01-20T20:44:55","modified_gmt":"2022-01-20T20:44:55","slug":"4e-paragility-world-championship-2005","status":"publish","type":"page","link":"http:\/\/para-agility.nl\/?page_id=170","title":{"rendered":"4e ParAgility World Championship 2005"},"content":{"rendered":"\n<figure class=\"wp-block-image size-full\"><img loading=\"lazy\" decoding=\"async\" width=\"248\" height=\"209\" src=\"http:\/\/para-agility.nl\/wp-content\/uploads\/2021\/09\/image-26.png\" alt=\"\" class=\"wp-image-171\"\/><\/figure>\n\n\n\n<p>De 6e IMCA &amp; 4e PAWC werd gehouden van 20 t\/m 23 oktober 2005 in Celle Ligure in Noord-Itali\u00eb.<br>Weer een geweldig sportief agility evenement voor zowel valide handlers ( IMCA) als handlers met een handicap (PAWC) met dit jaar totaal bijna 170 deelnemers.<br>Dit jaar niet zo&#8217;n groot aantal inschrijvingen voor de PAWC, totaal 13 handlers met 14 honden. Verschillende deelnemers konden dit jaar niet inschrijven, doordat men zelf of de hond geblesseerd was.<br>Ook ik met mijn hond Quita konden door blessure van de hond niet deelnemen.<br>Wij waren afgereisd naar Ital\u00eb om daar de presentatie te verzorgen van de<br>7e IMCA &amp; 5e PAWC 2006 in Nederland.<br>Hopelijk is iedereen volgend jaar in Nederland weer present!<\/p>\n\n\n\n<figure class=\"wp-block-image size-full\"><img loading=\"lazy\" decoding=\"async\" width=\"830\" height=\"311\" src=\"http:\/\/para-agility.nl\/wp-content\/uploads\/2021\/09\/image-27.png\" alt=\"\" class=\"wp-image-172\" srcset=\"http:\/\/para-agility.nl\/wp-content\/uploads\/2021\/09\/image-27.png 830w, http:\/\/para-agility.nl\/wp-content\/uploads\/2021\/09\/image-27-300x112.png 300w, http:\/\/para-agility.nl\/wp-content\/uploads\/2021\/09\/image-27-768x288.png 768w\" sizes=\"auto, (max-width: 767px) 89vw, (max-width: 1000px) 54vw, (max-width: 1071px) 543px, 580px\" \/><figcaption><em><strong>deelnemers 4e ParAgility World Cup 2005<\/strong><\/em><\/figcaption><\/figure>\n\n\n\n<p>Keurmeesters PAWC 2005 waren Arnaldo Benini (Italie) en Arpad Toth (Hongarije).<\/p>\n\n\n\n<p><strong><em>Parkoersen PAWC 2005<\/em><\/strong>:<\/p>\n\n\n\n<figure class=\"wp-block-image size-large\"><img loading=\"lazy\" decoding=\"async\" width=\"541\" height=\"1024\" src=\"http:\/\/para-agility.nl\/wp-content\/uploads\/2021\/11\/image-71-541x1024.png\" alt=\"\" class=\"wp-image-341\" srcset=\"http:\/\/para-agility.nl\/wp-content\/uploads\/2021\/11\/image-71-541x1024.png 541w, http:\/\/para-agility.nl\/wp-content\/uploads\/2021\/11\/image-71-158x300.png 158w, http:\/\/para-agility.nl\/wp-content\/uploads\/2021\/11\/image-71.png 758w\" sizes=\"auto, (max-width: 541px) 100vw, 541px\" \/><\/figure>\n\n\n\n<figure class=\"wp-block-image size-large\"><img loading=\"lazy\" decoding=\"async\" width=\"625\" height=\"1024\" src=\"http:\/\/para-agility.nl\/wp-content\/uploads\/2021\/11\/image-72-625x1024.png\" alt=\"\" class=\"wp-image-342\" srcset=\"http:\/\/para-agility.nl\/wp-content\/uploads\/2021\/11\/image-72-625x1024.png 625w, http:\/\/para-agility.nl\/wp-content\/uploads\/2021\/11\/image-72-183x300.png 183w, http:\/\/para-agility.nl\/wp-content\/uploads\/2021\/11\/image-72-768x1257.png 768w, http:\/\/para-agility.nl\/wp-content\/uploads\/2021\/11\/image-72-938x1536.png 938w, http:\/\/para-agility.nl\/wp-content\/uploads\/2021\/11\/image-72.png 976w\" sizes=\"auto, (max-width: 625px) 100vw, 625px\" \/><\/figure>\n\n\n\n<p><strong>Uitslagen 4e ParAgility World Cup 2005 eindklassement : <\/strong><\/p>\n\n\n\n<p>groep 1:<br>1e plaats <\/p>\n\n\n\n<figure class=\"wp-block-image size-full\"><img loading=\"lazy\" decoding=\"async\" width=\"100\" height=\"195\" src=\"http:\/\/para-agility.nl\/wp-content\/uploads\/2021\/09\/image-28.png\" alt=\"\" class=\"wp-image-173\"\/><figcaption><strong><em>1e plaats:<\/em><\/strong> <strong><em>Agnes Magyary &amp; Durmy ( Hongarije<\/em><\/strong><\/figcaption><\/figure>\n\n\n\n<figure class=\"wp-block-image size-full\"><img loading=\"lazy\" decoding=\"async\" width=\"126\" height=\"179\" src=\"http:\/\/para-agility.nl\/wp-content\/uploads\/2021\/09\/image-29.png\" alt=\"\" class=\"wp-image-174\"\/><figcaption><strong><em>2e plaats: <\/em><\/strong><em><strong>Alex Grimus &amp; Nelson ( Oostenrijk)<\/strong><\/em><\/figcaption><\/figure>\n\n\n\n<p>groep 2:<br><\/p>\n\n\n\n<figure class=\"wp-block-image size-full\"><img loading=\"lazy\" decoding=\"async\" width=\"109\" height=\"194\" src=\"http:\/\/para-agility.nl\/wp-content\/uploads\/2021\/09\/image-30.png\" alt=\"\" class=\"wp-image-175\"\/><figcaption><em><strong> 1e plaats: <\/strong><\/em> <strong><em>Rich\u00e0rd M\u00e0nyik &amp; Filip (Hongarije)<\/em><\/strong><\/figcaption><\/figure>\n\n\n\n<figure class=\"wp-block-image size-full\"><img loading=\"lazy\" decoding=\"async\" width=\"157\" height=\"121\" src=\"http:\/\/para-agility.nl\/wp-content\/uploads\/2021\/09\/image-31.png\" alt=\"\" class=\"wp-image-176\"\/><figcaption><strong><em>2e plaats: Juan Gramage &amp; Mora ( Spanje)<\/em><\/strong><\/figcaption><\/figure>\n\n\n\n<figure class=\"wp-block-image size-full\"><img loading=\"lazy\" decoding=\"async\" width=\"206\" height=\"158\" src=\"http:\/\/para-agility.nl\/wp-content\/uploads\/2021\/09\/image-32.png\" alt=\"\" class=\"wp-image-177\"\/><figcaption><em><strong>3e plaats: Adelheid Hnat &amp; Meyra ( Oostenrijk)<\/strong><\/em><\/figcaption><\/figure>\n\n\n\n<p>Groep 3:<\/p>\n\n\n\n<figure class=\"wp-block-image size-full\"><img loading=\"lazy\" decoding=\"async\" width=\"123\" height=\"164\" src=\"http:\/\/para-agility.nl\/wp-content\/uploads\/2021\/09\/image-33.png\" alt=\"\" class=\"wp-image-178\"\/><figcaption><em><strong>1e plaats: Marie Pangr\u00e1cov\u00e1 &amp; Rek ( Tsjechi\u00eb )<\/strong><\/em><\/figcaption><\/figure>\n\n\n\n<figure class=\"wp-block-image size-full\"><img loading=\"lazy\" decoding=\"async\" width=\"123\" height=\"164\" src=\"http:\/\/para-agility.nl\/wp-content\/uploads\/2021\/09\/image-34.png\" alt=\"\" class=\"wp-image-179\"\/><figcaption><em><strong>2e plaats: Adriano Pogliano &amp; Thomas ( Itali\u00eb )<\/strong><\/em><\/figcaption><\/figure>\n\n\n\n<figure class=\"wp-block-image size-full\"><img loading=\"lazy\" decoding=\"async\" width=\"118\" height=\"167\" src=\"http:\/\/para-agility.nl\/wp-content\/uploads\/2021\/09\/image-35.png\" alt=\"\" class=\"wp-image-180\"\/><figcaption><em><strong>3e plaats: Nancy Basilico &amp;  Fly ( Itali\u00eb )<\/strong><\/em><\/figcaption><\/figure>\n\n\n\n<p>Groep 4:<\/p>\n\n\n\n<figure class=\"wp-block-image size-full\"><img loading=\"lazy\" decoding=\"async\" width=\"112\" height=\"157\" src=\"http:\/\/para-agility.nl\/wp-content\/uploads\/2021\/09\/image-36.png\" alt=\"\" class=\"wp-image-181\"\/><figcaption><em><strong>1e plaats: Michael Ossimitz &amp; Merlin ( Oostenrijk)<\/strong><\/em><\/figcaption><\/figure>\n\n\n\n<figure class=\"wp-block-image size-full\"><img loading=\"lazy\" decoding=\"async\" width=\"112\" height=\"157\" src=\"http:\/\/para-agility.nl\/wp-content\/uploads\/2021\/09\/image-37.png\" alt=\"\" class=\"wp-image-182\"\/><figcaption><strong><em>2e plaats: Heinz-Dieter Zeizinger &amp; Strolchi ( Oostenrijk)<\/em><\/strong><\/figcaption><\/figure>\n\n\n\n<figure class=\"wp-block-image size-full\"><img loading=\"lazy\" decoding=\"async\" width=\"108\" height=\"157\" src=\"http:\/\/para-agility.nl\/wp-content\/uploads\/2021\/09\/image-38.png\" alt=\"\" class=\"wp-image-183\"\/><figcaption><strong><em>3e plaats: Wolfgang Zangger &amp; Balu ( Oostenrijk)<\/em><\/strong><\/figcaption><\/figure>\n\n\n\n<figure class=\"wp-block-image size-full\"><img loading=\"lazy\" decoding=\"async\" width=\"640\" height=\"300\" src=\"http:\/\/para-agility.nl\/wp-content\/uploads\/2021\/09\/image-39.png\" alt=\"\" class=\"wp-image-184\" srcset=\"http:\/\/para-agility.nl\/wp-content\/uploads\/2021\/09\/image-39.png 640w, http:\/\/para-agility.nl\/wp-content\/uploads\/2021\/09\/image-39-300x141.png 300w\" sizes=\"auto, (max-width: 640px) 100vw, 640px\" \/><figcaption><em><strong>IMCA Team 2005 Nederland<\/strong><\/em><\/figcaption><\/figure>\n\n\n\n<ul class=\"wp-block-list\"><li><a href=\"http:\/\/para-agility.nl\/?page_id=633\"><strong>Terug naar Pagina: Alle informatie PAWC<\/strong><\/a><\/li><\/ul>\n","protected":false},"excerpt":{"rendered":"<p>De 6e IMCA &amp; 4e PAWC werd gehouden van 20 t\/m 23 oktober 2005 in Celle Ligure in Noord-Itali\u00eb.Weer een geweldig sportief agility evenement voor zowel valide handlers ( IMCA) als handlers met een handicap (PAWC) met dit jaar totaal bijna 170 deelnemers.Dit jaar niet zo&#8217;n groot aantal inschrijvingen voor de PAWC, totaal 13 handlers &hellip; <\/p>\n<p class=\"link-more\"><a href=\"http:\/\/para-agility.nl\/?page_id=170\" class=\"more-link\">Lees verder <span class=\"screen-reader-text\">&#8220;4e ParAgility World Championship 2005&#8221;<\/span><\/a><\/p>\n","protected":false},"author":1,"featured_media":0,"parent":0,"menu_order":0,"comment_status":"closed","ping_status":"closed","template":"","meta":{"footnotes":""},"class_list":["post-170","page","type-page","status-publish","hentry"],"_links":{"self":[{"href":"http:\/\/para-agility.nl\/index.php?rest_route=\/wp\/v2\/pages\/170","targetHints":{"allow":["GET"]}}],"collection":[{"href":"http:\/\/para-agility.nl\/index.php?rest_route=\/wp\/v2\/pages"}],"about":[{"href":"http:\/\/para-agility.nl\/index.php?rest_route=\/wp\/v2\/types\/page"}],"author":[{"embeddable":true,"href":"http:\/\/para-agility.nl\/index.php?rest_route=\/wp\/v2\/users\/1"}],"replies":[{"embeddable":true,"href":"http:\/\/para-agility.nl\/index.php?rest_route=%2Fwp%2Fv2%2Fcomments&post=170"}],"version-history":[{"count":9,"href":"http:\/\/para-agility.nl\/index.php?rest_route=\/wp\/v2\/pages\/170\/revisions"}],"predecessor-version":[{"id":1584,"href":"http:\/\/para-agility.nl\/index.php?rest_route=\/wp\/v2\/pages\/170\/revisions\/1584"}],"wp:attachment":[{"href":"http:\/\/para-agility.nl\/index.php?rest_route=%2Fwp%2Fv2%2Fmedia&parent=170"}],"curies":[{"name":"wp","href":"https:\/\/api.w.org\/{rel}","templated":true}]}}