{"id":189,"date":"2022-01-16T13:51:34","date_gmt":"2022-01-16T13:51:34","guid":{"rendered":"http:\/\/wordpress.para-agility.nl\/?page_id=189"},"modified":"2022-01-20T20:44:16","modified_gmt":"2022-01-20T20:44:16","slug":"5e-paragility-world-championship-2006","status":"publish","type":"page","link":"http:\/\/para-agility.nl\/?page_id=189","title":{"rendered":"5e ParAgility World Championship 2006"},"content":{"rendered":"\n<figure class=\"wp-block-image size-full\"><img loading=\"lazy\" decoding=\"async\" width=\"523\" height=\"392\" src=\"http:\/\/para-agility.nl\/wp-content\/uploads\/2021\/09\/image-40.png\" alt=\"\" class=\"wp-image-190\" srcset=\"http:\/\/para-agility.nl\/wp-content\/uploads\/2021\/09\/image-40.png 523w, http:\/\/para-agility.nl\/wp-content\/uploads\/2021\/09\/image-40-300x225.png 300w\" sizes=\"auto, (max-width: 523px) 100vw, 523px\" \/><\/figure>\n\n\n\n<p>De 7e IMCA &amp; 5e PAWC werd gehouden van 31-08 t\/m 03-09-2006 in sporthal Zielhorst in Amersfoort,<br>een geweldig sportief agility evenement voor zowel valide handlers ( IMCA) als handlers met een handicap (PAWC)<br>Nederland was voor de eerste keer gastland voor dit evenement en daar waren we enorm trots op!<br>Dit jaar totaal bijna 200 deelnemers en hun coaches uit 15 landen.<br>Nieuwe teams uit Belgi\u00eb, Ukraine, Engeland en zelfs een deelneemster uit Japan. Overige teams kwamen uit: Oostenrijk, Tsjechi\u00eb, Finland, Duitsland, Hongarije, Itali\u00eb, Roemenie, Sloveni\u00eb, Spanje, Zwitserland en natuurlijk een team uit Nederland.<\/p>\n\n\n\n<figure class=\"wp-block-image size-full\"><img loading=\"lazy\" decoding=\"async\" width=\"600\" height=\"425\" src=\"http:\/\/para-agility.nl\/wp-content\/uploads\/2021\/09\/image-41.png\" alt=\"\" class=\"wp-image-191\" srcset=\"http:\/\/para-agility.nl\/wp-content\/uploads\/2021\/09\/image-41.png 600w, http:\/\/para-agility.nl\/wp-content\/uploads\/2021\/09\/image-41-300x213.png 300w\" sizes=\"auto, (max-width: 600px) 100vw, 600px\" \/><figcaption><em><strong>deelnemers 5e PAWC 2006 <\/strong><\/em><\/figcaption><\/figure>\n\n\n\n<p>Voor Nederland dit jaar 6 deelneemster voor de 5e PAWC met totaal 9 honden:<br>Elvera Avenhuis-Jansen met Manchu<br>Jolanda Bikkel met Jasper<br>Marieke Dijkman met Isca en Phila<br>Corry van Valkenburg met Yordy<br>Jeannette Vring met Tammy en Woody<br>en ik zelf met mijn honden Quita en Joep<\/p>\n\n\n\n<p>Dit jaar&nbsp; totaal 29 deelnemers voor de 5e PAWC, veel bekende van vorige jaren, maar ook weer nieuwe gezichten.&nbsp;<\/p>\n\n\n\n<p>Het aantal handlers met een handicap stijgt enorm, in elk land gaat &#8221; het balletje rollen&#8221; betreft de mogelijkheid ondanks een beperking toch deze sport te kunnen beoefenen!<br>Op dit moment zijn veel nieuwe handlers begonnen met training ( in Nederland, Zwitserland en Japan) dus wij verwachten dat het aantal deelnemers PAWC zeker zal gaan stijgen.<br>Het is ook elke keer geweldig om te zien hoe iedere deelnemer op zijn eigen manier met zijn beperking de parkoersen doorloopt \ud83d\ude09 \u2026\u2026.en zo samen met zijn hond veel plezier beleeft aan agility.<br>Ook het maken van contacten met andere handlers met een handicap is op dit evenement een zeer gewaardeerd iets.<br>De meeste deelnemers PAWC nemen in hun eigen land gewoon deel aan competitiewedstrijden van valide deelnemers en dat valt niet altijd mee! Op de PAWC hebben alle handlers een beperking!<\/p>\n\n\n\n<p>De keurmeesters waren Arpad Toth ( Hongarije) en Rick Molenkamp en Peter Borstje beide uit Nederland .<\/p>\n\n\n\n<p> <strong><em>Parkoersen PAWC 2006<\/em><\/strong>:<\/p>\n\n\n\n<figure class=\"wp-block-image size-large\"><img loading=\"lazy\" decoding=\"async\" width=\"1024\" height=\"719\" src=\"http:\/\/para-agility.nl\/wp-content\/uploads\/2021\/11\/image-73-1024x719.png\" alt=\"\" class=\"wp-image-344\" srcset=\"http:\/\/para-agility.nl\/wp-content\/uploads\/2021\/11\/image-73-1024x719.png 1024w, http:\/\/para-agility.nl\/wp-content\/uploads\/2021\/11\/image-73-300x211.png 300w, http:\/\/para-agility.nl\/wp-content\/uploads\/2021\/11\/image-73-768x539.png 768w, http:\/\/para-agility.nl\/wp-content\/uploads\/2021\/11\/image-73.png 1250w\" sizes=\"auto, (max-width: 767px) 89vw, (max-width: 1000px) 54vw, (max-width: 1071px) 543px, 580px\" \/><\/figure>\n\n\n\n<figure class=\"wp-block-image size-large\"><img loading=\"lazy\" decoding=\"async\" width=\"1024\" height=\"864\" src=\"http:\/\/para-agility.nl\/wp-content\/uploads\/2021\/11\/image-74-1024x864.png\" alt=\"\" class=\"wp-image-345\" srcset=\"http:\/\/para-agility.nl\/wp-content\/uploads\/2021\/11\/image-74-1024x864.png 1024w, http:\/\/para-agility.nl\/wp-content\/uploads\/2021\/11\/image-74-300x253.png 300w, http:\/\/para-agility.nl\/wp-content\/uploads\/2021\/11\/image-74-768x648.png 768w, http:\/\/para-agility.nl\/wp-content\/uploads\/2021\/11\/image-74.png 1250w\" sizes=\"auto, (max-width: 767px) 89vw, (max-width: 1000px) 54vw, (max-width: 1071px) 543px, 580px\" \/><\/figure>\n\n\n\n<figure class=\"wp-block-image size-large\"><img loading=\"lazy\" decoding=\"async\" width=\"705\" height=\"1024\" src=\"http:\/\/para-agility.nl\/wp-content\/uploads\/2021\/11\/image-77-705x1024.png\" alt=\"\" class=\"wp-image-348\" srcset=\"http:\/\/para-agility.nl\/wp-content\/uploads\/2021\/11\/image-77-705x1024.png 705w, http:\/\/para-agility.nl\/wp-content\/uploads\/2021\/11\/image-77-207x300.png 207w, http:\/\/para-agility.nl\/wp-content\/uploads\/2021\/11\/image-77-768x1115.png 768w, http:\/\/para-agility.nl\/wp-content\/uploads\/2021\/11\/image-77.png 975w\" sizes=\"auto, (max-width: 705px) 100vw, 705px\" \/><\/figure>\n\n\n\n<p><strong><em>Uitslagen 5e ParAgility World Cup 2006 eindklassement<\/em><\/strong>: <\/p>\n\n\n\n<figure class=\"wp-block-image size-full\"><img loading=\"lazy\" decoding=\"async\" width=\"537\" height=\"363\" src=\"http:\/\/para-agility.nl\/wp-content\/uploads\/2021\/09\/image-42.png\" alt=\"\" class=\"wp-image-192\" srcset=\"http:\/\/para-agility.nl\/wp-content\/uploads\/2021\/09\/image-42.png 537w, http:\/\/para-agility.nl\/wp-content\/uploads\/2021\/09\/image-42-300x203.png 300w\" sizes=\"auto, (max-width: 537px) 100vw, 537px\" \/><figcaption><em><strong>Groep 1:<br>1e Susan Rekveld met Joep ( Nederland)<br>2e Alexander Grimus met Nelson ( Oostenrijk)<br>3e Susan Rekveld met Quita ( Nederland)<\/strong><\/em><\/figcaption><\/figure>\n\n\n\n<figure class=\"wp-block-image size-full\"><img loading=\"lazy\" decoding=\"async\" width=\"535\" height=\"357\" src=\"http:\/\/para-agility.nl\/wp-content\/uploads\/2021\/09\/image-43.png\" alt=\"\" class=\"wp-image-193\" srcset=\"http:\/\/para-agility.nl\/wp-content\/uploads\/2021\/09\/image-43.png 535w, http:\/\/para-agility.nl\/wp-content\/uploads\/2021\/09\/image-43-300x200.png 300w\" sizes=\"auto, (max-width: 535px) 100vw, 535px\" \/><figcaption><em><strong>Groep 2:<br>1e Rich\u00e1rd M\u00e1nyik met Philip ( Hongarije)<br>2e Zsolt Maczuca met T\u00e1d\u00e9 ( Hongarije))<br>3e Juan Gramage met Mora ( Spanje)<\/strong><\/em><\/figcaption><\/figure>\n\n\n\n<figure class=\"wp-block-image size-full\"><img loading=\"lazy\" decoding=\"async\" width=\"517\" height=\"369\" src=\"http:\/\/para-agility.nl\/wp-content\/uploads\/2021\/09\/image-44.png\" alt=\"\" class=\"wp-image-194\" srcset=\"http:\/\/para-agility.nl\/wp-content\/uploads\/2021\/09\/image-44.png 517w, http:\/\/para-agility.nl\/wp-content\/uploads\/2021\/09\/image-44-300x214.png 300w\" sizes=\"auto, (max-width: 517px) 100vw, 517px\" \/><figcaption><em><strong>Groep 3:<br>1e Marie Pangr\u00e1cov\u00e1 ( Tsjechie)<br>2e Pirkko Riekki met Nucca ( Finland)<br>3e Andreas Nagel met Jacky ( Duitsland)<\/strong><\/em><\/figcaption><\/figure>\n\n\n\n<figure class=\"wp-block-image size-full\"><img loading=\"lazy\" decoding=\"async\" width=\"538\" height=\"357\" src=\"http:\/\/para-agility.nl\/wp-content\/uploads\/2021\/09\/image-45.png\" alt=\"\" class=\"wp-image-195\" srcset=\"http:\/\/para-agility.nl\/wp-content\/uploads\/2021\/09\/image-45.png 538w, http:\/\/para-agility.nl\/wp-content\/uploads\/2021\/09\/image-45-300x199.png 300w\" sizes=\"auto, (max-width: 538px) 100vw, 538px\" \/><figcaption><strong><em>Groep 4:<br>1e Heinz-Dieter Zeizinger met Strolchi ( Oostenrijk)<br>2e Marieke Dijkman met Phila ( Nederland)<br>3e Jolanda Bikkel met Jasper ( Nederland)<\/em><\/strong><\/figcaption><\/figure>\n\n\n\n<ul class=\"wp-block-list\"><li><a href=\"http:\/\/para-agility.nl\/?page_id=633\"><strong>Terug naar Pagina: Alle informatie PAWC<\/strong><\/a><\/li><\/ul>\n","protected":false},"excerpt":{"rendered":"<p>De 7e IMCA &amp; 5e PAWC werd gehouden van 31-08 t\/m 03-09-2006 in sporthal Zielhorst in Amersfoort,een geweldig sportief agility evenement voor zowel valide handlers ( IMCA) als handlers met een handicap (PAWC)Nederland was voor de eerste keer gastland voor dit evenement en daar waren we enorm trots op!Dit jaar totaal bijna 200 deelnemers en &hellip; <\/p>\n<p class=\"link-more\"><a href=\"http:\/\/para-agility.nl\/?page_id=189\" class=\"more-link\">Lees verder <span class=\"screen-reader-text\">&#8220;5e ParAgility World Championship 2006&#8221;<\/span><\/a><\/p>\n","protected":false},"author":1,"featured_media":0,"parent":0,"menu_order":0,"comment_status":"closed","ping_status":"closed","template":"","meta":{"footnotes":""},"class_list":["post-189","page","type-page","status-publish","hentry"],"_links":{"self":[{"href":"http:\/\/para-agility.nl\/index.php?rest_route=\/wp\/v2\/pages\/189","targetHints":{"allow":["GET"]}}],"collection":[{"href":"http:\/\/para-agility.nl\/index.php?rest_route=\/wp\/v2\/pages"}],"about":[{"href":"http:\/\/para-agility.nl\/index.php?rest_route=\/wp\/v2\/types\/page"}],"author":[{"embeddable":true,"href":"http:\/\/para-agility.nl\/index.php?rest_route=\/wp\/v2\/users\/1"}],"replies":[{"embeddable":true,"href":"http:\/\/para-agility.nl\/index.php?rest_route=%2Fwp%2Fv2%2Fcomments&post=189"}],"version-history":[{"count":7,"href":"http:\/\/para-agility.nl\/index.php?rest_route=\/wp\/v2\/pages\/189\/revisions"}],"predecessor-version":[{"id":1583,"href":"http:\/\/para-agility.nl\/index.php?rest_route=\/wp\/v2\/pages\/189\/revisions\/1583"}],"wp:attachment":[{"href":"http:\/\/para-agility.nl\/index.php?rest_route=%2Fwp%2Fv2%2Fmedia&parent=189"}],"curies":[{"name":"wp","href":"https:\/\/api.w.org\/{rel}","templated":true}]}}