{"id":200,"date":"2022-01-16T13:53:30","date_gmt":"2022-01-16T13:53:30","guid":{"rendered":"http:\/\/wordpress.para-agility.nl\/?page_id=200"},"modified":"2022-01-20T20:43:41","modified_gmt":"2022-01-20T20:43:41","slug":"6e-paragility-world-championship-2007","status":"publish","type":"page","link":"http:\/\/para-agility.nl\/?page_id=200","title":{"rendered":"6e ParAgility World Championship 2007"},"content":{"rendered":"\n<figure class=\"wp-block-image size-full\"><img loading=\"lazy\" decoding=\"async\" width=\"250\" height=\"259\" src=\"http:\/\/para-agility.nl\/wp-content\/uploads\/2021\/09\/image-46.png\" alt=\"\" class=\"wp-image-201\"\/><\/figure>\n\n\n\n<p>De 8e IMCA &amp; 6e PAWC werd gehouden van 6 t\/m 9 september 2007 in Girona in Spanje.<br>Een geweldig sportief agility evenement voor zowel valide handlers ( IMCA) als handlers met een handicap (PAWC)<\/p>\n\n\n\n<p>Dit jaar totaal bijna 160 deelnemers en hun coaches uit 13 landen.<br>Teams uit landen welk al eerder hebben deelgenomen: Belgi\u00eb, Duitsland, Finland, Hongarije, Itali\u00eb, Oostenrijk, Roemenie, Sloveni\u00eb, Spanje, Tsjechi\u00eb, Zwitserland en natuurlijk een team uit Nederland.<br>Voor de eerste maal mochten we een deelnemer welkom heten uit Denemarken, hopelijk volgend jaar met een volledig team.<br>Voor de PAWC dit jaar 16 handlers met 19 deelnemende honden.<\/p>\n\n\n\n<figure class=\"wp-block-image size-full\"><img loading=\"lazy\" decoding=\"async\" width=\"600\" height=\"450\" src=\"http:\/\/para-agility.nl\/wp-content\/uploads\/2021\/09\/image-47.png\" alt=\"\" class=\"wp-image-203\" srcset=\"http:\/\/para-agility.nl\/wp-content\/uploads\/2021\/09\/image-47.png 600w, http:\/\/para-agility.nl\/wp-content\/uploads\/2021\/09\/image-47-300x225.png 300w\" sizes=\"auto, (max-width: 600px) 100vw, 600px\" \/><figcaption><strong><em>deelnemers 6e ParAgility World Cup 2007<\/em><\/strong><\/figcaption><\/figure>\n\n\n\n<p>Voor Nederland dit jaar 3 deelneemster voor PAWC met totaal 4 honden!<br>Geweldig gelopen\u2026.. nou ja, op wieltjes dan \ud83d\ude09<\/p>\n\n\n\n<p>Behaalde plaatsen:<br><strong>1e agility-parkoers<\/strong><br>1e plaats : Susan Rekveld met Quita<br>2e plaats: Susan Rekveld met Joep<br>3e plaats: Patricia Fuchs met Kylona<br><strong>Jumping<\/strong><br>1e plaats : Patricia Fuchs met Kylona<br>2e plaats : Elvera Avenhuis met Manchu<br>4e plaats : Susan Rekveld met Quita<br>5e plaats : Susan Rekveld met Joep<br><strong>2e agility-parkoers<\/strong><br>1e plaats : Susan Rekveld met Quita<br>2e plaats : Elvera Avenhuis met manchu<br>4e plaats : Patricia Fuchs met Kylona<br>5e plaats : Susan Rekveld met Joep<br><strong>Totaalklassement<\/strong><br>1e plaats : Susan Rekveld met Quita<br>2e plaats : Elvera Avenhuis met Manchu<br>4e plaats: Patricia Fuchs met Kylona<br>5e plaats : Susan Rekveld met Joep<\/p>\n\n\n\n<figure class=\"wp-block-image size-full\"><img loading=\"lazy\" decoding=\"async\" width=\"600\" height=\"398\" src=\"http:\/\/para-agility.nl\/wp-content\/uploads\/2021\/09\/image-48.png\" alt=\"\" class=\"wp-image-204\" srcset=\"http:\/\/para-agility.nl\/wp-content\/uploads\/2021\/09\/image-48.png 600w, http:\/\/para-agility.nl\/wp-content\/uploads\/2021\/09\/image-48-300x199.png 300w\" sizes=\"auto, (max-width: 600px) 100vw, 600px\" \/><figcaption><em><strong>( van rechts naar links)<br>Patricia Fuchs met Kylona (border collie)<br>Elvera Avenhuis-Jansen met Manchu (collie)<br>Susan Rekveld met Quita en Joep (labrador retrievers)<\/strong><\/em><\/figcaption><\/figure>\n\n\n\n<figure class=\"wp-block-image size-full\"><img loading=\"lazy\" decoding=\"async\" width=\"428\" height=\"569\" src=\"http:\/\/para-agility.nl\/wp-content\/uploads\/2021\/09\/image-49.png\" alt=\"\" class=\"wp-image-205\" srcset=\"http:\/\/para-agility.nl\/wp-content\/uploads\/2021\/09\/image-49.png 428w, http:\/\/para-agility.nl\/wp-content\/uploads\/2021\/09\/image-49-226x300.png 226w\" sizes=\"auto, (max-width: 428px) 100vw, 428px\" \/><figcaption><strong><em>de keurmeesters<br>Relinde Peschier ( Nederland) en Graham Partridge ( Engeland)<\/em><\/strong><\/figcaption><\/figure>\n\n\n\n<p><strong><em>Parkoersen PAWC 2007:<\/em><\/strong><\/p>\n\n\n\n<figure class=\"wp-block-image size-large\"><img loading=\"lazy\" decoding=\"async\" width=\"1024\" height=\"512\" src=\"http:\/\/para-agility.nl\/wp-content\/uploads\/2021\/11\/image-78-1024x512.png\" alt=\"\" class=\"wp-image-350\" srcset=\"http:\/\/para-agility.nl\/wp-content\/uploads\/2021\/11\/image-78-1024x512.png 1024w, http:\/\/para-agility.nl\/wp-content\/uploads\/2021\/11\/image-78-300x150.png 300w, http:\/\/para-agility.nl\/wp-content\/uploads\/2021\/11\/image-78-768x384.png 768w, http:\/\/para-agility.nl\/wp-content\/uploads\/2021\/11\/image-78.png 1250w\" sizes=\"auto, (max-width: 767px) 89vw, (max-width: 1000px) 54vw, (max-width: 1071px) 543px, 580px\" \/><\/figure>\n\n\n\n<figure class=\"wp-block-image size-large\"><img loading=\"lazy\" decoding=\"async\" width=\"1024\" height=\"537\" src=\"http:\/\/para-agility.nl\/wp-content\/uploads\/2021\/11\/image-79-1024x537.png\" alt=\"\" class=\"wp-image-351\" srcset=\"http:\/\/para-agility.nl\/wp-content\/uploads\/2021\/11\/image-79-1024x537.png 1024w, http:\/\/para-agility.nl\/wp-content\/uploads\/2021\/11\/image-79-300x157.png 300w, http:\/\/para-agility.nl\/wp-content\/uploads\/2021\/11\/image-79-768x402.png 768w, http:\/\/para-agility.nl\/wp-content\/uploads\/2021\/11\/image-79.png 1250w\" sizes=\"auto, (max-width: 767px) 89vw, (max-width: 1000px) 54vw, (max-width: 1071px) 543px, 580px\" \/><\/figure>\n\n\n\n<figure class=\"wp-block-image size-large\"><img loading=\"lazy\" decoding=\"async\" width=\"1024\" height=\"584\" src=\"http:\/\/para-agility.nl\/wp-content\/uploads\/2021\/11\/image-80-1024x584.png\" alt=\"\" class=\"wp-image-352\" srcset=\"http:\/\/para-agility.nl\/wp-content\/uploads\/2021\/11\/image-80-1024x584.png 1024w, http:\/\/para-agility.nl\/wp-content\/uploads\/2021\/11\/image-80-300x171.png 300w, http:\/\/para-agility.nl\/wp-content\/uploads\/2021\/11\/image-80-768x438.png 768w, http:\/\/para-agility.nl\/wp-content\/uploads\/2021\/11\/image-80.png 1349w\" sizes=\"auto, (max-width: 767px) 89vw, (max-width: 1000px) 54vw, (max-width: 1071px) 543px, 580px\" \/><\/figure>\n\n\n\n<p><\/p>\n\n\n\n<figure class=\"wp-block-image size-full\"><img loading=\"lazy\" decoding=\"async\" width=\"600\" height=\"450\" src=\"http:\/\/para-agility.nl\/wp-content\/uploads\/2021\/09\/image-50.png\" alt=\"\" class=\"wp-image-206\" srcset=\"http:\/\/para-agility.nl\/wp-content\/uploads\/2021\/09\/image-50.png 600w, http:\/\/para-agility.nl\/wp-content\/uploads\/2021\/09\/image-50-300x225.png 300w\" sizes=\"auto, (max-width: 600px) 100vw, 600px\" \/><figcaption><em><strong>IMCA team Nederland<\/strong><\/em> <em><strong>2007 tijdens openingsceremonie <\/strong><\/em><\/figcaption><\/figure>\n\n\n\n<ul class=\"wp-block-list\"><li><a href=\"http:\/\/para-agility.nl\/?page_id=633\"><strong>Terug naar Pagina: Alle informatie PAWC<\/strong><\/a><\/li><\/ul>\n","protected":false},"excerpt":{"rendered":"<p>De 8e IMCA &amp; 6e PAWC werd gehouden van 6 t\/m 9 september 2007 in Girona in Spanje.Een geweldig sportief agility evenement voor zowel valide handlers ( IMCA) als handlers met een handicap (PAWC) Dit jaar totaal bijna 160 deelnemers en hun coaches uit 13 landen.Teams uit landen welk al eerder hebben deelgenomen: Belgi\u00eb, Duitsland, &hellip; <\/p>\n<p class=\"link-more\"><a href=\"http:\/\/para-agility.nl\/?page_id=200\" class=\"more-link\">Lees verder <span class=\"screen-reader-text\">&#8220;6e ParAgility World Championship 2007&#8221;<\/span><\/a><\/p>\n","protected":false},"author":1,"featured_media":0,"parent":0,"menu_order":0,"comment_status":"closed","ping_status":"closed","template":"","meta":{"footnotes":""},"class_list":["post-200","page","type-page","status-publish","hentry"],"_links":{"self":[{"href":"http:\/\/para-agility.nl\/index.php?rest_route=\/wp\/v2\/pages\/200","targetHints":{"allow":["GET"]}}],"collection":[{"href":"http:\/\/para-agility.nl\/index.php?rest_route=\/wp\/v2\/pages"}],"about":[{"href":"http:\/\/para-agility.nl\/index.php?rest_route=\/wp\/v2\/types\/page"}],"author":[{"embeddable":true,"href":"http:\/\/para-agility.nl\/index.php?rest_route=\/wp\/v2\/users\/1"}],"replies":[{"embeddable":true,"href":"http:\/\/para-agility.nl\/index.php?rest_route=%2Fwp%2Fv2%2Fcomments&post=200"}],"version-history":[{"count":8,"href":"http:\/\/para-agility.nl\/index.php?rest_route=\/wp\/v2\/pages\/200\/revisions"}],"predecessor-version":[{"id":1582,"href":"http:\/\/para-agility.nl\/index.php?rest_route=\/wp\/v2\/pages\/200\/revisions\/1582"}],"wp:attachment":[{"href":"http:\/\/para-agility.nl\/index.php?rest_route=%2Fwp%2Fv2%2Fmedia&parent=200"}],"curies":[{"name":"wp","href":"https:\/\/api.w.org\/{rel}","templated":true}]}}