{"id":212,"date":"2022-01-16T13:54:55","date_gmt":"2022-01-16T13:54:55","guid":{"rendered":"http:\/\/wordpress.para-agility.nl\/?page_id=212"},"modified":"2022-01-20T20:43:05","modified_gmt":"2022-01-20T20:43:05","slug":"7e-paragility-world-championship-2008","status":"publish","type":"page","link":"http:\/\/para-agility.nl\/?page_id=212","title":{"rendered":"7e ParAgility World Championship 2008"},"content":{"rendered":"\n<figure class=\"wp-block-image size-large\"><img loading=\"lazy\" decoding=\"async\" width=\"1024\" height=\"428\" src=\"http:\/\/para-agility.nl\/wp-content\/uploads\/2021\/11\/image-1024x428.png\" alt=\"\" class=\"wp-image-218\" srcset=\"http:\/\/para-agility.nl\/wp-content\/uploads\/2021\/11\/image-1024x428.png 1024w, http:\/\/para-agility.nl\/wp-content\/uploads\/2021\/11\/image-300x125.png 300w, http:\/\/para-agility.nl\/wp-content\/uploads\/2021\/11\/image-768x321.png 768w, http:\/\/para-agility.nl\/wp-content\/uploads\/2021\/11\/image.png 1108w\" sizes=\"auto, (max-width: 767px) 89vw, (max-width: 1000px) 54vw, (max-width: 1071px) 543px, 580px\" \/><\/figure>\n\n\n\n<p>De 9e IMCA &amp; 7e PAWC&nbsp; werd gehouden van 28&nbsp; t\/m 31&nbsp; augustus&nbsp;in Voghera in Itali\u00eb.<br>Een geweldig sportief agility evenement voor zowel valide handlers ( IMCA)&nbsp;als handlers met een handicap (PAWC)<br>Een mooie locatie, dit jaar niet gehouden in een sporthal maar op een Ranch, the Cowboys Guest Ranch (<a href=\"http:\/\/www.cowboys.it\"><strong><em>www.cowboys.it<\/em><\/strong><\/a><strong><em> <\/em>)<\/strong> met een vloer van zand.<\/p>\n\n\n\n<figure class=\"wp-block-image size-large\"><img loading=\"lazy\" decoding=\"async\" width=\"1024\" height=\"768\" src=\"http:\/\/para-agility.nl\/wp-content\/uploads\/2021\/11\/image-1-1024x768.png\" alt=\"\" class=\"wp-image-219\" srcset=\"http:\/\/para-agility.nl\/wp-content\/uploads\/2021\/11\/image-1-1024x768.png 1024w, http:\/\/para-agility.nl\/wp-content\/uploads\/2021\/11\/image-1-300x225.png 300w, http:\/\/para-agility.nl\/wp-content\/uploads\/2021\/11\/image-1-768x576.png 768w, http:\/\/para-agility.nl\/wp-content\/uploads\/2021\/11\/image-1.png 1250w\" sizes=\"auto, (max-width: 767px) 89vw, (max-width: 1000px) 54vw, (max-width: 1071px) 543px, 580px\" \/><figcaption><em><strong>Deelnemers PAWC 2008<\/strong><\/em><\/figcaption><\/figure>\n\n\n\n<figure class=\"wp-block-image size-large\"><img loading=\"lazy\" decoding=\"async\" width=\"1024\" height=\"768\" src=\"http:\/\/para-agility.nl\/wp-content\/uploads\/2021\/11\/image-2-1024x768.png\" alt=\"\" class=\"wp-image-220\" srcset=\"http:\/\/para-agility.nl\/wp-content\/uploads\/2021\/11\/image-2-1024x768.png 1024w, http:\/\/para-agility.nl\/wp-content\/uploads\/2021\/11\/image-2-300x225.png 300w, http:\/\/para-agility.nl\/wp-content\/uploads\/2021\/11\/image-2-768x576.png 768w, http:\/\/para-agility.nl\/wp-content\/uploads\/2021\/11\/image-2.png 1250w\" sizes=\"auto, (max-width: 767px) 89vw, (max-width: 1000px) 54vw, (max-width: 1071px) 543px, 580px\" \/><\/figure>\n\n\n\n<p>Voor de IMCA dit jaar totaal meer dan 150 deelnemende honden uit 14 landen.<br>Teams uit landen welk al eerder hebben deelgenomen: Belgi\u00eb, Denemarken, Duitsland, Finland, Hongarije, Itali\u00eb, Oostenrijk, Sloveni\u00eb, Spanje, Tsjechi\u00eb, United Kingdom, Zwitserland en natuurlijk een team uit Nederland met totaal 15 deelnemers.<br>Voor de eerste maal mochten we een deelnemer welkom heten uit Republic of San Marino (Itali\u00eb).<\/p>\n\n\n\n<p>Keurmeesters voor de IMCA en PAWC 2008 : Arnaldo Benini uit Itali\u00eb en Arp\u00e1d T\u00f3th uit Hongarije, welk beide met ervaring en veel enthousiasme hebben gekeurd!<\/p>\n\n\n\n<figure class=\"wp-block-image size-full\"><img loading=\"lazy\" decoding=\"async\" width=\"938\" height=\"624\" src=\"http:\/\/para-agility.nl\/wp-content\/uploads\/2021\/11\/image-3.png\" alt=\"\" class=\"wp-image-221\" srcset=\"http:\/\/para-agility.nl\/wp-content\/uploads\/2021\/11\/image-3.png 938w, http:\/\/para-agility.nl\/wp-content\/uploads\/2021\/11\/image-3-300x200.png 300w, http:\/\/para-agility.nl\/wp-content\/uploads\/2021\/11\/image-3-768x511.png 768w\" sizes=\"auto, (max-width: 767px) 89vw, (max-width: 1000px) 54vw, (max-width: 1071px) 543px, 580px\" \/><figcaption><em><strong>Keurmeester Arnaldo Benini met Nik Polak en zijn hond Via ( PAWC Oostenrijk)<\/strong><\/em><\/figcaption><\/figure>\n\n\n\n<p>Voor de PAWC dit jaar 29 handlers met 35 deelnemende honden uit de volgende landen: Belgi\u00eb, Duitsland, Frankrijk, Hongarije, Oostenrijk, Spanje, Tsjechi\u00eb, Zwitserland en natuurlijk een team voor Nederland, dit jaar 6 handlers met totaal 9 honden.<\/p>\n\n\n\n<p><strong><em>Parkoersen PAWC 2008:<\/em><\/strong><\/p>\n\n\n\n<figure class=\"wp-block-image size-large\"><img loading=\"lazy\" decoding=\"async\" width=\"575\" height=\"1024\" src=\"http:\/\/para-agility.nl\/wp-content\/uploads\/2021\/11\/image-81-575x1024.png\" alt=\"\" class=\"wp-image-354\" srcset=\"http:\/\/para-agility.nl\/wp-content\/uploads\/2021\/11\/image-81-575x1024.png 575w, http:\/\/para-agility.nl\/wp-content\/uploads\/2021\/11\/image-81-169x300.png 169w, http:\/\/para-agility.nl\/wp-content\/uploads\/2021\/11\/image-81-768x1367.png 768w, http:\/\/para-agility.nl\/wp-content\/uploads\/2021\/11\/image-81.png 791w\" sizes=\"auto, (max-width: 575px) 100vw, 575px\" \/><\/figure>\n\n\n\n<figure class=\"wp-block-image size-large\"><img loading=\"lazy\" decoding=\"async\" width=\"558\" height=\"1024\" src=\"http:\/\/para-agility.nl\/wp-content\/uploads\/2021\/11\/image-82-558x1024.png\" alt=\"\" class=\"wp-image-355\" srcset=\"http:\/\/para-agility.nl\/wp-content\/uploads\/2021\/11\/image-82-558x1024.png 558w, http:\/\/para-agility.nl\/wp-content\/uploads\/2021\/11\/image-82-163x300.png 163w, http:\/\/para-agility.nl\/wp-content\/uploads\/2021\/11\/image-82-768x1410.png 768w, http:\/\/para-agility.nl\/wp-content\/uploads\/2021\/11\/image-82.png 786w\" sizes=\"auto, (max-width: 558px) 100vw, 558px\" \/><\/figure>\n\n\n\n<figure class=\"wp-block-image size-large\"><img loading=\"lazy\" decoding=\"async\" width=\"1024\" height=\"805\" src=\"http:\/\/para-agility.nl\/wp-content\/uploads\/2021\/11\/image-83-1024x805.png\" alt=\"\" class=\"wp-image-356\" srcset=\"http:\/\/para-agility.nl\/wp-content\/uploads\/2021\/11\/image-83-1024x805.png 1024w, http:\/\/para-agility.nl\/wp-content\/uploads\/2021\/11\/image-83-300x236.png 300w, http:\/\/para-agility.nl\/wp-content\/uploads\/2021\/11\/image-83-768x604.png 768w, http:\/\/para-agility.nl\/wp-content\/uploads\/2021\/11\/image-83.png 1250w\" sizes=\"auto, (max-width: 767px) 89vw, (max-width: 1000px) 54vw, (max-width: 1071px) 543px, 580px\" \/><\/figure>\n\n\n\n<figure class=\"wp-block-image size-full\"><img loading=\"lazy\" decoding=\"async\" width=\"781\" height=\"520\" src=\"http:\/\/para-agility.nl\/wp-content\/uploads\/2021\/11\/image-4.png\" alt=\"\" class=\"wp-image-222\" srcset=\"http:\/\/para-agility.nl\/wp-content\/uploads\/2021\/11\/image-4.png 781w, http:\/\/para-agility.nl\/wp-content\/uploads\/2021\/11\/image-4-300x200.png 300w, http:\/\/para-agility.nl\/wp-content\/uploads\/2021\/11\/image-4-768x511.png 768w\" sizes=\"auto, (max-width: 767px) 89vw, (max-width: 1000px) 54vw, (max-width: 1071px) 543px, 580px\" \/><figcaption><em><strong>PAWC Team Nederland van links naar rechts:<br>Monique Slegtenhorst, Elvera Avenhuis, Susan Rekveld, Patricia Fuchs<br>vooraan: Robbert-Jan Barelds en Kirsten Hanekamp<\/strong><\/em><\/figcaption><\/figure>\n\n\n\n<figure class=\"wp-block-image size-full\"><img loading=\"lazy\" decoding=\"async\" width=\"938\" height=\"624\" src=\"http:\/\/para-agility.nl\/wp-content\/uploads\/2021\/11\/image-5.png\" alt=\"\" class=\"wp-image-223\" srcset=\"http:\/\/para-agility.nl\/wp-content\/uploads\/2021\/11\/image-5.png 938w, http:\/\/para-agility.nl\/wp-content\/uploads\/2021\/11\/image-5-300x200.png 300w, http:\/\/para-agility.nl\/wp-content\/uploads\/2021\/11\/image-5-768x511.png 768w\" sizes=\"auto, (max-width: 767px) 89vw, (max-width: 1000px) 54vw, (max-width: 1071px) 543px, 580px\" \/><figcaption><em><strong>Keurmeester Arp\u00e1d T\u00f3th met Robbert Jan Barelds en zijn hond Kyra uit Nederland, \u00e9\u00e9n van de jongste deelnemers van de PAWC 2008<\/strong><\/em><\/figcaption><\/figure>\n\n\n\n<figure class=\"wp-block-image size-full\"><img loading=\"lazy\" decoding=\"async\" width=\"938\" height=\"624\" src=\"http:\/\/para-agility.nl\/wp-content\/uploads\/2021\/11\/image-6.png\" alt=\"\" class=\"wp-image-224\" srcset=\"http:\/\/para-agility.nl\/wp-content\/uploads\/2021\/11\/image-6.png 938w, http:\/\/para-agility.nl\/wp-content\/uploads\/2021\/11\/image-6-300x200.png 300w, http:\/\/para-agility.nl\/wp-content\/uploads\/2021\/11\/image-6-768x511.png 768w\" sizes=\"auto, (max-width: 767px) 89vw, (max-width: 1000px) 54vw, (max-width: 1071px) 543px, 580px\" \/><figcaption><strong><em>Patricia Ale met haar hond Gini uit Hongarije, ook een zeer jonge deelneemster PAWC 2008<br>onder begeleiding van haar vader liep zij de parkoersen<\/em><\/strong><\/figcaption><\/figure>\n\n\n\n<figure class=\"wp-block-image size-full\"><img loading=\"lazy\" decoding=\"async\" width=\"938\" height=\"624\" src=\"http:\/\/para-agility.nl\/wp-content\/uploads\/2021\/11\/image-7.png\" alt=\"\" class=\"wp-image-225\" srcset=\"http:\/\/para-agility.nl\/wp-content\/uploads\/2021\/11\/image-7.png 938w, http:\/\/para-agility.nl\/wp-content\/uploads\/2021\/11\/image-7-300x200.png 300w, http:\/\/para-agility.nl\/wp-content\/uploads\/2021\/11\/image-7-768x511.png 768w\" sizes=\"auto, (max-width: 767px) 89vw, (max-width: 1000px) 54vw, (max-width: 1071px) 543px, 580px\" \/><figcaption><em><strong>Bruno Menoncelle met zijn hond Sun, deelnemer PAWC 2008 uit Frankrijk<br>Bruno is geheel blind en liep met een assistent samen de parkoersen<\/strong><\/em><\/figcaption><\/figure>\n\n\n\n<p><strong><em>Uitslagen Totaalklassement PAWC:<\/em><\/strong><\/p>\n\n\n\n<figure class=\"wp-block-image size-full\"><img loading=\"lazy\" decoding=\"async\" width=\"938\" height=\"624\" src=\"http:\/\/para-agility.nl\/wp-content\/uploads\/2021\/11\/image-8.png\" alt=\"\" class=\"wp-image-226\" srcset=\"http:\/\/para-agility.nl\/wp-content\/uploads\/2021\/11\/image-8.png 938w, http:\/\/para-agility.nl\/wp-content\/uploads\/2021\/11\/image-8-300x200.png 300w, http:\/\/para-agility.nl\/wp-content\/uploads\/2021\/11\/image-8-768x511.png 768w\" sizes=\"auto, (max-width: 767px) 89vw, (max-width: 1000px) 54vw, (max-width: 1071px) 543px, 580px\" \/><figcaption><em><strong>Groep 1:<br>1e Susan Rekveld &amp; Quita (Nederland)<br>2e Aur\u00e9lie &amp; Arko (Zwitserland)<br>3e Patricia Fuchs &amp; Kyona (Nederland)<\/strong><\/em><\/figcaption><\/figure>\n\n\n\n<figure class=\"wp-block-image size-full\"><img loading=\"lazy\" decoding=\"async\" width=\"938\" height=\"624\" src=\"http:\/\/para-agility.nl\/wp-content\/uploads\/2021\/11\/image-9.png\" alt=\"\" class=\"wp-image-227\" srcset=\"http:\/\/para-agility.nl\/wp-content\/uploads\/2021\/11\/image-9.png 938w, http:\/\/para-agility.nl\/wp-content\/uploads\/2021\/11\/image-9-300x200.png 300w, http:\/\/para-agility.nl\/wp-content\/uploads\/2021\/11\/image-9-768x511.png 768w\" sizes=\"auto, (max-width: 767px) 89vw, (max-width: 1000px) 54vw, (max-width: 1071px) 543px, 580px\" \/><figcaption><em><strong>Groep 2:<br>1e Zsolt Maczucza &amp; T\u00e1d\u00e9 (Hongarije)<br>2e Rich\u00e1rd M\u00e1nyik &amp; Oszk\u00e1r (Hongarije)<br>3e Wolfgang Zangger &amp; Palu (Oostenrijk)<\/strong><\/em><\/figcaption><\/figure>\n\n\n\n<figure class=\"wp-block-image size-full\"><img loading=\"lazy\" decoding=\"async\" width=\"938\" height=\"624\" src=\"http:\/\/para-agility.nl\/wp-content\/uploads\/2021\/11\/image-10.png\" alt=\"\" class=\"wp-image-228\" srcset=\"http:\/\/para-agility.nl\/wp-content\/uploads\/2021\/11\/image-10.png 938w, http:\/\/para-agility.nl\/wp-content\/uploads\/2021\/11\/image-10-300x200.png 300w, http:\/\/para-agility.nl\/wp-content\/uploads\/2021\/11\/image-10-768x511.png 768w\" sizes=\"auto, (max-width: 767px) 89vw, (max-width: 1000px) 54vw, (max-width: 1071px) 543px, 580px\" \/><figcaption><em><strong>Groep 3:<br>1e Anne Chanez &amp; Speedy (Zwitserland)<br>2e Katrin Staub &amp; Trinity (Duitsland)<br>3e Ra\u00fal Lizana &amp; El Hechizo Unica (Spanje)<\/strong><\/em><\/figcaption><\/figure>\n\n\n\n<figure class=\"wp-block-image size-full\"><img loading=\"lazy\" decoding=\"async\" width=\"938\" height=\"624\" src=\"http:\/\/para-agility.nl\/wp-content\/uploads\/2021\/11\/image-11.png\" alt=\"\" class=\"wp-image-229\" srcset=\"http:\/\/para-agility.nl\/wp-content\/uploads\/2021\/11\/image-11.png 938w, http:\/\/para-agility.nl\/wp-content\/uploads\/2021\/11\/image-11-300x200.png 300w, http:\/\/para-agility.nl\/wp-content\/uploads\/2021\/11\/image-11-768x511.png 768w\" sizes=\"auto, (max-width: 767px) 89vw, (max-width: 1000px) 54vw, (max-width: 1071px) 543px, 580px\" \/><figcaption><em><strong>Groep 4:<br>1e Franz Kaltenb\u00f6ck &amp; Ferro (Oostenrijk)<br>2e Robbert Jan barelds &amp; Kyra (Nederland)<br>3e Eddy Daisomont &amp; Anka (Belgi\u00eb)<\/strong><\/em><\/figcaption><\/figure>\n\n\n\n<figure class=\"wp-block-image size-full\"><img loading=\"lazy\" decoding=\"async\" width=\"938\" height=\"624\" src=\"http:\/\/para-agility.nl\/wp-content\/uploads\/2021\/11\/image-12.png\" alt=\"\" class=\"wp-image-230\" srcset=\"http:\/\/para-agility.nl\/wp-content\/uploads\/2021\/11\/image-12.png 938w, http:\/\/para-agility.nl\/wp-content\/uploads\/2021\/11\/image-12-300x200.png 300w, http:\/\/para-agility.nl\/wp-content\/uploads\/2021\/11\/image-12-768x511.png 768w\" sizes=\"auto, (max-width: 767px) 89vw, (max-width: 1000px) 54vw, (max-width: 1071px) 543px, 580px\" \/><figcaption><em><strong>Groep 5:<br>1e Ren\u00e9 Gabriel &amp; Snoopy (Tsjechi\u00eb)<br>2e Edvika Rychnovsk\u00e1 &amp; Miky (Tsjechi\u00e9)<br>3e Monique Slegtenhorst &amp; Shanti (Nederland)<\/strong><\/em><\/figcaption><\/figure>\n\n\n\n<figure class=\"wp-block-image size-full\"><img loading=\"lazy\" decoding=\"async\" width=\"938\" height=\"624\" src=\"http:\/\/para-agility.nl\/wp-content\/uploads\/2021\/11\/image-13.png\" alt=\"\" class=\"wp-image-231\" srcset=\"http:\/\/para-agility.nl\/wp-content\/uploads\/2021\/11\/image-13.png 938w, http:\/\/para-agility.nl\/wp-content\/uploads\/2021\/11\/image-13-300x200.png 300w, http:\/\/para-agility.nl\/wp-content\/uploads\/2021\/11\/image-13-768x511.png 768w\" sizes=\"auto, (max-width: 767px) 89vw, (max-width: 1000px) 54vw, (max-width: 1071px) 543px, 580px\" \/><figcaption><em><strong>Nederlands IMCA &amp; PAWC team behaalde de 1e plaats landenbeker 2008!<\/strong><\/em><\/figcaption><\/figure>\n\n\n\n<ul class=\"wp-block-list\"><li><a href=\"http:\/\/para-agility.nl\/?page_id=633\"><strong>Terug Pagina: Alle informatie PAWC<\/strong><\/a><\/li><\/ul>\n","protected":false},"excerpt":{"rendered":"<p>De 9e IMCA &amp; 7e PAWC&nbsp; werd gehouden van 28&nbsp; t\/m 31&nbsp; augustus&nbsp;in Voghera in Itali\u00eb.Een geweldig sportief agility evenement voor zowel valide handlers ( IMCA)&nbsp;als handlers met een handicap (PAWC)Een mooie locatie, dit jaar niet gehouden in een sporthal maar op een Ranch, the Cowboys Guest Ranch (www.cowboys.it ) met een vloer van zand. &hellip; <\/p>\n<p class=\"link-more\"><a href=\"http:\/\/para-agility.nl\/?page_id=212\" class=\"more-link\">Lees verder <span class=\"screen-reader-text\">&#8220;7e ParAgility World Championship 2008&#8221;<\/span><\/a><\/p>\n","protected":false},"author":1,"featured_media":0,"parent":0,"menu_order":0,"comment_status":"closed","ping_status":"closed","template":"","meta":{"footnotes":""},"class_list":["post-212","page","type-page","status-publish","hentry"],"_links":{"self":[{"href":"http:\/\/para-agility.nl\/index.php?rest_route=\/wp\/v2\/pages\/212","targetHints":{"allow":["GET"]}}],"collection":[{"href":"http:\/\/para-agility.nl\/index.php?rest_route=\/wp\/v2\/pages"}],"about":[{"href":"http:\/\/para-agility.nl\/index.php?rest_route=\/wp\/v2\/types\/page"}],"author":[{"embeddable":true,"href":"http:\/\/para-agility.nl\/index.php?rest_route=\/wp\/v2\/users\/1"}],"replies":[{"embeddable":true,"href":"http:\/\/para-agility.nl\/index.php?rest_route=%2Fwp%2Fv2%2Fcomments&post=212"}],"version-history":[{"count":10,"href":"http:\/\/para-agility.nl\/index.php?rest_route=\/wp\/v2\/pages\/212\/revisions"}],"predecessor-version":[{"id":1581,"href":"http:\/\/para-agility.nl\/index.php?rest_route=\/wp\/v2\/pages\/212\/revisions\/1581"}],"wp:attachment":[{"href":"http:\/\/para-agility.nl\/index.php?rest_route=%2Fwp%2Fv2%2Fmedia&parent=212"}],"curies":[{"name":"wp","href":"https:\/\/api.w.org\/{rel}","templated":true}]}}