{"id":234,"date":"2022-01-16T13:56:45","date_gmt":"2022-01-16T13:56:45","guid":{"rendered":"http:\/\/wordpress.para-agility.nl\/?page_id=234"},"modified":"2022-01-20T20:42:23","modified_gmt":"2022-01-20T20:42:23","slug":"8e-paragility-world-championship-2009","status":"publish","type":"page","link":"http:\/\/para-agility.nl\/?page_id=234","title":{"rendered":"8e ParAgility World Championship 2009"},"content":{"rendered":"\n<figure class=\"wp-block-image size-full\"><img loading=\"lazy\" decoding=\"async\" width=\"775\" height=\"583\" src=\"http:\/\/para-agility.nl\/wp-content\/uploads\/2021\/11\/image-14.png\" alt=\"\" class=\"wp-image-235\" srcset=\"http:\/\/para-agility.nl\/wp-content\/uploads\/2021\/11\/image-14.png 775w, http:\/\/para-agility.nl\/wp-content\/uploads\/2021\/11\/image-14-300x226.png 300w, http:\/\/para-agility.nl\/wp-content\/uploads\/2021\/11\/image-14-768x578.png 768w\" sizes=\"auto, (max-width: 767px) 89vw, (max-width: 1000px) 54vw, (max-width: 1071px) 543px, 580px\" \/><figcaption><strong><em>10e IMCA &amp; 8e PAWC 2009<br>03-09-09 t\/m 06-09-09 in Gyula, Hongarije<\/em><\/strong><\/figcaption><\/figure>\n\n\n\n<p>Een jubileumjaar voor de International Mix &amp; Breed Championship Agility (IMCA), gestart in 2000 voor de eerste maal georganiseerd in Tsjechi\u00eb, nu voor de 10e maal in Hongarije!<\/p>\n\n\n\n<figure class=\"wp-block-image size-full\"><img loading=\"lazy\" decoding=\"async\" width=\"644\" height=\"496\" src=\"http:\/\/para-agility.nl\/wp-content\/uploads\/2021\/11\/image-15.png\" alt=\"\" class=\"wp-image-236\" srcset=\"http:\/\/para-agility.nl\/wp-content\/uploads\/2021\/11\/image-15.png 644w, http:\/\/para-agility.nl\/wp-content\/uploads\/2021\/11\/image-15-300x231.png 300w\" sizes=\"auto, (max-width: 644px) 100vw, 644px\" \/><\/figure>\n\n\n\n<p>Een 200 deelnemers uit Belgi\u00eb, Kroati\u00eb, Duitsland, Finland, Frankrijk, Hongarije, Israel, Itali\u00eb,Oostenrijk, Roemeni\u00eb, Slowakije, Spanje, Tsjechi\u00eb, United KIngdom, Zwitserland en uiteraard een heel team vanuit Nederland.<br>Afmelding van deelnemers uit Sloveni\u00eb en Polen.<\/p>\n\n\n\n<p>De keurmeesters voor dit jaar waren:<br>Rick Molenkamp uit Nederland, Arnaldo Benini uit Itali\u00eb en de zeer ervaren (\u00e9\u00e9n van de oprichters van de agilitysport) John Gilbert uit Engeland, alle drie bekenden van voorgaande jaren.<\/p>\n\n\n\n<figure class=\"wp-block-image size-full\"><img loading=\"lazy\" decoding=\"async\" width=\"786\" height=\"588\" src=\"http:\/\/para-agility.nl\/wp-content\/uploads\/2021\/11\/image-16.png\" alt=\"\" class=\"wp-image-237\" srcset=\"http:\/\/para-agility.nl\/wp-content\/uploads\/2021\/11\/image-16.png 786w, http:\/\/para-agility.nl\/wp-content\/uploads\/2021\/11\/image-16-300x224.png 300w, http:\/\/para-agility.nl\/wp-content\/uploads\/2021\/11\/image-16-768x575.png 768w\" sizes=\"auto, (max-width: 767px) 89vw, (max-width: 1000px) 54vw, (max-width: 1071px) 543px, 580px\" \/><figcaption><em><strong>van links naar rechts: Rick Molenkamp -John Gilbert &#8211; Arnaldo Benini<\/strong><\/em><\/figcaption><\/figure>\n\n\n\n<p><strong><em>Parkoersen PAWC 2009:<\/em><\/strong><\/p>\n\n\n\n<figure class=\"wp-block-image size-large\"><img loading=\"lazy\" decoding=\"async\" width=\"1024\" height=\"587\" src=\"http:\/\/para-agility.nl\/wp-content\/uploads\/2021\/11\/image-84-1024x587.png\" alt=\"\" class=\"wp-image-359\" srcset=\"http:\/\/para-agility.nl\/wp-content\/uploads\/2021\/11\/image-84-1024x587.png 1024w, http:\/\/para-agility.nl\/wp-content\/uploads\/2021\/11\/image-84-300x172.png 300w, http:\/\/para-agility.nl\/wp-content\/uploads\/2021\/11\/image-84-768x440.png 768w, http:\/\/para-agility.nl\/wp-content\/uploads\/2021\/11\/image-84.png 1119w\" sizes=\"auto, (max-width: 767px) 89vw, (max-width: 1000px) 54vw, (max-width: 1071px) 543px, 580px\" \/><\/figure>\n\n\n\n<figure class=\"wp-block-image size-large\"><img loading=\"lazy\" decoding=\"async\" width=\"597\" height=\"1024\" src=\"http:\/\/para-agility.nl\/wp-content\/uploads\/2021\/11\/image-86-597x1024.png\" alt=\"\" class=\"wp-image-361\" srcset=\"http:\/\/para-agility.nl\/wp-content\/uploads\/2021\/11\/image-86-597x1024.png 597w, http:\/\/para-agility.nl\/wp-content\/uploads\/2021\/11\/image-86-175x300.png 175w, http:\/\/para-agility.nl\/wp-content\/uploads\/2021\/11\/image-86.png 609w\" sizes=\"auto, (max-width: 597px) 100vw, 597px\" \/><\/figure>\n\n\n\n<figure class=\"wp-block-image size-large\"><img loading=\"lazy\" decoding=\"async\" width=\"657\" height=\"1024\" src=\"http:\/\/para-agility.nl\/wp-content\/uploads\/2021\/11\/image-85-657x1024.png\" alt=\"\" class=\"wp-image-360\" srcset=\"http:\/\/para-agility.nl\/wp-content\/uploads\/2021\/11\/image-85-657x1024.png 657w, http:\/\/para-agility.nl\/wp-content\/uploads\/2021\/11\/image-85-192x300.png 192w, http:\/\/para-agility.nl\/wp-content\/uploads\/2021\/11\/image-85.png 671w\" sizes=\"auto, (max-width: 657px) 100vw, 657px\" \/><\/figure>\n\n\n\n<p><\/p>\n\n\n\n<p>Totaal 49 deelnemers voor de 8e PAWC, een behoorlijke groei t.o.v. de start in 2002 met<br>11 deelnemende honden.<br>Voor het eerst een groep uit Israel, met daarbij 8 deelnemers die gingen starten in een nieuwe groep qua handicap nl. geestelijke beperking.<\/p>\n\n\n\n<p>Parkoersen voor PAWC altijd 2x een vast parkoers en eenmaal &#8217;n jumping.<br>Elke dag \u00e9\u00e9n parkoers te lopen, gekeurd elke dag door een andere keurmeester zodat de deelnemers PAWC verschillende parkoersen krijgen.<\/p>\n\n\n\n<p>Aan de 8e PAWC namen deel voor Nederland:<br>Sharon Erenstein met haar honden Tosca en Dusty, voor hun de eerste keer .<br>Patricia Fuchs met Kyona en Mei-Li<br>en Susan Rekveld met haar Labrador Retrievers Quita en Joep.<br>In het totaalklassement resulteerde dit in de volgende plaatsen:<br>In groep 1 voor Susan een 2e plaats met haar hond Quita en 4e plaats met Joep, 3e plaats Patricia met Kyona en 5e voor Mei-Li.<br>Voor Sharon Erenstein in groep 4 met haar hond Dusty een 4e en Tosca een 6e plaats.<\/p>\n\n\n\n<figure class=\"wp-block-image size-full\"><img loading=\"lazy\" decoding=\"async\" width=\"668\" height=\"456\" src=\"http:\/\/para-agility.nl\/wp-content\/uploads\/2021\/11\/image-17.png\" alt=\"\" class=\"wp-image-238\" srcset=\"http:\/\/para-agility.nl\/wp-content\/uploads\/2021\/11\/image-17.png 668w, http:\/\/para-agility.nl\/wp-content\/uploads\/2021\/11\/image-17-300x205.png 300w\" sizes=\"auto, (max-width: 668px) 100vw, 668px\" \/><figcaption><em><strong>Sharon Erenstein met haar hond Dusty<\/strong><\/em><\/figcaption><\/figure>\n\n\n\n<figure class=\"wp-block-image size-full\"><img loading=\"lazy\" decoding=\"async\" width=\"714\" height=\"483\" src=\"http:\/\/para-agility.nl\/wp-content\/uploads\/2021\/11\/image-19.png\" alt=\"\" class=\"wp-image-240\" srcset=\"http:\/\/para-agility.nl\/wp-content\/uploads\/2021\/11\/image-19.png 714w, http:\/\/para-agility.nl\/wp-content\/uploads\/2021\/11\/image-19-300x203.png 300w\" sizes=\"auto, (max-width: 714px) 100vw, 714px\" \/><\/figure>\n\n\n\n<figure class=\"wp-block-image size-full\"><img loading=\"lazy\" decoding=\"async\" width=\"555\" height=\"479\" src=\"http:\/\/para-agility.nl\/wp-content\/uploads\/2021\/11\/image-18.png\" alt=\"\" class=\"wp-image-239\" srcset=\"http:\/\/para-agility.nl\/wp-content\/uploads\/2021\/11\/image-18.png 555w, http:\/\/para-agility.nl\/wp-content\/uploads\/2021\/11\/image-18-300x259.png 300w\" sizes=\"auto, (max-width: 555px) 100vw, 555px\" \/><\/figure>\n\n\n\n<ul class=\"wp-block-list\"><li><a href=\"http:\/\/para-agility.nl\/?page_id=633\"><strong>Terug naar Pagina : Alle informatie PAWC<\/strong><\/a><\/li><\/ul>\n","protected":false},"excerpt":{"rendered":"<p>Een jubileumjaar voor de International Mix &amp; Breed Championship Agility (IMCA), gestart in 2000 voor de eerste maal georganiseerd in Tsjechi\u00eb, nu voor de 10e maal in Hongarije! Een 200 deelnemers uit Belgi\u00eb, Kroati\u00eb, Duitsland, Finland, Frankrijk, Hongarije, Israel, Itali\u00eb,Oostenrijk, Roemeni\u00eb, Slowakije, Spanje, Tsjechi\u00eb, United KIngdom, Zwitserland en uiteraard een heel team vanuit Nederland.Afmelding van &hellip; <\/p>\n<p class=\"link-more\"><a href=\"http:\/\/para-agility.nl\/?page_id=234\" class=\"more-link\">Lees verder <span class=\"screen-reader-text\">&#8220;8e ParAgility World Championship 2009&#8221;<\/span><\/a><\/p>\n","protected":false},"author":1,"featured_media":0,"parent":0,"menu_order":0,"comment_status":"closed","ping_status":"closed","template":"","meta":{"footnotes":""},"class_list":["post-234","page","type-page","status-publish","hentry"],"_links":{"self":[{"href":"http:\/\/para-agility.nl\/index.php?rest_route=\/wp\/v2\/pages\/234","targetHints":{"allow":["GET"]}}],"collection":[{"href":"http:\/\/para-agility.nl\/index.php?rest_route=\/wp\/v2\/pages"}],"about":[{"href":"http:\/\/para-agility.nl\/index.php?rest_route=\/wp\/v2\/types\/page"}],"author":[{"embeddable":true,"href":"http:\/\/para-agility.nl\/index.php?rest_route=\/wp\/v2\/users\/1"}],"replies":[{"embeddable":true,"href":"http:\/\/para-agility.nl\/index.php?rest_route=%2Fwp%2Fv2%2Fcomments&post=234"}],"version-history":[{"count":9,"href":"http:\/\/para-agility.nl\/index.php?rest_route=\/wp\/v2\/pages\/234\/revisions"}],"predecessor-version":[{"id":1580,"href":"http:\/\/para-agility.nl\/index.php?rest_route=\/wp\/v2\/pages\/234\/revisions\/1580"}],"wp:attachment":[{"href":"http:\/\/para-agility.nl\/index.php?rest_route=%2Fwp%2Fv2%2Fmedia&parent=234"}],"curies":[{"name":"wp","href":"https:\/\/api.w.org\/{rel}","templated":true}]}}