{"id":251,"date":"2022-01-16T13:59:20","date_gmt":"2022-01-16T13:59:20","guid":{"rendered":"http:\/\/wordpress.para-agility.nl\/?page_id=251"},"modified":"2023-09-17T18:29:27","modified_gmt":"2023-09-17T18:29:27","slug":"10e-paragility-world-championship-2011","status":"publish","type":"page","link":"http:\/\/para-agility.nl\/?page_id=251","title":{"rendered":"10e ParAgility World Championship 2011"},"content":{"rendered":"\n<figure class=\"wp-block-image size-full\"><img loading=\"lazy\" decoding=\"async\" width=\"545\" height=\"550\" src=\"http:\/\/para-agility.nl\/wp-content\/uploads\/2021\/11\/image-24.png\" alt=\"\" class=\"wp-image-252\" srcset=\"http:\/\/para-agility.nl\/wp-content\/uploads\/2021\/11\/image-24.png 545w, http:\/\/para-agility.nl\/wp-content\/uploads\/2021\/11\/image-24-297x300.png 297w, http:\/\/para-agility.nl\/wp-content\/uploads\/2021\/11\/image-24-150x150.png 150w, http:\/\/para-agility.nl\/wp-content\/uploads\/2021\/11\/image-24-100x100.png 100w\" sizes=\"auto, (max-width: 545px) 100vw, 545px\" \/><figcaption class=\"wp-element-caption\"><strong><em>12e IMCA &amp; 10e PAWC 2011<br>01 t\/m 04-09-2011 in Nijmegen, Nederland<\/em><\/strong><\/figcaption><\/figure>\n\n\n\n<figure class=\"wp-block-image size-full\"><img loading=\"lazy\" decoding=\"async\" width=\"938\" height=\"704\" src=\"http:\/\/para-agility.nl\/wp-content\/uploads\/2021\/11\/image-25.png\" alt=\"\" class=\"wp-image-253\" srcset=\"http:\/\/para-agility.nl\/wp-content\/uploads\/2021\/11\/image-25.png 938w, http:\/\/para-agility.nl\/wp-content\/uploads\/2021\/11\/image-25-300x225.png 300w, http:\/\/para-agility.nl\/wp-content\/uploads\/2021\/11\/image-25-768x576.png 768w\" sizes=\"auto, (max-width: 767px) 89vw, (max-width: 1000px) 54vw, (max-width: 1071px) 543px, 580px\" \/><figcaption class=\"wp-element-caption\"><strong><em>Nederlands IMCA &amp; PAWC Team 2011<br>(jammer genoeg niet allemaal op de foto)<br>IMCA 16 deelnemers met totaal 16 honden<br>PAWC 14 deelnemers met totaal 23 honden<\/em><\/strong><\/figcaption><\/figure>\n\n\n\n<p>Voor de tweede maal georganiseerd in Nederland, ditmaal in de Jan Massinkhal in Nijmegen, een geweldige mooie grote sporthal. Het weer was alle dagen heerlijk zonnig en we mochten deelnemers verwelkomen uit de volgende landen: Belgi\u00eb, Duitsland, Engeland, Finland, Frankrijk,Hongarije,Itali\u00eb,Oostenrijk, Sloveni\u00eb, Spanje,Tsjechi\u00eb, Zwitserland en natuurlijk een groot team voor Nederland, welk ook de landenprijs mee naar huis mocht nemen dit jaar!<\/p>\n\n\n\n<figure class=\"wp-block-image size-full\"><img loading=\"lazy\" decoding=\"async\" width=\"938\" height=\"624\" src=\"http:\/\/para-agility.nl\/wp-content\/uploads\/2021\/11\/image-26.png\" alt=\"\" class=\"wp-image-254\" srcset=\"http:\/\/para-agility.nl\/wp-content\/uploads\/2021\/11\/image-26.png 938w, http:\/\/para-agility.nl\/wp-content\/uploads\/2021\/11\/image-26-300x200.png 300w, http:\/\/para-agility.nl\/wp-content\/uploads\/2021\/11\/image-26-768x511.png 768w\" sizes=\"auto, (max-width: 767px) 89vw, (max-width: 1000px) 54vw, (max-width: 1071px) 543px, 580px\" \/><figcaption class=\"wp-element-caption\"><em><strong>Keurmeesters dit jaar waren van link naar rechts:<br>Dimitrie Vanblaere (Belgi\u00eb), Peter Borsje en Werner Rosseau beiden Nederlandse keurmeesters en alle drie pittige en uitdagende parkoersen hadden opgezet!<\/strong><\/em><\/figcaption><\/figure>\n\n\n\n<p><em><strong>Het 10e Jubileumjaar ParAgility World Cup!<\/strong><\/em><\/p>\n\n\n\n<figure class=\"wp-block-image size-large\"><img loading=\"lazy\" decoding=\"async\" width=\"1024\" height=\"681\" src=\"http:\/\/para-agility.nl\/wp-content\/uploads\/2021\/11\/image-27-1024x681.png\" alt=\"\" class=\"wp-image-255\" srcset=\"http:\/\/para-agility.nl\/wp-content\/uploads\/2021\/11\/image-27-1024x681.png 1024w, http:\/\/para-agility.nl\/wp-content\/uploads\/2021\/11\/image-27-300x199.png 300w, http:\/\/para-agility.nl\/wp-content\/uploads\/2021\/11\/image-27-768x511.png 768w, http:\/\/para-agility.nl\/wp-content\/uploads\/2021\/11\/image-27.png 1250w\" sizes=\"auto, (max-width: 767px) 89vw, (max-width: 1000px) 54vw, (max-width: 1071px) 543px, 580px\" \/><figcaption class=\"wp-element-caption\"><strong><em>Deelnemers PAWC 2011 !<\/em><\/strong><br><\/figcaption><\/figure>\n\n\n\n<figure class=\"wp-block-image size-large\"><img loading=\"lazy\" decoding=\"async\" width=\"1024\" height=\"681\" src=\"http:\/\/para-agility.nl\/wp-content\/uploads\/2021\/11\/image-28-1024x681.png\" alt=\"\" class=\"wp-image-256\" srcset=\"http:\/\/para-agility.nl\/wp-content\/uploads\/2021\/11\/image-28-1024x681.png 1024w, http:\/\/para-agility.nl\/wp-content\/uploads\/2021\/11\/image-28-300x199.png 300w, http:\/\/para-agility.nl\/wp-content\/uploads\/2021\/11\/image-28-768x511.png 768w, http:\/\/para-agility.nl\/wp-content\/uploads\/2021\/11\/image-28.png 1250w\" sizes=\"auto, (max-width: 767px) 89vw, (max-width: 1000px) 54vw, (max-width: 1071px) 543px, 580px\" \/><\/figure>\n\n\n\n<p>Dit jaar namen 77 honden deel in the 10e PAWC, een fantastische stijging elk jaar weer van handlers met een beperking die deze geweldige agilitysport hebben ontdekt!<\/p>\n\n\n\n<figure class=\"wp-block-image size-full\"><img loading=\"lazy\" decoding=\"async\" width=\"933\" height=\"623\" src=\"http:\/\/para-agility.nl\/wp-content\/uploads\/2021\/11\/image-29.png\" alt=\"\" class=\"wp-image-257\" srcset=\"http:\/\/para-agility.nl\/wp-content\/uploads\/2021\/11\/image-29.png 933w, http:\/\/para-agility.nl\/wp-content\/uploads\/2021\/11\/image-29-300x200.png 300w, http:\/\/para-agility.nl\/wp-content\/uploads\/2021\/11\/image-29-768x513.png 768w\" sizes=\"auto, (max-width: 767px) 89vw, (max-width: 1000px) 54vw, (max-width: 1071px) 543px, 580px\" \/><figcaption class=\"wp-element-caption\"><strong><em>Bij de openingsceremonie op donderdagavond, was Martin Gaus<br>(oprichter van vele hondensporten hier in Nederland) aanwezig<br>en hier ontvangt hij, uit de handen van Susan Rekveld,<br>het 10-jarig Jubileumboekje PAWC<\/em><\/strong><\/figcaption><\/figure>\n\n\n\n<figure class=\"wp-block-image size-full\"><img loading=\"lazy\" decoding=\"async\" width=\"938\" height=\"624\" src=\"http:\/\/para-agility.nl\/wp-content\/uploads\/2021\/11\/image-31.png\" alt=\"\" class=\"wp-image-259\" srcset=\"http:\/\/para-agility.nl\/wp-content\/uploads\/2021\/11\/image-31.png 938w, http:\/\/para-agility.nl\/wp-content\/uploads\/2021\/11\/image-31-300x200.png 300w, http:\/\/para-agility.nl\/wp-content\/uploads\/2021\/11\/image-31-768x511.png 768w\" sizes=\"auto, (max-width: 767px) 89vw, (max-width: 1000px) 54vw, (max-width: 1071px) 543px, 580px\" \/><figcaption class=\"wp-element-caption\"><strong><em>Huldiging aan de mede-oprichters PAWC: Sandor Alt, Arpad Toth en Richard Manyik uit Hongarije<\/em><\/strong><\/figcaption><\/figure>\n\n\n\n<figure class=\"wp-block-image size-full\"><img loading=\"lazy\" decoding=\"async\" width=\"833\" height=\"605\" src=\"http:\/\/para-agility.nl\/wp-content\/uploads\/2023\/09\/image-3.png\" alt=\"Deze afbeelding heeft een leeg alt-attribuut; de bestandsnaam is image-30.png\" class=\"wp-image-2033\" srcset=\"http:\/\/para-agility.nl\/wp-content\/uploads\/2023\/09\/image-3.png 833w, http:\/\/para-agility.nl\/wp-content\/uploads\/2023\/09\/image-3-300x218.png 300w, http:\/\/para-agility.nl\/wp-content\/uploads\/2023\/09\/image-3-768x558.png 768w\" sizes=\"auto, (max-width: 767px) 89vw, (max-width: 1000px) 54vw, (max-width: 1071px) 543px, 580px\" \/><figcaption class=\"wp-element-caption\"><strong><em>Volgend jaar zal Belgi\u00eb het gastland zijn voor de 13e IMCA &amp; 11e PAWC 2012!<\/em><\/strong><\/figcaption><\/figure>\n\n\n\n<ul class=\"wp-block-list\">\n<li><a href=\"http:\/\/para-agility.nl\/?page_id=633\"><strong>Terug naar Pagina: Alle informatie PAWC<\/strong><\/a><\/li>\n<\/ul>\n","protected":false},"excerpt":{"rendered":"<p>Voor de tweede maal georganiseerd in Nederland, ditmaal in de Jan Massinkhal in Nijmegen, een geweldige mooie grote sporthal. Het weer was alle dagen heerlijk zonnig en we mochten deelnemers verwelkomen uit de volgende landen: Belgi\u00eb, Duitsland, Engeland, Finland, Frankrijk,Hongarije,Itali\u00eb,Oostenrijk, Sloveni\u00eb, Spanje,Tsjechi\u00eb, Zwitserland en natuurlijk een groot team voor Nederland, welk ook de landenprijs mee &hellip; <\/p>\n<p class=\"link-more\"><a href=\"http:\/\/para-agility.nl\/?page_id=251\" class=\"more-link\">Lees verder <span class=\"screen-reader-text\">&#8220;10e ParAgility World Championship 2011&#8221;<\/span><\/a><\/p>\n","protected":false},"author":1,"featured_media":0,"parent":0,"menu_order":0,"comment_status":"closed","ping_status":"closed","template":"","meta":{"footnotes":""},"class_list":["post-251","page","type-page","status-publish","hentry"],"_links":{"self":[{"href":"http:\/\/para-agility.nl\/index.php?rest_route=\/wp\/v2\/pages\/251","targetHints":{"allow":["GET"]}}],"collection":[{"href":"http:\/\/para-agility.nl\/index.php?rest_route=\/wp\/v2\/pages"}],"about":[{"href":"http:\/\/para-agility.nl\/index.php?rest_route=\/wp\/v2\/types\/page"}],"author":[{"embeddable":true,"href":"http:\/\/para-agility.nl\/index.php?rest_route=\/wp\/v2\/users\/1"}],"replies":[{"embeddable":true,"href":"http:\/\/para-agility.nl\/index.php?rest_route=%2Fwp%2Fv2%2Fcomments&post=251"}],"version-history":[{"count":10,"href":"http:\/\/para-agility.nl\/index.php?rest_route=\/wp\/v2\/pages\/251\/revisions"}],"predecessor-version":[{"id":2034,"href":"http:\/\/para-agility.nl\/index.php?rest_route=\/wp\/v2\/pages\/251\/revisions\/2034"}],"wp:attachment":[{"href":"http:\/\/para-agility.nl\/index.php?rest_route=%2Fwp%2Fv2%2Fmedia&parent=251"}],"curies":[{"name":"wp","href":"https:\/\/api.w.org\/{rel}","templated":true}]}}