{"id":275,"date":"2022-01-16T14:02:01","date_gmt":"2022-01-16T14:02:01","guid":{"rendered":"http:\/\/wordpress.para-agility.nl\/?page_id=275"},"modified":"2022-01-20T20:48:38","modified_gmt":"2022-01-20T20:48:38","slug":"12e-paragility-world-championship-2013","status":"publish","type":"page","link":"http:\/\/para-agility.nl\/?page_id=275","title":{"rendered":"12e ParAgility World Championship 2013"},"content":{"rendered":"\n<figure class=\"wp-block-image size-full\"><img loading=\"lazy\" decoding=\"async\" width=\"569\" height=\"333\" src=\"http:\/\/para-agility.nl\/wp-content\/uploads\/2021\/11\/image-40.png\" alt=\"\" class=\"wp-image-276\" srcset=\"http:\/\/para-agility.nl\/wp-content\/uploads\/2021\/11\/image-40.png 569w, http:\/\/para-agility.nl\/wp-content\/uploads\/2021\/11\/image-40-300x176.png 300w\" sizes=\"auto, (max-width: 569px) 100vw, 569px\" \/><figcaption><strong><em>14e IMCA &amp; 12e PAWC 2013<br>5 t\/m 8 September 2013, Gyula, Hongarije<\/em><\/strong><\/figcaption><\/figure>\n\n\n\n<figure class=\"wp-block-image size-large\"><img loading=\"lazy\" decoding=\"async\" width=\"1024\" height=\"771\" src=\"http:\/\/para-agility.nl\/wp-content\/uploads\/2021\/11\/image-41-1024x771.png\" alt=\"\" class=\"wp-image-277\" srcset=\"http:\/\/para-agility.nl\/wp-content\/uploads\/2021\/11\/image-41-1024x771.png 1024w, http:\/\/para-agility.nl\/wp-content\/uploads\/2021\/11\/image-41-300x226.png 300w, http:\/\/para-agility.nl\/wp-content\/uploads\/2021\/11\/image-41-768x578.png 768w, http:\/\/para-agility.nl\/wp-content\/uploads\/2021\/11\/image-41.png 1031w\" sizes=\"auto, (max-width: 767px) 89vw, (max-width: 1000px) 54vw, (max-width: 1071px) 543px, 580px\" \/><figcaption><strong><em>IMCA &amp; PAWC Team voor Nederland, met de Nederlandse keurmeesters Werner Rosseau en Rick Molenkamp<\/em><\/strong><\/figcaption><\/figure>\n\n\n\n<p>Voor de 3e keer werd dit Wereldkampioenschap Agility georganiseerd in Gyula in Hongarije door Sandor Alt en Arpad Toth.<br>Totaal 18 landen die deelnamen voor IMCA &amp; PAWC: Belgi\u00eb,Canada,Denemarken,Duitsland,Finland,Frankrijk,Groot Brittanni\u00eb, Itali\u00eb,Japan,Nederland,Oostenrijk,Roemeni\u00eb,Rusland, Tsjechi\u00eb, Slowakije,Spanje,Zwitserland en natuurlijk een groot team van het thuisland Hongarije.<\/p>\n\n\n\n<figure class=\"wp-block-image size-large\"><img loading=\"lazy\" decoding=\"async\" width=\"1024\" height=\"685\" src=\"http:\/\/para-agility.nl\/wp-content\/uploads\/2021\/11\/image-42-1024x685.png\" alt=\"\" class=\"wp-image-278\" srcset=\"http:\/\/para-agility.nl\/wp-content\/uploads\/2021\/11\/image-42-1024x685.png 1024w, http:\/\/para-agility.nl\/wp-content\/uploads\/2021\/11\/image-42-300x201.png 300w, http:\/\/para-agility.nl\/wp-content\/uploads\/2021\/11\/image-42-768x513.png 768w, http:\/\/para-agility.nl\/wp-content\/uploads\/2021\/11\/image-42.png 1204w\" sizes=\"auto, (max-width: 767px) 89vw, (max-width: 1000px) 54vw, (max-width: 1071px) 543px, 580px\" \/><figcaption><strong><em>Nederlands Team PAWC 2013 met coach Gerry Barelds en ass.coach Verena Boom<\/em><\/strong><\/figcaption><\/figure>\n\n\n\n<p><strong><em>Vanuit Nederland hadden ingeschreven voor de PAWC dit jaar:<\/em><\/strong><br>Jeanne Demage met Tommie<br>Yvonne Dozeman met Yuna<br>Jannie van Dijk met Max<br>Sharon Erestein met Jigsaw en Magic<br>Patricia Fuchs met Eibhleann en Kyona<br>Sarah van Leliveld met Sky<br>Gerard Velner met Kyra<br>Susan Rekveld had ingeschreven met haar honden Joep en Joy, maar door een ongeluk op 23-08-2013 kon zij dit jaar niet deelnemen.<\/p>\n\n\n\n<p>Nieuwe deelnemers voor PAWC dit jaar waren:<br>Canada: Sharon Palmer en Anne Weidemann<br>Finland: Sari Kuusela-Huotari en Melja Ellonen<br>Hongarije: Janos Armos<br>Japan: Shizuka Kurita<br>Nederland: Gerald Velner<br>Zwitserland: Beatrice Weiss<\/p>\n\n\n\n<p><strong><em>Parkoersen PAWC 2013:<\/em><\/strong><\/p>\n\n\n\n<figure class=\"wp-block-image size-large\"><img loading=\"lazy\" decoding=\"async\" width=\"695\" height=\"1024\" src=\"http:\/\/para-agility.nl\/wp-content\/uploads\/2021\/11\/image-43-695x1024.png\" alt=\"\" class=\"wp-image-279\" srcset=\"http:\/\/para-agility.nl\/wp-content\/uploads\/2021\/11\/image-43-695x1024.png 695w, http:\/\/para-agility.nl\/wp-content\/uploads\/2021\/11\/image-43-204x300.png 204w, http:\/\/para-agility.nl\/wp-content\/uploads\/2021\/11\/image-43.png 733w\" sizes=\"auto, (max-width: 695px) 100vw, 695px\" \/><\/figure>\n\n\n\n<figure class=\"wp-block-image size-large\"><img loading=\"lazy\" decoding=\"async\" width=\"585\" height=\"1024\" src=\"http:\/\/para-agility.nl\/wp-content\/uploads\/2021\/11\/image-44-585x1024.png\" alt=\"\" class=\"wp-image-280\" srcset=\"http:\/\/para-agility.nl\/wp-content\/uploads\/2021\/11\/image-44-585x1024.png 585w, http:\/\/para-agility.nl\/wp-content\/uploads\/2021\/11\/image-44-171x300.png 171w, http:\/\/para-agility.nl\/wp-content\/uploads\/2021\/11\/image-44-768x1345.png 768w, http:\/\/para-agility.nl\/wp-content\/uploads\/2021\/11\/image-44-877x1536.png 877w, http:\/\/para-agility.nl\/wp-content\/uploads\/2021\/11\/image-44.png 1124w\" sizes=\"auto, (max-width: 585px) 100vw, 585px\" \/><\/figure>\n\n\n\n<figure class=\"wp-block-image size-large\"><img loading=\"lazy\" decoding=\"async\" width=\"1024\" height=\"537\" src=\"http:\/\/para-agility.nl\/wp-content\/uploads\/2021\/11\/image-45-1024x537.png\" alt=\"\" class=\"wp-image-281\" srcset=\"http:\/\/para-agility.nl\/wp-content\/uploads\/2021\/11\/image-45-1024x537.png 1024w, http:\/\/para-agility.nl\/wp-content\/uploads\/2021\/11\/image-45-300x157.png 300w, http:\/\/para-agility.nl\/wp-content\/uploads\/2021\/11\/image-45-768x402.png 768w, http:\/\/para-agility.nl\/wp-content\/uploads\/2021\/11\/image-45.png 1250w\" sizes=\"auto, (max-width: 767px) 89vw, (max-width: 1000px) 54vw, (max-width: 1071px) 543px, 580px\" \/><\/figure>\n\n\n\n<ul class=\"wp-block-list\"><li><a href=\"http:\/\/para-agility.nl\/?page_id=633\"><strong>Terug naar Pagina: Alle informatie PAWC<\/strong><\/a><\/li><\/ul>\n","protected":false},"excerpt":{"rendered":"<p>Voor de 3e keer werd dit Wereldkampioenschap Agility georganiseerd in Gyula in Hongarije door Sandor Alt en Arpad Toth.Totaal 18 landen die deelnamen voor IMCA &amp; PAWC: Belgi\u00eb,Canada,Denemarken,Duitsland,Finland,Frankrijk,Groot Brittanni\u00eb, Itali\u00eb,Japan,Nederland,Oostenrijk,Roemeni\u00eb,Rusland, Tsjechi\u00eb, Slowakije,Spanje,Zwitserland en natuurlijk een groot team van het thuisland Hongarije. Vanuit Nederland hadden ingeschreven voor de PAWC dit jaar:Jeanne Demage met TommieYvonne Dozeman met &hellip; <\/p>\n<p class=\"link-more\"><a href=\"http:\/\/para-agility.nl\/?page_id=275\" class=\"more-link\">Lees verder <span class=\"screen-reader-text\">&#8220;12e ParAgility World Championship 2013&#8221;<\/span><\/a><\/p>\n","protected":false},"author":1,"featured_media":0,"parent":0,"menu_order":0,"comment_status":"closed","ping_status":"closed","template":"","meta":{"footnotes":""},"class_list":["post-275","page","type-page","status-publish","hentry"],"_links":{"self":[{"href":"http:\/\/para-agility.nl\/index.php?rest_route=\/wp\/v2\/pages\/275","targetHints":{"allow":["GET"]}}],"collection":[{"href":"http:\/\/para-agility.nl\/index.php?rest_route=\/wp\/v2\/pages"}],"about":[{"href":"http:\/\/para-agility.nl\/index.php?rest_route=\/wp\/v2\/types\/page"}],"author":[{"embeddable":true,"href":"http:\/\/para-agility.nl\/index.php?rest_route=\/wp\/v2\/users\/1"}],"replies":[{"embeddable":true,"href":"http:\/\/para-agility.nl\/index.php?rest_route=%2Fwp%2Fv2%2Fcomments&post=275"}],"version-history":[{"count":7,"href":"http:\/\/para-agility.nl\/index.php?rest_route=\/wp\/v2\/pages\/275\/revisions"}],"predecessor-version":[{"id":1590,"href":"http:\/\/para-agility.nl\/index.php?rest_route=\/wp\/v2\/pages\/275\/revisions\/1590"}],"wp:attachment":[{"href":"http:\/\/para-agility.nl\/index.php?rest_route=%2Fwp%2Fv2%2Fmedia&parent=275"}],"curies":[{"name":"wp","href":"https:\/\/api.w.org\/{rel}","templated":true}]}}