{"id":288,"date":"2022-01-16T14:02:52","date_gmt":"2022-01-16T14:02:52","guid":{"rendered":"http:\/\/wordpress.para-agility.nl\/?page_id=288"},"modified":"2022-01-20T20:49:07","modified_gmt":"2022-01-20T20:49:07","slug":"13e-paragility-world-championship-2014","status":"publish","type":"page","link":"http:\/\/para-agility.nl\/?page_id=288","title":{"rendered":"13e ParAgility World Championship 2014"},"content":{"rendered":"\n<figure class=\"wp-block-image size-large\"><img loading=\"lazy\" decoding=\"async\" width=\"1024\" height=\"428\" src=\"http:\/\/para-agility.nl\/wp-content\/uploads\/2021\/11\/image-46-1024x428.png\" alt=\"\" class=\"wp-image-289\" srcset=\"http:\/\/para-agility.nl\/wp-content\/uploads\/2021\/11\/image-46-1024x428.png 1024w, http:\/\/para-agility.nl\/wp-content\/uploads\/2021\/11\/image-46-300x125.png 300w, http:\/\/para-agility.nl\/wp-content\/uploads\/2021\/11\/image-46-768x321.png 768w, http:\/\/para-agility.nl\/wp-content\/uploads\/2021\/11\/image-46.png 1108w\" sizes=\"auto, (max-width: 767px) 89vw, (max-width: 1000px) 54vw, (max-width: 1071px) 543px, 580px\" \/><figcaption><strong><em>15e IMCA &amp; 13e PAWC 2014<br>4 t\/m 7 September 2014, Voghera, Itali\u00eb<\/em><\/strong><\/figcaption><\/figure>\n\n\n\n<figure class=\"wp-block-image size-large\"><img loading=\"lazy\" decoding=\"async\" width=\"1024\" height=\"683\" src=\"http:\/\/para-agility.nl\/wp-content\/uploads\/2021\/11\/image-47-1024x683.png\" alt=\"\" class=\"wp-image-290\" srcset=\"http:\/\/para-agility.nl\/wp-content\/uploads\/2021\/11\/image-47-1024x683.png 1024w, http:\/\/para-agility.nl\/wp-content\/uploads\/2021\/11\/image-47-300x200.png 300w, http:\/\/para-agility.nl\/wp-content\/uploads\/2021\/11\/image-47-768x512.png 768w, http:\/\/para-agility.nl\/wp-content\/uploads\/2021\/11\/image-47.png 1215w\" sizes=\"auto, (max-width: 767px) 89vw, (max-width: 1000px) 54vw, (max-width: 1071px) 543px, 580px\" \/><figcaption><em><strong>Nederlands PAWC Team 2014 met coach Gerry Barelds en ass.coach Verena Boom<\/strong><\/em><\/figcaption><\/figure>\n\n\n\n<p>Voor de 3e keer werd dit Wereldkampioenschap Agility georganiseerd in Itali\u00eb , dit jaar in op de Cowboys Guest Ranch in Voghera.<br>Totaal 16 landen die deelnamen voor IMCA &amp; PAWC: Belgi\u00eb,Canada,Denemarken,Duitsland,Finland,Frankrijk,Griekenland, Groot Brittanni\u00eb, Hongarije,Nederland,Oostenrijk, Slowakije,Spanje,Tsjechi\u00eb,Zwitserland en natuurlijk een groot team van het thuisland Itali\u00eb!<\/p>\n\n\n\n<p><strong><em>Vanuit Nederland hebben deelgenomen aan de PAWC dit jaar:<\/em><\/strong><\/p>\n\n\n\n<p>Yvonne Dozeman met Yuna<br>Jannie van Dijk met Max<br>Sharon Erestein met Jigsaw<br>Jeroen Koerkamp met Bo<br>Sarah van Leliveld met Sky<br>Susan Rekveld met Joep en Joy<br>Margot Seifert met Skippe<br>Erik Stoeten met Chua<br>Gerard Velner met Kyra<br>Corine Westveer met Woezel<\/p>\n\n\n\n<p><em><strong>Nieuwe deelnemers voor PAWC dit jaar waren:<\/strong><\/em><br><strong>Duitsland: <\/strong>Christian Cockler<br>Harald Kaufer<br><strong>Engeland: <\/strong>Angela Lucas<br>Frances Elliot<br>Milie Roberts<br>Amanda Smith<br><strong>Finland:<\/strong> Jukka Leppala<br>Marika Ruohonen<br><strong>Frankrijk:<\/strong> Marie Marquise<br>Michele Audouit<br>Chantal Charron<br><strong>Italie: <\/strong>Erika Vedovato<br>Stella Sala<br>Laura Flore Colombo<br>Antonella Giofre<br>Nicole Mazza<br><strong>Oostenrijk:<\/strong> Gunther Muller<br><strong>Nederland:<\/strong> Jeroen Koerkamp<br>Margot Seifert<br>Erik Stoeten<br>Corine Westveer<br><strong>Zwitserland:<\/strong> Christina Vuilleumier<br>Claudia Jenni<\/p>\n\n\n\n<figure class=\"wp-block-image size-large\"><img loading=\"lazy\" decoding=\"async\" width=\"1024\" height=\"683\" src=\"http:\/\/para-agility.nl\/wp-content\/uploads\/2021\/11\/image-48-1024x683.png\" alt=\"\" class=\"wp-image-291\" srcset=\"http:\/\/para-agility.nl\/wp-content\/uploads\/2021\/11\/image-48-1024x683.png 1024w, http:\/\/para-agility.nl\/wp-content\/uploads\/2021\/11\/image-48-300x200.png 300w, http:\/\/para-agility.nl\/wp-content\/uploads\/2021\/11\/image-48-768x512.png 768w, http:\/\/para-agility.nl\/wp-content\/uploads\/2021\/11\/image-48.png 1215w\" sizes=\"auto, (max-width: 767px) 89vw, (max-width: 1000px) 54vw, (max-width: 1071px) 543px, 580px\" \/><figcaption><strong><em>Keurmeesters:<br>Marc Sunders uit England (1e links)<br>Jean Pierre Cavicchioli uit Itali\u00eb (2e links)<br>Arpad Toth uit Hongarije (rechts)<\/em><\/strong><\/figcaption><\/figure>\n\n\n\n<ul class=\"wp-block-list\"><li><a href=\"http:\/\/para-agility.nl\/?page_id=633\"><strong>Terug naar Pagina: Alle Informatie PAWC<\/strong><\/a><\/li><\/ul>\n","protected":false},"excerpt":{"rendered":"<p>Voor de 3e keer werd dit Wereldkampioenschap Agility georganiseerd in Itali\u00eb , dit jaar in op de Cowboys Guest Ranch in Voghera.Totaal 16 landen die deelnamen voor IMCA &amp; PAWC: Belgi\u00eb,Canada,Denemarken,Duitsland,Finland,Frankrijk,Griekenland, Groot Brittanni\u00eb, Hongarije,Nederland,Oostenrijk, Slowakije,Spanje,Tsjechi\u00eb,Zwitserland en natuurlijk een groot team van het thuisland Itali\u00eb! Vanuit Nederland hebben deelgenomen aan de PAWC dit jaar: Yvonne Dozeman &hellip; <\/p>\n<p class=\"link-more\"><a href=\"http:\/\/para-agility.nl\/?page_id=288\" class=\"more-link\">Lees verder <span class=\"screen-reader-text\">&#8220;13e ParAgility World Championship 2014&#8221;<\/span><\/a><\/p>\n","protected":false},"author":1,"featured_media":0,"parent":0,"menu_order":0,"comment_status":"closed","ping_status":"closed","template":"","meta":{"footnotes":""},"class_list":["post-288","page","type-page","status-publish","hentry"],"_links":{"self":[{"href":"http:\/\/para-agility.nl\/index.php?rest_route=\/wp\/v2\/pages\/288","targetHints":{"allow":["GET"]}}],"collection":[{"href":"http:\/\/para-agility.nl\/index.php?rest_route=\/wp\/v2\/pages"}],"about":[{"href":"http:\/\/para-agility.nl\/index.php?rest_route=\/wp\/v2\/types\/page"}],"author":[{"embeddable":true,"href":"http:\/\/para-agility.nl\/index.php?rest_route=\/wp\/v2\/users\/1"}],"replies":[{"embeddable":true,"href":"http:\/\/para-agility.nl\/index.php?rest_route=%2Fwp%2Fv2%2Fcomments&post=288"}],"version-history":[{"count":7,"href":"http:\/\/para-agility.nl\/index.php?rest_route=\/wp\/v2\/pages\/288\/revisions"}],"predecessor-version":[{"id":1591,"href":"http:\/\/para-agility.nl\/index.php?rest_route=\/wp\/v2\/pages\/288\/revisions\/1591"}],"wp:attachment":[{"href":"http:\/\/para-agility.nl\/index.php?rest_route=%2Fwp%2Fv2%2Fmedia&parent=288"}],"curies":[{"name":"wp","href":"https:\/\/api.w.org\/{rel}","templated":true}]}}