{"id":294,"date":"2022-01-16T14:12:58","date_gmt":"2022-01-16T14:12:58","guid":{"rendered":"http:\/\/wordpress.para-agility.nl\/?page_id=294"},"modified":"2022-01-20T20:50:14","modified_gmt":"2022-01-20T20:50:14","slug":"14e-paragility-world-championship-2015","status":"publish","type":"page","link":"http:\/\/para-agility.nl\/?page_id=294","title":{"rendered":"14e ParAgility World Championship 2015"},"content":{"rendered":"\n<figure class=\"wp-block-image size-full\"><img loading=\"lazy\" decoding=\"async\" width=\"268\" height=\"276\" src=\"http:\/\/para-agility.nl\/wp-content\/uploads\/2021\/11\/image-49.png\" alt=\"\" class=\"wp-image-295\"\/><figcaption><strong><em>16e IMCA &amp; 14e PAWC 2015<br>27 t\/m 30 augustus 2015 in Traun, Oostenrijk<\/em><\/strong><\/figcaption><\/figure>\n\n\n\n<figure class=\"wp-block-image size-large\"><img loading=\"lazy\" decoding=\"async\" width=\"1024\" height=\"684\" src=\"http:\/\/para-agility.nl\/wp-content\/uploads\/2021\/11\/image-50-1024x684.png\" alt=\"\" class=\"wp-image-296\" srcset=\"http:\/\/para-agility.nl\/wp-content\/uploads\/2021\/11\/image-50-1024x684.png 1024w, http:\/\/para-agility.nl\/wp-content\/uploads\/2021\/11\/image-50-300x200.png 300w, http:\/\/para-agility.nl\/wp-content\/uploads\/2021\/11\/image-50-768x513.png 768w, http:\/\/para-agility.nl\/wp-content\/uploads\/2021\/11\/image-50-1536x1026.png 1536w, http:\/\/para-agility.nl\/wp-content\/uploads\/2021\/11\/image-50.png 1684w\" sizes=\"auto, (max-width: 767px) 89vw, (max-width: 1000px) 54vw, (max-width: 1071px) 543px, 580px\" \/><figcaption><em><strong>Nederlands PAWC Team 2015 met teamleider Gerry Barelds en ass.coaches Verena Boom en Jan Barelds<\/strong><\/em><\/figcaption><\/figure>\n\n\n\n<p>Voor de eerste keer waren wij te gast in het land Oostenrijk, in de prachtige Haka Arena Sporthal in Traun.<br>Totaal 17 landen die deelnamen voor IMCA &amp; PAWC: Belgi\u00eb, Canada, Denemarken, Duitsland, Finland, Frankrijk, Groot Brittanni\u00eb, Hongarije, Italie, Nederland, Rusland, Slovenie, Slowakije, Spanje, Tsjechi\u00eb, Zwitserland en natuurlijk een groot team van het thuisland Oostenrijk<\/p>\n\n\n\n<figure class=\"wp-block-image size-full\"><img loading=\"lazy\" decoding=\"async\" width=\"524\" height=\"704\" src=\"http:\/\/para-agility.nl\/wp-content\/uploads\/2021\/11\/image-51.png\" alt=\"\" class=\"wp-image-297\" srcset=\"http:\/\/para-agility.nl\/wp-content\/uploads\/2021\/11\/image-51.png 524w, http:\/\/para-agility.nl\/wp-content\/uploads\/2021\/11\/image-51-223x300.png 223w\" sizes=\"auto, (max-width: 524px) 100vw, 524px\" \/><\/figure>\n\n\n\n<p>V<strong><em>anuit Nederland hebben deelgenomen aan de PAWC dit jaar:<\/em><\/strong> <\/p>\n\n\n\n<p>Rob Barelds met Xzena<br>Patricia Fuchs met Kyona en Eibhleann<br>Jeroen Koerkamp met Bo<br>Sarah van Leliveld met Sky<br>Susan Rekveld met Joep en Joy<br>Margot Seifert met Skippe en Luna<br>Erik Stoeten met Chua en Graig<br>Gerard Velner met Kyra<br>Caroline Vink met Viktor<br>Corine Westveer met Woezel en Morrey<\/p>\n\n\n\n<p><strong><em>Nieuwe deelnemers voor PAWC dit jaar waren:<\/em><\/strong><br><strong>Duitsland:<\/strong> Klaus-Dieter Wendt<br>Peter Hartung<br>Andrea Heintz<br>Sabine Mali<br>Doris Saller<br>Kerstin Weller<br><strong>Engeland:<\/strong> Julie Chapman<br>Linda Crowford<br>Faith Whiteley<br><strong>Finland:<\/strong> Outi Huuskonen<br>Rauno Virta<br><strong>Frankrijk:<\/strong> Cedric Capitain<br>David Vanwienendael<br><strong>Hongarije: <\/strong>Viktoria Gulyas<br><strong>Italie:<\/strong> Arianna Bertolini<br><strong>Oostenrijk:<\/strong> Holger Bonisch<br>Pamela Herold<br>Ulli Simperler<br>Christian Sturmberger<br><strong>Nederland:<\/strong> Caroline Vink<br><strong>Tsjechie:<\/strong> Hana Lochovska<\/p>\n\n\n\n<figure class=\"wp-block-image size-large\"><img loading=\"lazy\" decoding=\"async\" width=\"1024\" height=\"768\" src=\"http:\/\/para-agility.nl\/wp-content\/uploads\/2021\/11\/image-52-1024x768.png\" alt=\"\" class=\"wp-image-298\" srcset=\"http:\/\/para-agility.nl\/wp-content\/uploads\/2021\/11\/image-52-1024x768.png 1024w, http:\/\/para-agility.nl\/wp-content\/uploads\/2021\/11\/image-52-300x225.png 300w, http:\/\/para-agility.nl\/wp-content\/uploads\/2021\/11\/image-52-768x576.png 768w, http:\/\/para-agility.nl\/wp-content\/uploads\/2021\/11\/image-52.png 1120w\" sizes=\"auto, (max-width: 767px) 89vw, (max-width: 1000px) 54vw, (max-width: 1071px) 543px, 580px\" \/><figcaption><strong><em>Keurmeesters:<\/em><\/strong><br><strong><em>links Eduard Meisel (Oostenrijk) , in &#8217;t midden Arnaldo Benini ( Itali\u00eb) en rechts Szabo Istvan ( Hongarije)<\/em><\/strong><\/figcaption><\/figure>\n\n\n\n<ul class=\"wp-block-list\"><li><a href=\"http:\/\/para-agility.nl\/?page_id=633\"><strong>Terug naar Pagina: Alle informatie PAWC<\/strong><\/a><\/li><\/ul>\n","protected":false},"excerpt":{"rendered":"<p>Voor de eerste keer waren wij te gast in het land Oostenrijk, in de prachtige Haka Arena Sporthal in Traun.Totaal 17 landen die deelnamen voor IMCA &amp; PAWC: Belgi\u00eb, Canada, Denemarken, Duitsland, Finland, Frankrijk, Groot Brittanni\u00eb, Hongarije, Italie, Nederland, Rusland, Slovenie, Slowakije, Spanje, Tsjechi\u00eb, Zwitserland en natuurlijk een groot team van het thuisland Oostenrijk Vanuit &hellip; <\/p>\n<p class=\"link-more\"><a href=\"http:\/\/para-agility.nl\/?page_id=294\" class=\"more-link\">Lees verder <span class=\"screen-reader-text\">&#8220;14e ParAgility World Championship 2015&#8221;<\/span><\/a><\/p>\n","protected":false},"author":1,"featured_media":0,"parent":0,"menu_order":0,"comment_status":"closed","ping_status":"closed","template":"","meta":{"footnotes":""},"class_list":["post-294","page","type-page","status-publish","hentry"],"_links":{"self":[{"href":"http:\/\/para-agility.nl\/index.php?rest_route=\/wp\/v2\/pages\/294","targetHints":{"allow":["GET"]}}],"collection":[{"href":"http:\/\/para-agility.nl\/index.php?rest_route=\/wp\/v2\/pages"}],"about":[{"href":"http:\/\/para-agility.nl\/index.php?rest_route=\/wp\/v2\/types\/page"}],"author":[{"embeddable":true,"href":"http:\/\/para-agility.nl\/index.php?rest_route=\/wp\/v2\/users\/1"}],"replies":[{"embeddable":true,"href":"http:\/\/para-agility.nl\/index.php?rest_route=%2Fwp%2Fv2%2Fcomments&post=294"}],"version-history":[{"count":6,"href":"http:\/\/para-agility.nl\/index.php?rest_route=\/wp\/v2\/pages\/294\/revisions"}],"predecessor-version":[{"id":1592,"href":"http:\/\/para-agility.nl\/index.php?rest_route=\/wp\/v2\/pages\/294\/revisions\/1592"}],"wp:attachment":[{"href":"http:\/\/para-agility.nl\/index.php?rest_route=%2Fwp%2Fv2%2Fmedia&parent=294"}],"curies":[{"name":"wp","href":"https:\/\/api.w.org\/{rel}","templated":true}]}}