{"id":300,"date":"2022-01-16T14:20:24","date_gmt":"2022-01-16T14:20:24","guid":{"rendered":"http:\/\/wordpress.para-agility.nl\/?page_id=300"},"modified":"2022-01-20T20:50:55","modified_gmt":"2022-01-20T20:50:55","slug":"15e-paragility-world-championship-2016","status":"publish","type":"page","link":"http:\/\/para-agility.nl\/?page_id=300","title":{"rendered":"15e ParAgility World Championship 2016"},"content":{"rendered":"\n<figure class=\"wp-block-image size-full\"><img loading=\"lazy\" decoding=\"async\" width=\"561\" height=\"543\" src=\"http:\/\/para-agility.nl\/wp-content\/uploads\/2021\/11\/image-53.png\" alt=\"\" class=\"wp-image-301\" srcset=\"http:\/\/para-agility.nl\/wp-content\/uploads\/2021\/11\/image-53.png 561w, http:\/\/para-agility.nl\/wp-content\/uploads\/2021\/11\/image-53-300x290.png 300w\" sizes=\"auto, (max-width: 561px) 100vw, 561px\" \/><figcaption><strong><em>17e IMCA &amp; 15e PAWC 2016<br>25 t\/m 28 augustus 2015 in Frydek-Mistek, Tsjechi\u00eb<\/em><\/strong><\/figcaption><\/figure>\n\n\n\n<figure class=\"wp-block-image size-full\"><img loading=\"lazy\" decoding=\"async\" width=\"881\" height=\"289\" src=\"http:\/\/para-agility.nl\/wp-content\/uploads\/2021\/11\/image-54.png\" alt=\"\" class=\"wp-image-302\" srcset=\"http:\/\/para-agility.nl\/wp-content\/uploads\/2021\/11\/image-54.png 881w, http:\/\/para-agility.nl\/wp-content\/uploads\/2021\/11\/image-54-300x98.png 300w, http:\/\/para-agility.nl\/wp-content\/uploads\/2021\/11\/image-54-768x252.png 768w\" sizes=\"auto, (max-width: 767px) 89vw, (max-width: 1000px) 54vw, (max-width: 1071px) 543px, 580px\" \/><\/figure>\n\n\n\n<p>Dit jaar te gast in Tsjechi\u00eb, het land welk in 2000 de allereerste IMCA heeft georganiseerd!<br>Het wereldkampioenschap werd gehouden in een prachtige hal waar normaal ijshockey wordt gedaan, Arena Polarka in Frydek-Mistek. Hierdoor was de temperatuur in de hal in het begin zelfs erg koud te noemen, maar op de wedstrijddagen heerlijk koel, iets wat heel prettig was met hoge temperaturen buiten, zowel voor handler als voor de hond!<\/p>\n\n\n\n<p>Totaal 17 deelnemende landen met iets meer dan 250 deelnemers uit Belgi\u00eb, Oostenrijk, Belarus, Tsjechi\u00eb, Duitsland, Finland, Frankrijk, Hongarije, Itali\u00eb, Latvia, Rusland, Sloveni\u00eb, Slowakia, Spanje, Zwitserland, Engeland en natuurlijk het team uit Nederland.<\/p>\n\n\n\n<figure class=\"wp-block-image size-full\"><img loading=\"lazy\" decoding=\"async\" width=\"761\" height=\"511\" src=\"http:\/\/para-agility.nl\/wp-content\/uploads\/2021\/11\/image-55.png\" alt=\"\" class=\"wp-image-303\" srcset=\"http:\/\/para-agility.nl\/wp-content\/uploads\/2021\/11\/image-55.png 761w, http:\/\/para-agility.nl\/wp-content\/uploads\/2021\/11\/image-55-300x201.png 300w\" sizes=\"auto, (max-width: 706px) 89vw, (max-width: 767px) 82vw, 740px\" \/><figcaption><strong><em>PAWC Team Nederland 2016<br>Rob Barelds met Xzena<br>Sharon Erenstein met Jig Saw<br>Sarah van Leliveld met Sky<br>Susan Rekveld met Joy<br>Margot Steifert- Lucking met Luna<br>Erik van Stoeten met Chua en Craig<br>Corine Westveer met Morrey<br>Caroline Vink met Viktor<\/em><\/strong><\/figcaption><\/figure>\n\n\n\n<figure class=\"wp-block-image size-large\"><img loading=\"lazy\" decoding=\"async\" width=\"1024\" height=\"576\" src=\"http:\/\/para-agility.nl\/wp-content\/uploads\/2021\/11\/image-56-1024x576.png\" alt=\"\" class=\"wp-image-305\" srcset=\"http:\/\/para-agility.nl\/wp-content\/uploads\/2021\/11\/image-56-1024x576.png 1024w, http:\/\/para-agility.nl\/wp-content\/uploads\/2021\/11\/image-56-300x169.png 300w, http:\/\/para-agility.nl\/wp-content\/uploads\/2021\/11\/image-56-768x432.png 768w, http:\/\/para-agility.nl\/wp-content\/uploads\/2021\/11\/image-56.png 1500w\" sizes=\"auto, (max-width: 767px) 89vw, (max-width: 1000px) 54vw, (max-width: 1071px) 543px, 580px\" \/><figcaption><strong><em>keurmeesters voor IMCA &amp; PAWC 2016<br>vlnr: Bart de Decker ( Belgi\u00eb)- Jirina Mackova ( Tsjechi\u00eb) &#8211; Peter Borsje ( Nederland)<\/em><\/strong><\/figcaption><\/figure>\n\n\n\n<ul class=\"wp-block-list\"><li><a href=\"http:\/\/para-agility.nl\/?page_id=633\"><strong>Terug naar Pagina: Alle informatie PAWC<\/strong><\/a><\/li><\/ul>\n","protected":false},"excerpt":{"rendered":"<p>Dit jaar te gast in Tsjechi\u00eb, het land welk in 2000 de allereerste IMCA heeft georganiseerd!Het wereldkampioenschap werd gehouden in een prachtige hal waar normaal ijshockey wordt gedaan, Arena Polarka in Frydek-Mistek. Hierdoor was de temperatuur in de hal in het begin zelfs erg koud te noemen, maar op de wedstrijddagen heerlijk koel, iets wat &hellip; <\/p>\n<p class=\"link-more\"><a href=\"http:\/\/para-agility.nl\/?page_id=300\" class=\"more-link\">Lees verder <span class=\"screen-reader-text\">&#8220;15e ParAgility World Championship 2016&#8221;<\/span><\/a><\/p>\n","protected":false},"author":1,"featured_media":0,"parent":0,"menu_order":0,"comment_status":"closed","ping_status":"closed","template":"","meta":{"footnotes":""},"class_list":["post-300","page","type-page","status-publish","hentry"],"_links":{"self":[{"href":"http:\/\/para-agility.nl\/index.php?rest_route=\/wp\/v2\/pages\/300","targetHints":{"allow":["GET"]}}],"collection":[{"href":"http:\/\/para-agility.nl\/index.php?rest_route=\/wp\/v2\/pages"}],"about":[{"href":"http:\/\/para-agility.nl\/index.php?rest_route=\/wp\/v2\/types\/page"}],"author":[{"embeddable":true,"href":"http:\/\/para-agility.nl\/index.php?rest_route=\/wp\/v2\/users\/1"}],"replies":[{"embeddable":true,"href":"http:\/\/para-agility.nl\/index.php?rest_route=%2Fwp%2Fv2%2Fcomments&post=300"}],"version-history":[{"count":7,"href":"http:\/\/para-agility.nl\/index.php?rest_route=\/wp\/v2\/pages\/300\/revisions"}],"predecessor-version":[{"id":1593,"href":"http:\/\/para-agility.nl\/index.php?rest_route=\/wp\/v2\/pages\/300\/revisions\/1593"}],"wp:attachment":[{"href":"http:\/\/para-agility.nl\/index.php?rest_route=%2Fwp%2Fv2%2Fmedia&parent=300"}],"curies":[{"name":"wp","href":"https:\/\/api.w.org\/{rel}","templated":true}]}}