{"id":469,"date":"2022-01-16T15:05:49","date_gmt":"2022-01-16T15:05:49","guid":{"rendered":"http:\/\/wordpress.para-agility.nl\/?page_id=469"},"modified":"2022-10-24T16:21:56","modified_gmt":"2022-10-24T16:21:56","slug":"5th-paragility-world-championship-2006","status":"publish","type":"page","link":"http:\/\/para-agility.nl\/?page_id=469","title":{"rendered":"5th  ParAgility World Championship 2006"},"content":{"rendered":"\n<figure class=\"wp-block-image size-full\"><img loading=\"lazy\" decoding=\"async\" width=\"818\" height=\"613\" src=\"http:\/\/para-agility.nl\/wp-content\/uploads\/2021\/12\/image-47.png\" alt=\"\" class=\"wp-image-470\" srcset=\"http:\/\/para-agility.nl\/wp-content\/uploads\/2021\/12\/image-47.png 818w, http:\/\/para-agility.nl\/wp-content\/uploads\/2021\/12\/image-47-300x225.png 300w, http:\/\/para-agility.nl\/wp-content\/uploads\/2021\/12\/image-47-768x576.png 768w\" sizes=\"auto, (max-width: 767px) 89vw, (max-width: 1000px) 54vw, (max-width: 1071px) 543px, 580px\" \/><\/figure>\n\n\n\n<p>The 7e IMCA &amp; 5e PAWC was organised from 31-08 until 03-09-2006 in Sports Hall Zielhorst in Amersfoort. A very sportif agility Event for valid handlers ( IMCA) and handlers with a disability (PAWC).<br>We are very proud, for the first time the Netherlands was the host for this Event!<br>This year nearly 200 competitors and their coaches from 15 countries.<br>New teams from Belgium, Ukraine and United Kingdom, also a competitor from japan!<br>All other Teams came from Austria, Czech Republic, Finland, Germany, Hungary, Italy, Romenia, Slovenia, Spain, Switserland and of course a team from the Netherlands.<\/p>\n\n\n\n<figure class=\"wp-block-image size-full\"><img loading=\"lazy\" decoding=\"async\" width=\"938\" height=\"664\" src=\"http:\/\/para-agility.nl\/wp-content\/uploads\/2021\/12\/image-48.png\" alt=\"\" class=\"wp-image-471\" srcset=\"http:\/\/para-agility.nl\/wp-content\/uploads\/2021\/12\/image-48.png 938w, http:\/\/para-agility.nl\/wp-content\/uploads\/2021\/12\/image-48-300x212.png 300w, http:\/\/para-agility.nl\/wp-content\/uploads\/2021\/12\/image-48-768x544.png 768w\" sizes=\"auto, (max-width: 767px) 89vw, (max-width: 1000px) 54vw, (max-width: 1071px) 543px, 580px\" \/><figcaption><strong><em>competitors 5e ParAgility World Cup 2006<\/em><\/strong><\/figcaption><\/figure>\n\n\n\n<p><strong><em>For the Netherlands 6 competitors of the 5e PAWC together with 9 dogs:<\/em><\/strong><br>Elvera Avenhuis-Jansen with Manchu<br>Jolanda Bikkel with Jasper<br>Marieke Dijkman with Isca and Phila<br>Corry van Valkenburg with Yordy<br>Jeannette Vring with Tammy and Woody<br>and my self with my dogs Quita and Joep<br><br>This year altogether 29 competitors PAWC, a lot of competitors of preciding years, but also new faces!<\/p>\n\n\n\n<p>The number of handlers with a disability is growing, every year we can give a hearty welcome to new participants. More handlers with a disability have fun by practize agility!<br>At this moments more handlers with a disability have started the training of agility ( the Netherlands,<br>Switserland and Japan), next year we expect more entries!<br>It&#8217;s very good to see how all competitors PAWC on their own way walk ;-))\u2026.the courses with their dog and have a lot of fun, both of them!<br>Also making contact with handlers just like you gives a great appreciation.<br>Most of the handlers take part into agility-matches for valid handlers in their own country and that&#8217;s not always easy! <br>On the PAWC we all have a limitation.<\/p>\n\n\n\n<p><strong><em>Courses PAWC 2006:<\/em><\/strong><\/p>\n\n\n\n<figure class=\"wp-block-image size-large\"><img loading=\"lazy\" decoding=\"async\" width=\"1024\" height=\"719\" src=\"http:\/\/para-agility.nl\/wp-content\/uploads\/2021\/12\/image-49-1024x719.png\" alt=\"\" class=\"wp-image-472\" srcset=\"http:\/\/para-agility.nl\/wp-content\/uploads\/2021\/12\/image-49-1024x719.png 1024w, http:\/\/para-agility.nl\/wp-content\/uploads\/2021\/12\/image-49-300x211.png 300w, http:\/\/para-agility.nl\/wp-content\/uploads\/2021\/12\/image-49-768x539.png 768w, http:\/\/para-agility.nl\/wp-content\/uploads\/2021\/12\/image-49.png 1250w\" sizes=\"auto, (max-width: 767px) 89vw, (max-width: 1000px) 54vw, (max-width: 1071px) 543px, 580px\" \/><\/figure>\n\n\n\n<figure class=\"wp-block-image size-large\"><img loading=\"lazy\" decoding=\"async\" width=\"705\" height=\"1024\" src=\"http:\/\/para-agility.nl\/wp-content\/uploads\/2021\/12\/image-50-705x1024.png\" alt=\"\" class=\"wp-image-473\" srcset=\"http:\/\/para-agility.nl\/wp-content\/uploads\/2021\/12\/image-50-705x1024.png 705w, http:\/\/para-agility.nl\/wp-content\/uploads\/2021\/12\/image-50-207x300.png 207w, http:\/\/para-agility.nl\/wp-content\/uploads\/2021\/12\/image-50-768x1115.png 768w, http:\/\/para-agility.nl\/wp-content\/uploads\/2021\/12\/image-50.png 975w\" sizes=\"auto, (max-width: 705px) 100vw, 705px\" \/><\/figure>\n\n\n\n<figure class=\"wp-block-image size-large\"><img loading=\"lazy\" decoding=\"async\" width=\"1024\" height=\"864\" src=\"http:\/\/para-agility.nl\/wp-content\/uploads\/2021\/12\/image-51-1024x864.png\" alt=\"\" class=\"wp-image-474\" srcset=\"http:\/\/para-agility.nl\/wp-content\/uploads\/2021\/12\/image-51-1024x864.png 1024w, http:\/\/para-agility.nl\/wp-content\/uploads\/2021\/12\/image-51-300x253.png 300w, http:\/\/para-agility.nl\/wp-content\/uploads\/2021\/12\/image-51-768x648.png 768w, http:\/\/para-agility.nl\/wp-content\/uploads\/2021\/12\/image-51.png 1250w\" sizes=\"auto, (max-width: 767px) 89vw, (max-width: 1000px) 54vw, (max-width: 1071px) 543px, 580px\" \/><\/figure>\n\n\n\n<p><strong><em>Total Results 5e ParAgility World Cup 2006 :<\/em><\/strong><\/p>\n\n\n\n<figure class=\"wp-block-image size-full\"><img loading=\"lazy\" decoding=\"async\" width=\"839\" height=\"568\" src=\"http:\/\/para-agility.nl\/wp-content\/uploads\/2021\/12\/image-52.png\" alt=\"\" class=\"wp-image-475\" srcset=\"http:\/\/para-agility.nl\/wp-content\/uploads\/2021\/12\/image-52.png 839w, http:\/\/para-agility.nl\/wp-content\/uploads\/2021\/12\/image-52-300x203.png 300w, http:\/\/para-agility.nl\/wp-content\/uploads\/2021\/12\/image-52-768x520.png 768w\" sizes=\"auto, (max-width: 767px) 89vw, (max-width: 1000px) 54vw, (max-width: 1071px) 543px, 580px\" \/><figcaption><strong><em>Group 1:<br>1th Susan Rekveld with Joep ( the Netherlands)<br>2th Alexander Grimus with Nelson ( Austria)<br>3th Susan Rekveld with Quita ( the Netherlands)<\/em><\/strong><\/figcaption><\/figure>\n\n\n\n<figure class=\"wp-block-image size-full\"><img loading=\"lazy\" decoding=\"async\" width=\"836\" height=\"558\" src=\"http:\/\/para-agility.nl\/wp-content\/uploads\/2021\/12\/image-53.png\" alt=\"\" class=\"wp-image-476\" srcset=\"http:\/\/para-agility.nl\/wp-content\/uploads\/2021\/12\/image-53.png 836w, http:\/\/para-agility.nl\/wp-content\/uploads\/2021\/12\/image-53-300x200.png 300w, http:\/\/para-agility.nl\/wp-content\/uploads\/2021\/12\/image-53-768x513.png 768w\" sizes=\"auto, (max-width: 767px) 89vw, (max-width: 1000px) 54vw, (max-width: 1071px) 543px, 580px\" \/><figcaption><strong><em>Group 2:<br>1th Rich\u00e1rd M\u00e1nyik with Philip ( Hungary)<br>2th Zsolt Maczuca with T\u00e1d\u00e9 ( Hungary)<br>3th Juan Gramage with Mora ( Spain)<\/em><\/strong><\/figcaption><\/figure>\n\n\n\n<figure class=\"wp-block-image size-full\"><img loading=\"lazy\" decoding=\"async\" width=\"808\" height=\"576\" src=\"http:\/\/para-agility.nl\/wp-content\/uploads\/2021\/12\/image-54.png\" alt=\"\" class=\"wp-image-477\" srcset=\"http:\/\/para-agility.nl\/wp-content\/uploads\/2021\/12\/image-54.png 808w, http:\/\/para-agility.nl\/wp-content\/uploads\/2021\/12\/image-54-300x214.png 300w, http:\/\/para-agility.nl\/wp-content\/uploads\/2021\/12\/image-54-768x547.png 768w\" sizes=\"auto, (max-width: 767px) 89vw, (max-width: 1000px) 54vw, (max-width: 1071px) 543px, 580px\" \/><figcaption><strong><em>Group 3:<br>1th Marie Pangr\u00e1cov\u00e1 with Rex ( Czech Republic)<br>2th Pirkko Riekki with Nucca ( Finland)<br>3th Andreas Nagel with Jacky ( Germany)<\/em><\/strong><\/figcaption><\/figure>\n\n\n\n<figure class=\"wp-block-image size-full\"><img loading=\"lazy\" decoding=\"async\" width=\"840\" height=\"558\" src=\"http:\/\/para-agility.nl\/wp-content\/uploads\/2021\/12\/image-55.png\" alt=\"\" class=\"wp-image-478\" srcset=\"http:\/\/para-agility.nl\/wp-content\/uploads\/2021\/12\/image-55.png 840w, http:\/\/para-agility.nl\/wp-content\/uploads\/2021\/12\/image-55-300x199.png 300w, http:\/\/para-agility.nl\/wp-content\/uploads\/2021\/12\/image-55-768x510.png 768w\" sizes=\"auto, (max-width: 767px) 89vw, (max-width: 1000px) 54vw, (max-width: 1071px) 543px, 580px\" \/><figcaption><strong><em>Group 4:<br>1th Heinz-Dieter Zeizinger with Strolchi ( Austria)<br>2th Marieke Dijkman with Phila ( the Netherlands)<br>3th Jolanda Bikkel with Jasper ( the Netherlands)<\/em><\/strong><\/figcaption><\/figure>\n\n\n\n<ul class=\"wp-block-list\"><li><a href=\"http:\/\/para-agility.nl\/?page_id=646\"><strong>Back to Page: All information PAWC<\/strong><\/a><\/li><\/ul>\n","protected":false},"excerpt":{"rendered":"<p>The 7e IMCA &amp; 5e PAWC was organised from 31-08 until 03-09-2006 in Sports Hall Zielhorst in Amersfoort. A very sportif agility Event for valid handlers ( IMCA) and handlers with a disability (PAWC).We are very proud, for the first time the Netherlands was the host for this Event!This year nearly 200 competitors and their &hellip; <\/p>\n<p class=\"link-more\"><a href=\"http:\/\/para-agility.nl\/?page_id=469\" class=\"more-link\">Lees verder <span class=\"screen-reader-text\">&#8220;5th  ParAgility World Championship 2006&#8221;<\/span><\/a><\/p>\n","protected":false},"author":1,"featured_media":0,"parent":0,"menu_order":0,"comment_status":"closed","ping_status":"closed","template":"","meta":{"footnotes":""},"class_list":["post-469","page","type-page","status-publish","hentry"],"_links":{"self":[{"href":"http:\/\/para-agility.nl\/index.php?rest_route=\/wp\/v2\/pages\/469","targetHints":{"allow":["GET"]}}],"collection":[{"href":"http:\/\/para-agility.nl\/index.php?rest_route=\/wp\/v2\/pages"}],"about":[{"href":"http:\/\/para-agility.nl\/index.php?rest_route=\/wp\/v2\/types\/page"}],"author":[{"embeddable":true,"href":"http:\/\/para-agility.nl\/index.php?rest_route=\/wp\/v2\/users\/1"}],"replies":[{"embeddable":true,"href":"http:\/\/para-agility.nl\/index.php?rest_route=%2Fwp%2Fv2%2Fcomments&post=469"}],"version-history":[{"count":6,"href":"http:\/\/para-agility.nl\/index.php?rest_route=\/wp\/v2\/pages\/469\/revisions"}],"predecessor-version":[{"id":1849,"href":"http:\/\/para-agility.nl\/index.php?rest_route=\/wp\/v2\/pages\/469\/revisions\/1849"}],"wp:attachment":[{"href":"http:\/\/para-agility.nl\/index.php?rest_route=%2Fwp%2Fv2%2Fmedia&parent=469"}],"curies":[{"name":"wp","href":"https:\/\/api.w.org\/{rel}","templated":true}]}}