{"id":491,"date":"2022-01-16T15:09:49","date_gmt":"2022-01-16T15:09:49","guid":{"rendered":"http:\/\/wordpress.para-agility.nl\/?page_id=491"},"modified":"2022-01-20T20:39:06","modified_gmt":"2022-01-20T20:39:06","slug":"7th-paragility-world-championship-2008","status":"publish","type":"page","link":"http:\/\/para-agility.nl\/?page_id=491","title":{"rendered":"7th  ParAgility World Championship 2008"},"content":{"rendered":"\n<figure class=\"wp-block-image size-large\"><img loading=\"lazy\" decoding=\"async\" width=\"1024\" height=\"428\" src=\"http:\/\/para-agility.nl\/wp-content\/uploads\/2021\/12\/image-63-1024x428.png\" alt=\"\" class=\"wp-image-492\" srcset=\"http:\/\/para-agility.nl\/wp-content\/uploads\/2021\/12\/image-63-1024x428.png 1024w, http:\/\/para-agility.nl\/wp-content\/uploads\/2021\/12\/image-63-300x125.png 300w, http:\/\/para-agility.nl\/wp-content\/uploads\/2021\/12\/image-63-768x321.png 768w, http:\/\/para-agility.nl\/wp-content\/uploads\/2021\/12\/image-63.png 1108w\" sizes=\"auto, (max-width: 767px) 89vw, (max-width: 1000px) 54vw, (max-width: 1071px) 543px, 580px\" \/><\/figure>\n\n\n\n<p>The 9e IMCA &amp; 7e PAWC was organised from 28 untill 31 August in Voghera in Italy.<br>A great sporting Agility Event for valid handlers ( IMCA) and handlers with a disability ( PAWC) .<br>This year a very special location, not a Sport Hall like usually, but a Ranch, The Cowboys Guest Ranch(www.cowboys.it) with a floor of sand.<\/p>\n\n\n\n<figure class=\"wp-block-image size-large\"><img loading=\"lazy\" decoding=\"async\" width=\"1024\" height=\"768\" src=\"http:\/\/para-agility.nl\/wp-content\/uploads\/2021\/12\/image-64-1024x768.png\" alt=\"\" class=\"wp-image-493\" srcset=\"http:\/\/para-agility.nl\/wp-content\/uploads\/2021\/12\/image-64-1024x768.png 1024w, http:\/\/para-agility.nl\/wp-content\/uploads\/2021\/12\/image-64-300x225.png 300w, http:\/\/para-agility.nl\/wp-content\/uploads\/2021\/12\/image-64-768x576.png 768w, http:\/\/para-agility.nl\/wp-content\/uploads\/2021\/12\/image-64.png 1250w\" sizes=\"auto, (max-width: 767px) 89vw, (max-width: 1000px) 54vw, (max-width: 1071px) 543px, 580px\" \/><figcaption><strong><em>Competitors PAWC 2008<\/em><\/strong><\/figcaption><\/figure>\n\n\n\n<figure class=\"wp-block-image size-large\"><img loading=\"lazy\" decoding=\"async\" width=\"1024\" height=\"768\" src=\"http:\/\/para-agility.nl\/wp-content\/uploads\/2021\/12\/image-65-1024x768.png\" alt=\"\" class=\"wp-image-494\" srcset=\"http:\/\/para-agility.nl\/wp-content\/uploads\/2021\/12\/image-65-1024x768.png 1024w, http:\/\/para-agility.nl\/wp-content\/uploads\/2021\/12\/image-65-300x225.png 300w, http:\/\/para-agility.nl\/wp-content\/uploads\/2021\/12\/image-65-768x576.png 768w, http:\/\/para-agility.nl\/wp-content\/uploads\/2021\/12\/image-65.png 1250w\" sizes=\"auto, (max-width: 767px) 89vw, (max-width: 1000px) 54vw, (max-width: 1071px) 543px, 580px\" \/><\/figure>\n\n\n\n<p>For the competiton IMCA more then 150 competitors and their dogs from 14 countries.<br>Countries who have take part before like: Belgium, Danmark, Germany, Finland, Hungary, Italy, Austria, Slovenia, Spain, Czech republic, United Kingdom and of course a team of the Netherlands with 15 competitors.<br>For the first time we have give a heartly welcome to a competitor of the Republic of San Marino( Italy).<\/p>\n\n\n\n<p>Judges for IMCA and PAWC: Arnaldo Benini from Italy and Arp\u00e1d T\u00f3th from Hungary who assayed the courses with experience and enthusiasm!<\/p>\n\n\n\n<figure class=\"wp-block-image size-full\"><img loading=\"lazy\" decoding=\"async\" width=\"938\" height=\"624\" src=\"http:\/\/para-agility.nl\/wp-content\/uploads\/2021\/12\/image-66.png\" alt=\"\" class=\"wp-image-495\" srcset=\"http:\/\/para-agility.nl\/wp-content\/uploads\/2021\/12\/image-66.png 938w, http:\/\/para-agility.nl\/wp-content\/uploads\/2021\/12\/image-66-300x200.png 300w, http:\/\/para-agility.nl\/wp-content\/uploads\/2021\/12\/image-66-768x511.png 768w\" sizes=\"auto, (max-width: 767px) 89vw, (max-width: 1000px) 54vw, (max-width: 1071px) 543px, 580px\" \/><figcaption><strong><em>Judge Arnaldo Benini (Italy) with Nik Polak and his dog Via (PAWC Austria)<\/em><\/strong><\/figcaption><\/figure>\n\n\n\n<figure class=\"wp-block-image size-full\"><img loading=\"lazy\" decoding=\"async\" width=\"938\" height=\"624\" src=\"http:\/\/para-agility.nl\/wp-content\/uploads\/2021\/12\/image-67.png\" alt=\"\" class=\"wp-image-496\" srcset=\"http:\/\/para-agility.nl\/wp-content\/uploads\/2021\/12\/image-67.png 938w, http:\/\/para-agility.nl\/wp-content\/uploads\/2021\/12\/image-67-300x200.png 300w, http:\/\/para-agility.nl\/wp-content\/uploads\/2021\/12\/image-67-768x511.png 768w\" sizes=\"auto, (max-width: 767px) 89vw, (max-width: 1000px) 54vw, (max-width: 1071px) 543px, 580px\" \/><figcaption><em><strong>Judge Arp\u00e1d T\u00f3th ( Hungary) with Robbert Jan Barelds and his dog Kyra from the Netherlands,<br>one of the youngest competitor PAWC 2008<\/strong><\/em><\/figcaption><\/figure>\n\n\n\n<p>This year for PAWC 29 handlers with 35 taking part dogs from the countries: Austria, Belgium, Czech Republic, France, Germany, Hungary, Spain, Switserland and of course the Netherlands, this year with 6 competitors and 9 dogs.<\/p>\n\n\n\n<figure class=\"wp-block-image size-full\"><img loading=\"lazy\" decoding=\"async\" width=\"781\" height=\"520\" src=\"http:\/\/para-agility.nl\/wp-content\/uploads\/2021\/12\/image-68.png\" alt=\"\" class=\"wp-image-497\" srcset=\"http:\/\/para-agility.nl\/wp-content\/uploads\/2021\/12\/image-68.png 781w, http:\/\/para-agility.nl\/wp-content\/uploads\/2021\/12\/image-68-300x200.png 300w, http:\/\/para-agility.nl\/wp-content\/uploads\/2021\/12\/image-68-768x511.png 768w\" sizes=\"auto, (max-width: 767px) 89vw, (max-width: 1000px) 54vw, (max-width: 1071px) 543px, 580px\" \/><figcaption><strong><em>PAWC Team the Netherlands from left to right:<br>Monique Slegtenhorst, Elvera Avenhuis, Susan Rekveld, Patricia Fuchs<br>infront: Robbert-Jan Barelds and Kirsten Hanekamp<\/em><\/strong><\/figcaption><\/figure>\n\n\n\n<figure class=\"wp-block-image size-full\"><img loading=\"lazy\" decoding=\"async\" width=\"938\" height=\"624\" src=\"http:\/\/para-agility.nl\/wp-content\/uploads\/2021\/12\/image-69.png\" alt=\"\" class=\"wp-image-498\" srcset=\"http:\/\/para-agility.nl\/wp-content\/uploads\/2021\/12\/image-69.png 938w, http:\/\/para-agility.nl\/wp-content\/uploads\/2021\/12\/image-69-300x200.png 300w, http:\/\/para-agility.nl\/wp-content\/uploads\/2021\/12\/image-69-768x511.png 768w\" sizes=\"auto, (max-width: 767px) 89vw, (max-width: 1000px) 54vw, (max-width: 1071px) 543px, 580px\" \/><figcaption><em><strong>Patricia Ale with her dog Gini from Hungary, also a very young competitor PAWC 2008,<br>running the courses by companion of her father.<\/strong><\/em><\/figcaption><\/figure>\n\n\n\n<figure class=\"wp-block-image size-full\"><img loading=\"lazy\" decoding=\"async\" width=\"938\" height=\"624\" src=\"http:\/\/para-agility.nl\/wp-content\/uploads\/2021\/12\/image-70.png\" alt=\"\" class=\"wp-image-499\" srcset=\"http:\/\/para-agility.nl\/wp-content\/uploads\/2021\/12\/image-70.png 938w, http:\/\/para-agility.nl\/wp-content\/uploads\/2021\/12\/image-70-300x200.png 300w, http:\/\/para-agility.nl\/wp-content\/uploads\/2021\/12\/image-70-768x511.png 768w\" sizes=\"auto, (max-width: 767px) 89vw, (max-width: 1000px) 54vw, (max-width: 1071px) 543px, 580px\" \/><figcaption><em><strong>Bruno Menoncelle with his dog Sun, competitor PAWC 2008 from France.<br>Bruno is complete blind and had to run the courses with an assistant.<\/strong><\/em><\/figcaption><\/figure>\n\n\n\n<p><strong><em>Courses PAWC 2008:<\/em><\/strong><\/p>\n\n\n\n<figure class=\"wp-block-image size-large\"><img loading=\"lazy\" decoding=\"async\" width=\"575\" height=\"1024\" src=\"http:\/\/para-agility.nl\/wp-content\/uploads\/2021\/12\/image-71-575x1024.png\" alt=\"\" class=\"wp-image-500\" srcset=\"http:\/\/para-agility.nl\/wp-content\/uploads\/2021\/12\/image-71-575x1024.png 575w, http:\/\/para-agility.nl\/wp-content\/uploads\/2021\/12\/image-71-169x300.png 169w, http:\/\/para-agility.nl\/wp-content\/uploads\/2021\/12\/image-71-768x1367.png 768w, http:\/\/para-agility.nl\/wp-content\/uploads\/2021\/12\/image-71.png 791w\" sizes=\"auto, (max-width: 575px) 100vw, 575px\" \/><\/figure>\n\n\n\n<figure class=\"wp-block-image size-large\"><img loading=\"lazy\" decoding=\"async\" width=\"558\" height=\"1024\" src=\"http:\/\/para-agility.nl\/wp-content\/uploads\/2021\/12\/image-72-558x1024.png\" alt=\"\" class=\"wp-image-501\" srcset=\"http:\/\/para-agility.nl\/wp-content\/uploads\/2021\/12\/image-72-558x1024.png 558w, http:\/\/para-agility.nl\/wp-content\/uploads\/2021\/12\/image-72-163x300.png 163w, http:\/\/para-agility.nl\/wp-content\/uploads\/2021\/12\/image-72-768x1410.png 768w, http:\/\/para-agility.nl\/wp-content\/uploads\/2021\/12\/image-72.png 786w\" sizes=\"auto, (max-width: 558px) 100vw, 558px\" \/><\/figure>\n\n\n\n<figure class=\"wp-block-image size-large\"><img loading=\"lazy\" decoding=\"async\" width=\"1024\" height=\"805\" src=\"http:\/\/para-agility.nl\/wp-content\/uploads\/2021\/12\/image-73-1024x805.png\" alt=\"\" class=\"wp-image-502\" srcset=\"http:\/\/para-agility.nl\/wp-content\/uploads\/2021\/12\/image-73-1024x805.png 1024w, http:\/\/para-agility.nl\/wp-content\/uploads\/2021\/12\/image-73-300x236.png 300w, http:\/\/para-agility.nl\/wp-content\/uploads\/2021\/12\/image-73-768x604.png 768w, http:\/\/para-agility.nl\/wp-content\/uploads\/2021\/12\/image-73.png 1250w\" sizes=\"auto, (max-width: 767px) 89vw, (max-width: 1000px) 54vw, (max-width: 1071px) 543px, 580px\" \/><\/figure>\n\n\n\n<figure class=\"wp-block-image size-large\"><img loading=\"lazy\" decoding=\"async\" width=\"1024\" height=\"805\" src=\"http:\/\/para-agility.nl\/wp-content\/uploads\/2021\/12\/image-74-1024x805.png\" alt=\"\" class=\"wp-image-503\" srcset=\"http:\/\/para-agility.nl\/wp-content\/uploads\/2021\/12\/image-74-1024x805.png 1024w, http:\/\/para-agility.nl\/wp-content\/uploads\/2021\/12\/image-74-300x236.png 300w, http:\/\/para-agility.nl\/wp-content\/uploads\/2021\/12\/image-74-768x604.png 768w, http:\/\/para-agility.nl\/wp-content\/uploads\/2021\/12\/image-74.png 1250w\" sizes=\"auto, (max-width: 767px) 89vw, (max-width: 1000px) 54vw, (max-width: 1071px) 543px, 580px\" \/><\/figure>\n\n\n\n<p><strong><em>Totall Results PA<\/em>WC:<\/strong><\/p>\n\n\n\n<figure class=\"wp-block-image size-full\"><img loading=\"lazy\" decoding=\"async\" width=\"938\" height=\"624\" src=\"http:\/\/para-agility.nl\/wp-content\/uploads\/2021\/12\/image-75.png\" alt=\"\" class=\"wp-image-504\" srcset=\"http:\/\/para-agility.nl\/wp-content\/uploads\/2021\/12\/image-75.png 938w, http:\/\/para-agility.nl\/wp-content\/uploads\/2021\/12\/image-75-300x200.png 300w, http:\/\/para-agility.nl\/wp-content\/uploads\/2021\/12\/image-75-768x511.png 768w\" sizes=\"auto, (max-width: 767px) 89vw, (max-width: 1000px) 54vw, (max-width: 1071px) 543px, 580px\" \/><figcaption><em><strong>Group 1:<br>1e Susan Rekveld &amp; Quita (the Netherlands)<br>2e Aur\u00e9lie &amp; Arko (Switserland)<br>3e Patricia Fuchs &amp; Kyona (the Netherlands)<\/strong><\/em><\/figcaption><\/figure>\n\n\n\n<figure class=\"wp-block-image size-full\"><img loading=\"lazy\" decoding=\"async\" width=\"938\" height=\"624\" src=\"http:\/\/para-agility.nl\/wp-content\/uploads\/2021\/12\/image-76.png\" alt=\"\" class=\"wp-image-505\" srcset=\"http:\/\/para-agility.nl\/wp-content\/uploads\/2021\/12\/image-76.png 938w, http:\/\/para-agility.nl\/wp-content\/uploads\/2021\/12\/image-76-300x200.png 300w, http:\/\/para-agility.nl\/wp-content\/uploads\/2021\/12\/image-76-768x511.png 768w\" sizes=\"auto, (max-width: 767px) 89vw, (max-width: 1000px) 54vw, (max-width: 1071px) 543px, 580px\" \/><figcaption><em><strong>Group 2:<br>1e Zsolt Maczucza &amp; T\u00e1d\u00e9 (Hungary)<br>2e Rich\u00e1rd M\u00e1nyik &amp; Oszk\u00e1r (Hungary)<br>3e Wolfgang Zangger &amp; Palu (Austria)<\/strong><\/em><\/figcaption><\/figure>\n\n\n\n<figure class=\"wp-block-image size-full\"><img loading=\"lazy\" decoding=\"async\" width=\"938\" height=\"624\" src=\"http:\/\/para-agility.nl\/wp-content\/uploads\/2021\/12\/image-77.png\" alt=\"\" class=\"wp-image-506\" srcset=\"http:\/\/para-agility.nl\/wp-content\/uploads\/2021\/12\/image-77.png 938w, http:\/\/para-agility.nl\/wp-content\/uploads\/2021\/12\/image-77-300x200.png 300w, http:\/\/para-agility.nl\/wp-content\/uploads\/2021\/12\/image-77-768x511.png 768w\" sizes=\"auto, (max-width: 767px) 89vw, (max-width: 1000px) 54vw, (max-width: 1071px) 543px, 580px\" \/><figcaption><strong><em>Group 3:<br>1e Anne Chanez &amp; Speedy (Switserland)<br>2e Katrin Staub &amp; Trinity (Germany)<br>3e Ra\u00fal Lizana &amp; El Hechizo Unica (Spain)<\/em><\/strong><\/figcaption><\/figure>\n\n\n\n<figure class=\"wp-block-image size-full\"><img loading=\"lazy\" decoding=\"async\" width=\"938\" height=\"624\" src=\"http:\/\/para-agility.nl\/wp-content\/uploads\/2021\/12\/image-78.png\" alt=\"\" class=\"wp-image-507\" srcset=\"http:\/\/para-agility.nl\/wp-content\/uploads\/2021\/12\/image-78.png 938w, http:\/\/para-agility.nl\/wp-content\/uploads\/2021\/12\/image-78-300x200.png 300w, http:\/\/para-agility.nl\/wp-content\/uploads\/2021\/12\/image-78-768x511.png 768w\" sizes=\"auto, (max-width: 767px) 89vw, (max-width: 1000px) 54vw, (max-width: 1071px) 543px, 580px\" \/><figcaption><strong><em>Group 4:<br>1e Franz Kaltenb\u00f6ck &amp; Ferro (Austria)<br>2e Robbert Jan barelds &amp; Kyra (the Netherlands)<br>3e Eddy Daisomont &amp; Anka (Belgium)<\/em><\/strong><\/figcaption><\/figure>\n\n\n\n<figure class=\"wp-block-image size-full\"><img loading=\"lazy\" decoding=\"async\" width=\"938\" height=\"624\" src=\"http:\/\/para-agility.nl\/wp-content\/uploads\/2021\/12\/image-79.png\" alt=\"\" class=\"wp-image-508\" srcset=\"http:\/\/para-agility.nl\/wp-content\/uploads\/2021\/12\/image-79.png 938w, http:\/\/para-agility.nl\/wp-content\/uploads\/2021\/12\/image-79-300x200.png 300w, http:\/\/para-agility.nl\/wp-content\/uploads\/2021\/12\/image-79-768x511.png 768w\" sizes=\"auto, (max-width: 767px) 89vw, (max-width: 1000px) 54vw, (max-width: 1071px) 543px, 580px\" \/><figcaption><strong><em>Group 5:<br>1e Ren\u00e9 Gabriel &amp; Snoopy (Czech Republic)<br>2e Edvika Rychnovsk\u00e1 &amp; Miky (Czech Republic)<br>3e Monique Slegtenhorst &amp; Shanti (the Netherlands)<\/em><\/strong><\/figcaption><\/figure>\n\n\n\n<ul class=\"wp-block-list\"><li><a href=\"http:\/\/para-agility.nl\/?page_id=646\"><strong>Back to Page: All information PAWC<\/strong><\/a><\/li><\/ul>\n","protected":false},"excerpt":{"rendered":"<p>The 9e IMCA &amp; 7e PAWC was organised from 28 untill 31 August in Voghera in Italy.A great sporting Agility Event for valid handlers ( IMCA) and handlers with a disability ( PAWC) .This year a very special location, not a Sport Hall like usually, but a Ranch, The Cowboys Guest Ranch(www.cowboys.it) with a floor &hellip; <\/p>\n<p class=\"link-more\"><a href=\"http:\/\/para-agility.nl\/?page_id=491\" class=\"more-link\">Lees verder <span class=\"screen-reader-text\">&#8220;7th  ParAgility World Championship 2008&#8221;<\/span><\/a><\/p>\n","protected":false},"author":1,"featured_media":0,"parent":0,"menu_order":0,"comment_status":"closed","ping_status":"closed","template":"","meta":{"footnotes":""},"class_list":["post-491","page","type-page","status-publish","hentry"],"_links":{"self":[{"href":"http:\/\/para-agility.nl\/index.php?rest_route=\/wp\/v2\/pages\/491","targetHints":{"allow":["GET"]}}],"collection":[{"href":"http:\/\/para-agility.nl\/index.php?rest_route=\/wp\/v2\/pages"}],"about":[{"href":"http:\/\/para-agility.nl\/index.php?rest_route=\/wp\/v2\/types\/page"}],"author":[{"embeddable":true,"href":"http:\/\/para-agility.nl\/index.php?rest_route=\/wp\/v2\/users\/1"}],"replies":[{"embeddable":true,"href":"http:\/\/para-agility.nl\/index.php?rest_route=%2Fwp%2Fv2%2Fcomments&post=491"}],"version-history":[{"count":7,"href":"http:\/\/para-agility.nl\/index.php?rest_route=\/wp\/v2\/pages\/491\/revisions"}],"predecessor-version":[{"id":1574,"href":"http:\/\/para-agility.nl\/index.php?rest_route=\/wp\/v2\/pages\/491\/revisions\/1574"}],"wp:attachment":[{"href":"http:\/\/para-agility.nl\/index.php?rest_route=%2Fwp%2Fv2%2Fmedia&parent=491"}],"curies":[{"name":"wp","href":"https:\/\/api.w.org\/{rel}","templated":true}]}}