{"id":62,"date":"2021-08-27T10:28:17","date_gmt":"2021-08-27T10:28:17","guid":{"rendered":"http:\/\/wordpress.para-agility.nl\/?page_id=62"},"modified":"2022-01-20T20:46:46","modified_gmt":"2022-01-20T20:46:46","slug":"1e-paragility-world-cup-2002","status":"publish","type":"page","link":"http:\/\/para-agility.nl\/?page_id=62","title":{"rendered":"1e ParAgility World Championship 2002"},"content":{"rendered":"\n<figure class=\"wp-block-image size-full\"><img loading=\"lazy\" decoding=\"async\" width=\"377\" height=\"106\" src=\"http:\/\/para-agility.nl\/wp-content\/uploads\/2021\/09\/image-12.png\" alt=\"\" class=\"wp-image-141\" srcset=\"http:\/\/para-agility.nl\/wp-content\/uploads\/2021\/09\/image-12.png 377w, http:\/\/para-agility.nl\/wp-content\/uploads\/2021\/09\/image-12-300x84.png 300w\" sizes=\"auto, (max-width: 377px) 100vw, 377px\" \/><\/figure>\n\n\n\n<p>Op 6-7 en 8 september 2002 vond plaats in Gyula in Hongarije de 1ste ParAgility World Cup ( 1ste Wereldkampioenschappen Behendigheidsport voor Gehandicapten) samen met de 3de IMCA ( Internationale Mix &amp; Breed Championship Agility).Deze wereldkampioenschappen werden georganiseerd door: Gyulai Kuty\u00e1s Agility Szabadid\u00f5sport Klub en de 1e ParAgility World Cup is opgezet door de heer S\u00e1ndor Alt.<br>Ik beoefen deze sport vanuit een elektrische rolstoel en mocht Nederland vertegenwoordigen samen met mijn Labrador Retriever Quita. Toen ik over deze wedstrijd hoorde, ben ik gaan zoeken naar deelnemers voor deze wereldkampioenschappen. Via het internet heb ik honderden e-mails verzonden naar hondenscholen en organisaties. Het was niet gemakkelijk deelnemers te vinden! Een paar weken voor de wedstrijd resulteerde mijn werk in totaal 10 deelnemers met totaal 11 honden. Nu konden we een start maken!<\/p>\n\n\n\n<figure class=\"wp-block-image size-large\"><img loading=\"lazy\" decoding=\"async\" width=\"577\" height=\"378\" src=\"http:\/\/para-agility.nl\/wp-content\/uploads\/2021\/08\/foto-groep-PAWC-2002.jpg\" alt=\"\" class=\"wp-image-67\" srcset=\"http:\/\/para-agility.nl\/wp-content\/uploads\/2021\/08\/foto-groep-PAWC-2002.jpg 577w, http:\/\/para-agility.nl\/wp-content\/uploads\/2021\/08\/foto-groep-PAWC-2002-300x197.jpg 300w\" sizes=\"auto, (max-width: 577px) 100vw, 577px\" \/><figcaption><strong><em>Deelnemers 1e Para Agility World Cup samen met keurmeester Carool Dielen<\/em><\/strong><\/figcaption><\/figure>\n\n\n\n<p>De volgende deelnemers zijn bij deze 1ste Para Wereldkampioenschappen gestart:<br><br><strong>Andrea Bracciali<\/strong><br>( slecht lopend) uit Itali\u00eb.<br><strong>Lynn Deerling<\/strong><br>( elektrische rolstoel) uit U.S.A<br><strong>Juan Gramage<\/strong><br>( handrolstoel) uit Spanje<br><strong>Eva-Maria Hauer<\/strong><br>( spastisch) uit Oostenrijk<br><strong>Jitka Lebedova<\/strong><br>( slechtziend) uit Tsjechi\u00eb<br><strong>Agnes Magyary<\/strong><br>( elektrische rolstoel ) uit Hongarije<br><strong>Rich\u00e1rd M\u00e1nyik<\/strong><br>( handrolstoel) uit Hongarije<br><strong>Susan Rekveld<\/strong><br>( elektrische rolstoel) uit Nederland<br><strong>Sara Tagliatie<\/strong><br>( slecht lopend) uit Itali\u00eb<br><strong>Dragan Zegerac<\/strong><br>( gedeeltelijk verlamd) uit Sloveni\u00eb<\/p>\n\n\n\n<p>Bij de trainingen ontmoeten wij elkaar voor de eerste keer en dat was erg indrukwekkend.Tevens konden wij de wereld laten zien dat ook met een handicap je samen met de hond veel plezier kan beleven in deze sport.Het respect voor de paradeelnemers zowel onderling als vanuit alle deelnemers van de IMCA was geweldig!<\/p>\n\n\n\n<figure class=\"wp-block-image size-full\"><img loading=\"lazy\" decoding=\"async\" width=\"442\" height=\"341\" src=\"http:\/\/para-agility.nl\/wp-content\/uploads\/2021\/09\/image-13.png\" alt=\"\" class=\"wp-image-143\" srcset=\"http:\/\/para-agility.nl\/wp-content\/uploads\/2021\/09\/image-13.png 442w, http:\/\/para-agility.nl\/wp-content\/uploads\/2021\/09\/image-13-300x231.png 300w\" sizes=\"auto, (max-width: 442px) 100vw, 442px\" \/><figcaption><em><strong>Quita in actie op de 1e PAWC<\/strong><\/em><\/figcaption><\/figure>\n\n\n\n<p>Quita en ik hebben de eerste plaats mogen behalen in het totaal klassement van de categorie large ( totaal 8 deelnemers) en mogen ons wereldkampioen noemen.<br>Dat gaf \u2019n geweldig gevoel maar de allermooiste prijs die ik mee naar huis mocht nemen was de erkenning van deze wereldkampioenschap behendigheidsport voor gehandicapten en de zekerheid van de 2de ParAgility World Cup 2003 in Spanje, samen met de 4de IMCA.<br>Dat is het belangrijkste!!<\/p>\n\n\n\n<p><strong><em>Parkoersen  1e PAWC<\/em><\/strong><\/p>\n\n\n\n<figure class=\"wp-block-image size-large\"><img loading=\"lazy\" decoding=\"async\" width=\"743\" height=\"1024\" src=\"http:\/\/para-agility.nl\/wp-content\/uploads\/2021\/11\/image-70-743x1024.png\" alt=\"\" class=\"wp-image-339\" srcset=\"http:\/\/para-agility.nl\/wp-content\/uploads\/2021\/11\/image-70-743x1024.png 743w, http:\/\/para-agility.nl\/wp-content\/uploads\/2021\/11\/image-70-218x300.png 218w, http:\/\/para-agility.nl\/wp-content\/uploads\/2021\/11\/image-70-768x1059.png 768w, http:\/\/para-agility.nl\/wp-content\/uploads\/2021\/11\/image-70.png 996w\" sizes=\"auto, (max-width: 706px) 89vw, (max-width: 767px) 82vw, 740px\" \/><\/figure>\n\n\n\n<figure class=\"wp-block-image size-large\"><img loading=\"lazy\" decoding=\"async\" width=\"743\" height=\"1024\" src=\"http:\/\/para-agility.nl\/wp-content\/uploads\/2021\/11\/image-69-743x1024.png\" alt=\"\" class=\"wp-image-338\" srcset=\"http:\/\/para-agility.nl\/wp-content\/uploads\/2021\/11\/image-69-743x1024.png 743w, http:\/\/para-agility.nl\/wp-content\/uploads\/2021\/11\/image-69-218x300.png 218w, http:\/\/para-agility.nl\/wp-content\/uploads\/2021\/11\/image-69-768x1059.png 768w, http:\/\/para-agility.nl\/wp-content\/uploads\/2021\/11\/image-69.png 996w\" sizes=\"auto, (max-width: 706px) 89vw, (max-width: 767px) 82vw, 740px\" \/><\/figure>\n\n\n\n<p><strong>Winnaars 1e ParAgility World Cup eindresultaat:<\/strong><\/p>\n\n\n\n<figure class=\"wp-block-image size-full\"><img loading=\"lazy\" decoding=\"async\" width=\"301\" height=\"157\" src=\"http:\/\/para-agility.nl\/wp-content\/uploads\/2021\/09\/image-14.png\" alt=\"\" class=\"wp-image-145\"\/><figcaption><strong><em>Small: 1e plaats<br>Juan Gramage &amp; Mora ( Spanje)<\/em><\/strong><\/figcaption><\/figure>\n\n\n\n<figure class=\"wp-block-image size-full\"><img loading=\"lazy\" decoding=\"async\" width=\"362\" height=\"157\" src=\"http:\/\/para-agility.nl\/wp-content\/uploads\/2021\/09\/image-15.png\" alt=\"\" class=\"wp-image-146\" srcset=\"http:\/\/para-agility.nl\/wp-content\/uploads\/2021\/09\/image-15.png 362w, http:\/\/para-agility.nl\/wp-content\/uploads\/2021\/09\/image-15-300x130.png 300w\" sizes=\"auto, (max-width: 362px) 100vw, 362px\" \/><figcaption><strong><em>Small: 2e plaats<br>Lynn Deering &amp; Fly ( U.S.A.)<\/em><\/strong><\/figcaption><\/figure>\n\n\n\n<figure class=\"wp-block-image size-full\"><img loading=\"lazy\" decoding=\"async\" width=\"279\" height=\"233\" src=\"http:\/\/para-agility.nl\/wp-content\/uploads\/2021\/09\/image-16.png\" alt=\"\" class=\"wp-image-148\"\/><figcaption><em><strong>Medium: 1e plaats<br>Sara Tagliat\u00ed &amp; Kelly (Itali\u00eb)<\/strong><\/em><\/figcaption><\/figure>\n\n\n\n<figure class=\"wp-block-image size-full\"><img loading=\"lazy\" decoding=\"async\" width=\"227\" height=\"172\" src=\"http:\/\/para-agility.nl\/wp-content\/uploads\/2021\/09\/image-17.png\" alt=\"\" class=\"wp-image-150\"\/><figcaption><em><strong>Large: 1e plaats<br>Susan Rekveld &amp; Quita (Nederland)<\/strong><\/em><\/figcaption><\/figure>\n\n\n\n<figure class=\"wp-block-image size-full\"><img loading=\"lazy\" decoding=\"async\" width=\"270\" height=\"172\" src=\"http:\/\/para-agility.nl\/wp-content\/uploads\/2021\/09\/image-18.png\" alt=\"\" class=\"wp-image-151\"\/><figcaption><strong><em>Large: 2e plaats<br>Jitka Lebodova &amp; Harry (Tsjechi\u00eb)<\/em><\/strong><\/figcaption><\/figure>\n\n\n\n<figure class=\"wp-block-image size-full\"><img loading=\"lazy\" decoding=\"async\" width=\"230\" height=\"172\" src=\"http:\/\/para-agility.nl\/wp-content\/uploads\/2021\/09\/image-19.png\" alt=\"\" class=\"wp-image-152\"\/><figcaption><em><strong>Large: 3e plaats<br>Dragan Zegerac &amp; Sana ( Sloveni\u00eb)<\/strong><\/em><\/figcaption><\/figure>\n\n\n\n<figure class=\"wp-block-image size-full is-resized\"><img loading=\"lazy\" decoding=\"async\" src=\"http:\/\/para-agility.nl\/wp-content\/uploads\/2021\/09\/image-20.png\" alt=\"\" class=\"wp-image-153\" width=\"430\" height=\"281\" srcset=\"http:\/\/para-agility.nl\/wp-content\/uploads\/2021\/09\/image-20.png 430w, http:\/\/para-agility.nl\/wp-content\/uploads\/2021\/09\/image-20-300x196.png 300w\" sizes=\"auto, (max-width: 430px) 100vw, 430px\" \/><figcaption><strong><em>Een heel hartelijk welkom bij thuiskomst!<\/em><\/strong><\/figcaption><\/figure>\n\n\n\n<figure class=\"wp-block-image size-full\"><img loading=\"lazy\" decoding=\"async\" width=\"266\" height=\"393\" src=\"http:\/\/para-agility.nl\/wp-content\/uploads\/2021\/09\/image-21.png\" alt=\"\" class=\"wp-image-155\" srcset=\"http:\/\/para-agility.nl\/wp-content\/uploads\/2021\/09\/image-21.png 266w, http:\/\/para-agility.nl\/wp-content\/uploads\/2021\/09\/image-21-203x300.png 203w\" sizes=\"auto, (max-width: 266px) 100vw, 266px\" \/><\/figure>\n\n\n\n<figure class=\"wp-block-image size-full\"><img loading=\"lazy\" decoding=\"async\" width=\"583\" height=\"366\" src=\"http:\/\/para-agility.nl\/wp-content\/uploads\/2021\/09\/image-22.png\" alt=\"\" class=\"wp-image-156\" srcset=\"http:\/\/para-agility.nl\/wp-content\/uploads\/2021\/09\/image-22.png 583w, http:\/\/para-agility.nl\/wp-content\/uploads\/2021\/09\/image-22-300x188.png 300w\" sizes=\"auto, (max-width: 583px) 100vw, 583px\" \/><figcaption><em><strong>Huldiging door de wethouder van sport van de gemeente Amersfoort ( bij hondenschool K.C.Zoys)<br><\/strong><\/em><\/figcaption><\/figure>\n\n\n\n<ul class=\"wp-block-list\"><li><a href=\"http:\/\/para-agility.nl\/?page_id=633\"><strong>Terug naar Pagina: Informatie alle PAWC<\/strong><\/a><\/li><\/ul>\n","protected":false},"excerpt":{"rendered":"<p>Op 6-7 en 8 september 2002 vond plaats in Gyula in Hongarije de 1ste ParAgility World Cup ( 1ste Wereldkampioenschappen Behendigheidsport voor Gehandicapten) samen met de 3de IMCA ( Internationale Mix &amp; Breed Championship Agility).Deze wereldkampioenschappen werden georganiseerd door: Gyulai Kuty\u00e1s Agility Szabadid\u00f5sport Klub en de 1e ParAgility World Cup is opgezet door de heer &hellip; <\/p>\n<p class=\"link-more\"><a href=\"http:\/\/para-agility.nl\/?page_id=62\" class=\"more-link\">Lees verder <span class=\"screen-reader-text\">&#8220;1e ParAgility World Championship 2002&#8221;<\/span><\/a><\/p>\n","protected":false},"author":1,"featured_media":0,"parent":0,"menu_order":0,"comment_status":"closed","ping_status":"closed","template":"","meta":{"footnotes":""},"class_list":["post-62","page","type-page","status-publish","hentry"],"_links":{"self":[{"href":"http:\/\/para-agility.nl\/index.php?rest_route=\/wp\/v2\/pages\/62","targetHints":{"allow":["GET"]}}],"collection":[{"href":"http:\/\/para-agility.nl\/index.php?rest_route=\/wp\/v2\/pages"}],"about":[{"href":"http:\/\/para-agility.nl\/index.php?rest_route=\/wp\/v2\/types\/page"}],"author":[{"embeddable":true,"href":"http:\/\/para-agility.nl\/index.php?rest_route=\/wp\/v2\/users\/1"}],"replies":[{"embeddable":true,"href":"http:\/\/para-agility.nl\/index.php?rest_route=%2Fwp%2Fv2%2Fcomments&post=62"}],"version-history":[{"count":20,"href":"http:\/\/para-agility.nl\/index.php?rest_route=\/wp\/v2\/pages\/62\/revisions"}],"predecessor-version":[{"id":1587,"href":"http:\/\/para-agility.nl\/index.php?rest_route=\/wp\/v2\/pages\/62\/revisions\/1587"}],"wp:attachment":[{"href":"http:\/\/para-agility.nl\/index.php?rest_route=%2Fwp%2Fv2%2Fmedia&parent=62"}],"curies":[{"name":"wp","href":"https:\/\/api.w.org\/{rel}","templated":true}]}}