{"id":852,"date":"2022-01-19T19:20:32","date_gmt":"2022-01-19T19:20:32","guid":{"rendered":"http:\/\/wordpress.para-agility.nl\/?page_id=852"},"modified":"2024-02-25T15:22:11","modified_gmt":"2024-02-25T15:22:11","slug":"hungary","status":"publish","type":"page","link":"http:\/\/para-agility.nl\/?page_id=852","title":{"rendered":"HUNGARY"},"content":{"rendered":"\n<p>Competitors ParAgility World Championship<\/p>\n\n\n\n<figure class=\"wp-block-image\"><img decoding=\"async\" src=\"https:\/\/m.media-amazon.com\/images\/I\/21G00QIfczL._AC_.jpg\" alt=\"NEW 3X5 Hungary National Flag 3 x 5 Hungarian Banner : Amazon.ca: Patio,  Lawn &amp; Garden\"\/><\/figure>\n\n\n\n<figure class=\"wp-block-image size-full\"><img loading=\"lazy\" decoding=\"async\" width=\"431\" height=\"356\" src=\"http:\/\/para-agility.nl\/wp-content\/uploads\/2022\/01\/image-85.png\" alt=\"\" class=\"wp-image-853\" srcset=\"http:\/\/para-agility.nl\/wp-content\/uploads\/2022\/01\/image-85.png 431w, http:\/\/para-agility.nl\/wp-content\/uploads\/2022\/01\/image-85-300x248.png 300w\" sizes=\"auto, (max-width: 431px) 100vw, 431px\" \/><figcaption class=\"wp-element-caption\"><strong><em>Agnes Magyary &amp; Durmi<\/em><\/strong> (tervueren shepherd) participated: 2002,2003, 2004, 2005<\/figcaption><\/figure>\n\n\n\n<figure class=\"wp-block-image size-full\"><img loading=\"lazy\" decoding=\"async\" width=\"513\" height=\"341\" src=\"http:\/\/para-agility.nl\/wp-content\/uploads\/2022\/01\/image-86.png\" alt=\"\" class=\"wp-image-854\" srcset=\"http:\/\/para-agility.nl\/wp-content\/uploads\/2022\/01\/image-86.png 513w, http:\/\/para-agility.nl\/wp-content\/uploads\/2022\/01\/image-86-300x199.png 300w\" sizes=\"auto, (max-width: 513px) 100vw, 513px\" \/><figcaption class=\"wp-element-caption\"><strong><em>Rich\u00e1rd M\u00e1nyik &amp; Filip<\/em><\/strong> ( tervueren shepherd) participated: 2002, 2003, 2004, 2005, 2006,2007<br><strong><em>&amp; Oszk\u00e1r<\/em><\/strong> (mixbreed) participated: 2008.2009,2010,2011<br><strong><em>&amp; Cooper<\/em><\/strong> (border colli) participated: 2013,2014<br><strong><em>&amp; Merlin<\/em><\/strong> (malinois) participated: 2013<br><strong><em>&amp; Joya<\/em><\/strong> participated: 2016<\/figcaption><\/figure>\n\n\n\n<figure class=\"wp-block-image size-full\"><img loading=\"lazy\" decoding=\"async\" width=\"488\" height=\"324\" src=\"http:\/\/para-agility.nl\/wp-content\/uploads\/2022\/01\/image-87.png\" alt=\"\" class=\"wp-image-855\" srcset=\"http:\/\/para-agility.nl\/wp-content\/uploads\/2022\/01\/image-87.png 488w, http:\/\/para-agility.nl\/wp-content\/uploads\/2022\/01\/image-87-300x199.png 300w\" sizes=\"auto, (max-width: 488px) 100vw, 488px\" \/><figcaption class=\"wp-element-caption\"><strong><em>Zsolt Maczucza &amp; T\u00e0d\u00e8<\/em><\/strong> (golden retriever) participated: 2005, 2006,2007,2008,2009<\/figcaption><\/figure>\n\n\n\n<figure class=\"wp-block-image size-full\"><img loading=\"lazy\" decoding=\"async\" width=\"254\" height=\"378\" src=\"http:\/\/para-agility.nl\/wp-content\/uploads\/2022\/01\/image-88.png\" alt=\"\" class=\"wp-image-857\" srcset=\"http:\/\/para-agility.nl\/wp-content\/uploads\/2022\/01\/image-88.png 254w, http:\/\/para-agility.nl\/wp-content\/uploads\/2022\/01\/image-88-202x300.png 202w\" sizes=\"auto, (max-width: 254px) 100vw, 254px\" \/><figcaption class=\"wp-element-caption\"><strong><em>Patricia Ale &amp; Gini<\/em><\/strong> ( tervueren shepherd) participated: 2008,2009<br><strong><em>&amp; D\u00f3<\/em><\/strong> (labrador retriever) participated: 2011,2013,2014,2016<br><strong><em>&amp; Doki<\/em><\/strong> participated: 2017<\/figcaption><\/figure>\n\n\n\n<figure class=\"wp-block-image size-full\"><img loading=\"lazy\" decoding=\"async\" width=\"295\" height=\"380\" src=\"http:\/\/para-agility.nl\/wp-content\/uploads\/2022\/01\/image-89.png\" alt=\"\" class=\"wp-image-859\" srcset=\"http:\/\/para-agility.nl\/wp-content\/uploads\/2022\/01\/image-89.png 295w, http:\/\/para-agility.nl\/wp-content\/uploads\/2022\/01\/image-89-233x300.png 233w\" sizes=\"auto, (max-width: 295px) 100vw, 295px\" \/><figcaption class=\"wp-element-caption\"><strong><em>Anna Csenki &amp; Ropi<\/em><\/strong> (mixbreed) participated: 2008,2009,2010, 2011,2012,2013<br><strong><em>&amp; Bodza<\/em><\/strong> participated: 2016<\/figcaption><\/figure>\n\n\n\n<figure class=\"wp-block-image size-full\"><img loading=\"lazy\" decoding=\"async\" width=\"320\" height=\"380\" src=\"http:\/\/para-agility.nl\/wp-content\/uploads\/2022\/01\/image-90.png\" alt=\"\" class=\"wp-image-860\" srcset=\"http:\/\/para-agility.nl\/wp-content\/uploads\/2022\/01\/image-90.png 320w, http:\/\/para-agility.nl\/wp-content\/uploads\/2022\/01\/image-90-253x300.png 253w\" sizes=\"auto, (max-width: 320px) 100vw, 320px\" \/><figcaption class=\"wp-element-caption\"><strong><em>Ang\u00e9la Koh\u00e1n &amp; K\u00f3cos <\/em><\/strong>(poodle) participated: 2010,2013<\/figcaption><\/figure>\n\n\n\n<figure class=\"wp-block-image size-full\"><img loading=\"lazy\" decoding=\"async\" width=\"293\" height=\"383\" src=\"http:\/\/para-agility.nl\/wp-content\/uploads\/2022\/01\/image-91.png\" alt=\"\" class=\"wp-image-861\" srcset=\"http:\/\/para-agility.nl\/wp-content\/uploads\/2022\/01\/image-91.png 293w, http:\/\/para-agility.nl\/wp-content\/uploads\/2022\/01\/image-91-230x300.png 230w\" sizes=\"auto, (max-width: 293px) 100vw, 293px\" \/><figcaption class=\"wp-element-caption\"><strong><em>Armos Janos &amp; Mogyoro<\/em><\/strong> (border collie) participated: 2013<\/figcaption><\/figure>\n\n\n\n<p><strong><em>Viktoria Gulyas &amp; Maya<\/em><\/strong> participated: 2015,2016,2017<br>                                  <strong><em>&amp; Akira<\/em><\/strong> participated: 2017<\/p>\n\n\n\n<p><strong><em>Simon Csaba &amp; Pepe<\/em><\/strong> participated: 2023<br><strong><em>&amp; Pajti<\/em><\/strong> participated: 2023<\/p>\n\n\n\n<ul class=\"wp-block-list\">\n<li><strong><a href=\"http:\/\/para-agility.nl\/?page_id=738\">Back to Page Competitors PAWC<\/a><\/strong><\/li>\n<\/ul>\n","protected":false},"excerpt":{"rendered":"<p>Competitors ParAgility World Championship Viktoria Gulyas &amp; Maya participated: 2015,2016,2017 &amp; Akira participated: 2017 Simon Csaba &amp; Pepe participated: 2023&amp; Pajti participated: 2023<\/p>\n","protected":false},"author":1,"featured_media":0,"parent":0,"menu_order":0,"comment_status":"closed","ping_status":"closed","template":"","meta":{"footnotes":""},"class_list":["post-852","page","type-page","status-publish","hentry"],"_links":{"self":[{"href":"http:\/\/para-agility.nl\/index.php?rest_route=\/wp\/v2\/pages\/852","targetHints":{"allow":["GET"]}}],"collection":[{"href":"http:\/\/para-agility.nl\/index.php?rest_route=\/wp\/v2\/pages"}],"about":[{"href":"http:\/\/para-agility.nl\/index.php?rest_route=\/wp\/v2\/types\/page"}],"author":[{"embeddable":true,"href":"http:\/\/para-agility.nl\/index.php?rest_route=\/wp\/v2\/users\/1"}],"replies":[{"embeddable":true,"href":"http:\/\/para-agility.nl\/index.php?rest_route=%2Fwp%2Fv2%2Fcomments&post=852"}],"version-history":[{"count":5,"href":"http:\/\/para-agility.nl\/index.php?rest_route=\/wp\/v2\/pages\/852\/revisions"}],"predecessor-version":[{"id":2114,"href":"http:\/\/para-agility.nl\/index.php?rest_route=\/wp\/v2\/pages\/852\/revisions\/2114"}],"wp:attachment":[{"href":"http:\/\/para-agility.nl\/index.php?rest_route=%2Fwp%2Fv2%2Fmedia&parent=852"}],"curies":[{"name":"wp","href":"https:\/\/api.w.org\/{rel}","templated":true}]}}