{"id":999,"date":"2022-01-16T12:55:59","date_gmt":"2022-01-16T12:55:59","guid":{"rendered":"http:\/\/wordpress.para-agility.nl\/?page_id=999"},"modified":"2022-01-16T13:32:28","modified_gmt":"2022-01-16T13:32:28","slug":"cindy-ned","status":"publish","type":"page","link":"http:\/\/para-agility.nl\/?page_id=999","title":{"rendered":"CINDY (ned)"},"content":{"rendered":"\n<figure class=\"wp-block-image size-full\"><img loading=\"lazy\" decoding=\"async\" width=\"270\" height=\"249\" src=\"http:\/\/para-agility.nl\/wp-content\/uploads\/2022\/01\/image-177.png\" alt=\"\" class=\"wp-image-1011\"\/><figcaption><strong><em>(15-10-1991 \/ 13-07-2004)<\/em><\/strong><\/figcaption><\/figure>\n\n\n\n<figure class=\"wp-block-image size-full\"><img loading=\"lazy\" decoding=\"async\" width=\"546\" height=\"765\" src=\"http:\/\/para-agility.nl\/wp-content\/uploads\/2022\/01\/image-178.png\" alt=\"\" class=\"wp-image-1013\" srcset=\"http:\/\/para-agility.nl\/wp-content\/uploads\/2022\/01\/image-178.png 546w, http:\/\/para-agility.nl\/wp-content\/uploads\/2022\/01\/image-178-214x300.png 214w\" sizes=\"auto, (max-width: 546px) 100vw, 546px\" \/><\/figure>\n\n\n\n<p>Zwarte Labrador Retriever teef geboren op 15-10-1991.<br>Zij kwam eind december 1991 bij ons op de leeftijd van 8 weken oud.<br><\/p>\n\n\n\n<figure class=\"wp-block-image size-full\"><img loading=\"lazy\" decoding=\"async\" width=\"620\" height=\"494\" src=\"http:\/\/para-agility.nl\/wp-content\/uploads\/2022\/01\/image-170.png\" alt=\"\" class=\"wp-image-1001\" srcset=\"http:\/\/para-agility.nl\/wp-content\/uploads\/2022\/01\/image-170.png 620w, http:\/\/para-agility.nl\/wp-content\/uploads\/2022\/01\/image-170-300x239.png 300w\" sizes=\"auto, (max-width: 620px) 100vw, 620px\" \/><figcaption><em><strong>van al dat trainen wordt je best moe \ud83d\ude09<\/strong><\/em><\/figcaption><\/figure>\n\n\n\n<figure class=\"wp-block-image size-full\"><img loading=\"lazy\" decoding=\"async\" width=\"843\" height=\"455\" src=\"http:\/\/para-agility.nl\/wp-content\/uploads\/2022\/01\/image-311.png\" alt=\"\" class=\"wp-image-1250\" srcset=\"http:\/\/para-agility.nl\/wp-content\/uploads\/2022\/01\/image-311.png 843w, http:\/\/para-agility.nl\/wp-content\/uploads\/2022\/01\/image-311-300x162.png 300w, http:\/\/para-agility.nl\/wp-content\/uploads\/2022\/01\/image-311-768x415.png 768w\" sizes=\"auto, (max-width: 767px) 89vw, (max-width: 1000px) 54vw, (max-width: 1071px) 543px, 580px\" \/><figcaption><strong><em>Cindy op de wedstrijd waar zij haar eerste en laatste &#8220;uitmuntend&#8221;haalde<br>(KC Zoys 06-09-1998)<\/em><\/strong><\/figcaption><\/figure>\n\n\n\n<p>Ik ben met haar gestart in de behendigheidsport op 5 jarige leeftijd en zij heeft in 1998 1x \u2019n &#8220;uutje&#8221; (uitmuntend) gehaald. Later zijn wij overgestapt naar de veteranenklasse. Daar heeft zij nog tot eind 1999 in gelopen, toen gestopt i.v.m. arthrose.<\/p>\n\n\n\n<figure class=\"wp-block-image\"><img decoding=\"async\" src=\"http:\/\/para-agility.nl\/wp-content\/uploads\/2022\/01\/image-310.png\" alt=\"Deze afbeelding heeft een leeg alt-attribuut; de bestandsnaam is image-310.png\"\/><\/figure>\n\n\n\n<p>Tevens heeft zij het Cynophilia G &amp; G 1 diploma gehaald op 10-05-1997 en waren we klaar voor het G &amp; G 2 , welk examen niet doorging i.v.m. tijdelijke stop door MKZ- crisis. <br>Hierna de hondensport met haar gestopt, ze was aan haar pensioen toe!<br>Een geweldige werkhond die altijd bij mij in de buurt te vinden was!<br>Zij is op 13 juli 2004 overleden aan een bottumor met uitzaaiingen. Het was een kanjer en zij zal altijd een speciaal plaatsje in ons hart behouden!<br>Zij heeft tot op &#8217;t laatste moment als hulphond gewerkt!<\/p>\n\n\n\n<figure class=\"wp-block-image size-full\"><img loading=\"lazy\" decoding=\"async\" width=\"691\" height=\"439\" src=\"http:\/\/para-agility.nl\/wp-content\/uploads\/2022\/01\/image-171.png\" alt=\"\" class=\"wp-image-1002\" srcset=\"http:\/\/para-agility.nl\/wp-content\/uploads\/2022\/01\/image-171.png 691w, http:\/\/para-agility.nl\/wp-content\/uploads\/2022\/01\/image-171-300x191.png 300w\" sizes=\"auto, (max-width: 691px) 100vw, 691px\" \/><figcaption><strong><em>Cindy werkzaam als hulphond in de winkel<br>pakje vleeswaren aangeven!<\/em><\/strong><\/figcaption><\/figure>\n\n\n\n<figure class=\"wp-block-image size-full\"><img loading=\"lazy\" decoding=\"async\" width=\"900\" height=\"761\" src=\"http:\/\/para-agility.nl\/wp-content\/uploads\/2022\/01\/image-175.png\" alt=\"\" class=\"wp-image-1006\" srcset=\"http:\/\/para-agility.nl\/wp-content\/uploads\/2022\/01\/image-175.png 900w, http:\/\/para-agility.nl\/wp-content\/uploads\/2022\/01\/image-175-300x254.png 300w, http:\/\/para-agility.nl\/wp-content\/uploads\/2022\/01\/image-175-768x649.png 768w\" sizes=\"auto, (max-width: 767px) 89vw, (max-width: 1000px) 54vw, (max-width: 1071px) 543px, 580px\" \/><figcaption><em><strong>Cindy en Quita<\/strong><\/em><\/figcaption><\/figure>\n\n\n\n<p>Als twee grote ogen je vragen<br>\u201cHelp me, want ik voel me niet zo fijn\u201d<br>Mag je dan,<br>Terwijl je zelf voelt dit is het einde<br>Ego\u00efstisch zijn?<br>Als je van de arts hoort:<br>Dit komt nooit meer goed<br>En zij krijgt steeds meer pijn<br>Mag je dan, omdat je haar niet wilt missen<br>Ego\u00efstisch zijn?<br>Als twee lieve bruine ogen zich sluiten gaan voorgoed<br>En je zonder haar naar huis toe moet<br>Met de riem in je handen en een hart vol pijn<br>Dan probeer je jezelf te overtuigen<br>Dit is het beste, ik mocht niet ego\u00efstisch zijn<br>Vele jaren was zij bij ons<br>Elke dag was een feest en al die fijne jaren..<br>Is zij zelf niet \u00e9\u00e9n keer<br>Ego\u00efstisch geweest!<\/p>\n\n\n\n<figure class=\"wp-block-image size-full\"><img loading=\"lazy\" decoding=\"async\" width=\"561\" height=\"501\" src=\"http:\/\/para-agility.nl\/wp-content\/uploads\/2022\/01\/image-173.png\" alt=\"\" class=\"wp-image-1004\" srcset=\"http:\/\/para-agility.nl\/wp-content\/uploads\/2022\/01\/image-173.png 561w, http:\/\/para-agility.nl\/wp-content\/uploads\/2022\/01\/image-173-300x268.png 300w\" sizes=\"auto, (max-width: 561px) 100vw, 561px\" \/><figcaption><strong><em>Cindy haar laatste foto (juni 2004)<\/em><\/strong><\/figcaption><\/figure>\n\n\n\n<ul class=\"wp-block-list\"><li><strong><a href=\"http:\/\/para-agility.nl\/?page_id=656\">Terug naar Pagina Mijn Honden<\/a><\/strong><\/li><\/ul>\n","protected":false},"excerpt":{"rendered":"<p>Zwarte Labrador Retriever teef geboren op 15-10-1991.Zij kwam eind december 1991 bij ons op de leeftijd van 8 weken oud. Ik ben met haar gestart in de behendigheidsport op 5 jarige leeftijd en zij heeft in 1998 1x \u2019n &#8220;uutje&#8221; (uitmuntend) gehaald. Later zijn wij overgestapt naar de veteranenklasse. Daar heeft zij nog tot eind &hellip; <\/p>\n<p class=\"link-more\"><a href=\"http:\/\/para-agility.nl\/?page_id=999\" class=\"more-link\">Lees verder <span class=\"screen-reader-text\">&#8220;CINDY (ned)&#8221;<\/span><\/a><\/p>\n","protected":false},"author":1,"featured_media":0,"parent":0,"menu_order":0,"comment_status":"closed","ping_status":"closed","template":"","meta":{"footnotes":""},"class_list":["post-999","page","type-page","status-publish","hentry"],"_links":{"self":[{"href":"http:\/\/para-agility.nl\/index.php?rest_route=\/wp\/v2\/pages\/999","targetHints":{"allow":["GET"]}}],"collection":[{"href":"http:\/\/para-agility.nl\/index.php?rest_route=\/wp\/v2\/pages"}],"about":[{"href":"http:\/\/para-agility.nl\/index.php?rest_route=\/wp\/v2\/types\/page"}],"author":[{"embeddable":true,"href":"http:\/\/para-agility.nl\/index.php?rest_route=\/wp\/v2\/users\/1"}],"replies":[{"embeddable":true,"href":"http:\/\/para-agility.nl\/index.php?rest_route=%2Fwp%2Fv2%2Fcomments&post=999"}],"version-history":[{"count":10,"href":"http:\/\/para-agility.nl\/index.php?rest_route=\/wp\/v2\/pages\/999\/revisions"}],"predecessor-version":[{"id":1286,"href":"http:\/\/para-agility.nl\/index.php?rest_route=\/wp\/v2\/pages\/999\/revisions\/1286"}],"wp:attachment":[{"href":"http:\/\/para-agility.nl\/index.php?rest_route=%2Fwp%2Fv2%2Fmedia&parent=999"}],"curies":[{"name":"wp","href":"https:\/\/api.w.org\/{rel}","templated":true}]}}